{"id":8676,"date":"2023-12-17T19:55:22","date_gmt":"2023-12-17T19:55:22","guid":{"rendered":"https:\/\/wholesale.md\/?post_type=product&#038;p=8676"},"modified":"2024-07-08T11:35:23","modified_gmt":"2024-07-08T11:35:23","slug":"sampon-pentru-copii-krya-krya","status":"publish","type":"product","link":"https:\/\/wholesale.md\/ru\/product\/sampon-pentru-copii-krya-krya\/","title":{"rendered":"\u0218ampon pentru copii Krya-Krya"},"content":{"rendered":"<p>\u0218amponul pentru bebelu\u0219i are un parfum magic care va transforma procedurile regulate de ap\u0103 \u00eentr-o adev\u0103rat\u0103 fericire. Bebelu\u0219ul t\u0103u va adora o baie de sear\u0103 \u0219i va dori s\u0103 fac\u0103 baie c\u00e2t mai des posibil. Iar formula \u201ef\u0103r\u0103 lacrimi\u201d va oferi doar emo\u021bii pl\u0103cute \u00een timpul procedurilor de ap\u0103. \u0218amponul are propriet\u0103\u021bi excelente de cur\u0103\u021bare, elimin\u0103 toxinele, ucide germenii \u0219i elimin\u0103 orice impurit\u0103\u021bi din p\u0103r \u0219i scalp. Sistemul moale, hidratant, normalizeaz\u0103 echilibrul apei \u0219i gr\u0103similor, oferind p\u0103rului catifelare \u0219i str\u0103lucire excelente.<\/p>\n<p>Ai grij\u0103 de s\u0103n\u0103tatea \u0219i frumuse\u021bea p\u0103rului copilului t\u0103u cu ajutorul unui produs testat \u00een timp &#8211; \u0219amponul Krya-Krya.<\/p>\n<p><strong>Mod de utilizare :<\/strong> Aplica\u021bi o cantitate mic\u0103 de \u0219ampon pe p\u0103rul umed, masa\u021bi scalpul cu mi\u0219c\u0103ri u\u0219oare \u0219i cl\u0103ti\u021bi bine cu ap\u0103 cald\u0103.<\/p>","protected":false},"excerpt":{"rendered":"<p>\u0218amponul pentru bebelu\u0219i are un parfum magic care va transforma procedurile regulate de ap\u0103 \u00eentr-o adev\u0103rat\u0103 fericire. Bebelu\u0219ul t\u0103u va<\/p>","protected":false},"featured_media":8679,"template":"","meta":[],"product_brand":[],"product_cat":[72,1496],"product_tag":[],"class_list":{"0":"post-8676","1":"product","2":"type-product","3":"status-publish","4":"has-post-thumbnail","6":"product_cat-ingrijirea-parului","7":"product_cat-sampoane","9":"first","10":"instock","11":"shipping-taxable","12":"purchasable","13":"product-type-variable"},"jetpack_sharing_enabled":true,"_links":{"self":[{"href":"https:\/\/wholesale.md\/ru\/wp-json\/wp\/v2\/product\/8676","targetHints":{"allow":["GET"]}}],"collection":[{"href":"https:\/\/wholesale.md\/ru\/wp-json\/wp\/v2\/product"}],"about":[{"href":"https:\/\/wholesale.md\/ru\/wp-json\/wp\/v2\/types\/product"}],"version-history":[{"count":0,"href":"https:\/\/wholesale.md\/ru\/wp-json\/wp\/v2\/product\/8676\/revisions"}],"wp:featuredmedia":[{"embeddable":true,"href":"https:\/\/wholesale.md\/ru\/wp-json\/wp\/v2\/media\/8679"}],"wp:attachment":[{"href":"https:\/\/wholesale.md\/ru\/wp-json\/wp\/v2\/media?parent=8676"}],"wp:term":[{"taxonomy":"product_brand","embeddable":true,"href":"https:\/\/wholesale.md\/ru\/wp-json\/wp\/v2\/product_brand?post=8676"},{"taxonomy":"product_cat","embeddable":true,"href":"https:\/\/wholesale.md\/ru\/wp-json\/wp\/v2\/product_cat?post=8676"},{"taxonomy":"product_tag","embeddable":true,"href":"https:\/\/wholesale.md\/ru\/wp-json\/wp\/v2\/product_tag?post=8676"}],"curies":[{"name":"wp","href":"https:\/\/api.w.org\/{rel}","templated":true}]}}