{"id":8612,"date":"2023-12-16T11:51:58","date_gmt":"2023-12-16T11:51:58","guid":{"rendered":"https:\/\/wholesale.md\/?post_type=product&#038;p=8612"},"modified":"2024-07-08T09:35:48","modified_gmt":"2024-07-08T09:35:48","slug":"vopsea-pentru-par-palette","status":"publish","type":"product","link":"https:\/\/wholesale.md\/ru\/product\/vopsea-pentru-par-palette\/","title":{"rendered":"Vopsea pentru p\u0103r Palette"},"content":{"rendered":"<p>Vopseaua de p\u0103r &#8211; Palette asigur\u0103 o pigmentare excelent\u0103 a p\u0103rului, f\u0103r\u0103 a deteriora structura acestuia. Formula special\u0103 a produsului include ingrediente atent selectate, care au grij\u0103 de firul de p\u0103r \u00een timpul procesului de colorare. Complexul de keratin\u0103 contribuie la regenerarea rapid\u0103 a structurii, iar balsamul ajut\u0103 la fixarea culorii \u0219i asigur\u0103 un p\u0103r neted, m\u0103t\u0103sos \u0219i docil, \u00eempiedic\u00e2nd \u00eencurcarea \u0219i facilit\u00e2nd piept\u0103narea. Palette ofer\u0103 p\u0103rului o nuan\u021b\u0103 bogat\u0103, care se p\u0103streaz\u0103 o perioad\u0103 \u00eendelungat\u0103 de timp.<\/p>","protected":false},"excerpt":{"rendered":"<p>Vopseaua de p\u0103r &#8211; Palette asigur\u0103 o pigmentare excelent\u0103 a p\u0103rului, f\u0103r\u0103 a deteriora structura acestuia. Formula special\u0103 a produsului<\/p>","protected":false},"featured_media":8614,"template":"","meta":[],"product_brand":[],"product_cat":[72,1505],"product_tag":[],"class_list":{"0":"post-8612","1":"product","2":"type-product","3":"status-publish","4":"has-post-thumbnail","6":"product_cat-ingrijirea-parului","7":"product_cat-vopsirea-parului","9":"first","10":"instock","11":"shipping-taxable","12":"purchasable","13":"product-type-variable"},"jetpack_sharing_enabled":true,"_links":{"self":[{"href":"https:\/\/wholesale.md\/ru\/wp-json\/wp\/v2\/product\/8612","targetHints":{"allow":["GET"]}}],"collection":[{"href":"https:\/\/wholesale.md\/ru\/wp-json\/wp\/v2\/product"}],"about":[{"href":"https:\/\/wholesale.md\/ru\/wp-json\/wp\/v2\/types\/product"}],"version-history":[{"count":0,"href":"https:\/\/wholesale.md\/ru\/wp-json\/wp\/v2\/product\/8612\/revisions"}],"wp:featuredmedia":[{"embeddable":true,"href":"https:\/\/wholesale.md\/ru\/wp-json\/wp\/v2\/media\/8614"}],"wp:attachment":[{"href":"https:\/\/wholesale.md\/ru\/wp-json\/wp\/v2\/media?parent=8612"}],"wp:term":[{"taxonomy":"product_brand","embeddable":true,"href":"https:\/\/wholesale.md\/ru\/wp-json\/wp\/v2\/product_brand?post=8612"},{"taxonomy":"product_cat","embeddable":true,"href":"https:\/\/wholesale.md\/ru\/wp-json\/wp\/v2\/product_cat?post=8612"},{"taxonomy":"product_tag","embeddable":true,"href":"https:\/\/wholesale.md\/ru\/wp-json\/wp\/v2\/product_tag?post=8612"}],"curies":[{"name":"wp","href":"https:\/\/api.w.org\/{rel}","templated":true}]}}