{"id":8606,"date":"2023-12-16T11:36:32","date_gmt":"2023-12-16T11:36:32","guid":{"rendered":"https:\/\/wholesale.md\/?post_type=product&#038;p=8606"},"modified":"2024-07-08T08:21:20","modified_gmt":"2024-07-08T08:21:20","slug":"sampon-anti-yellow-silver-effect-blond-time-4","status":"publish","type":"product","link":"https:\/\/wholesale.md\/ru\/product\/sampon-anti-yellow-silver-effect-blond-time-4\/","title":{"rendered":"\u0218ampon Anti-Yellow Silver Effect Blond Time 4"},"content":{"rendered":"<p><b>\u0218ampon Anti-Yellow Silver Effect Blond Time 4<\/b><\/p>\n<p><span style=\"font-weight: 400;\">Tehnologia Silver &#8211; ofer\u0103 p\u0103rului o nuan\u021b\u0103 argintie excep\u021bional\u0103 \u0219i str\u0103lucire.<\/span><\/p>\n<p><span style=\"font-weight: 400;\">Cu acest \u0219ampon po\u021bi u\u0219or s\u0103 :<\/span><\/p>\n<ul>\n<li><span style=\"font-weight: 400;\"> corectezi nuan\u021ba galben\u0103 nedorit\u0103 pe p\u0103rul decolorat, blond natural sau blond vopsit ;<\/span><\/li>\n<li><span style=\"font-weight: 400;\"> oferi o nuan\u021b\u0103 argintie p\u0103rului gri ;\u00a0<\/span><\/li>\n<li><span style=\"font-weight: 400;\"> sp\u0103la\u021bi \u0219i s\u0103 condi\u021biona\u021bi p\u0103rul.<\/span><\/li>\n<\/ul>","protected":false},"excerpt":{"rendered":"<p>\u0218ampon Anti-Yellow Silver Effect Blond Time 4 Tehnologia Silver &#8211; ofer\u0103 p\u0103rului o nuan\u021b\u0103 argintie excep\u021bional\u0103 \u0219i str\u0103lucire. Cu acest<\/p>","protected":false},"featured_media":8599,"template":"","meta":[],"product_brand":[],"product_cat":[72,1496],"product_tag":[],"class_list":{"0":"post-8606","1":"product","2":"type-product","3":"status-publish","4":"has-post-thumbnail","6":"product_cat-ingrijirea-parului","7":"product_cat-sampoane","9":"first","10":"instock","11":"shipping-taxable","12":"purchasable","13":"product-type-simple"},"jetpack_sharing_enabled":true,"_links":{"self":[{"href":"https:\/\/wholesale.md\/ru\/wp-json\/wp\/v2\/product\/8606","targetHints":{"allow":["GET"]}}],"collection":[{"href":"https:\/\/wholesale.md\/ru\/wp-json\/wp\/v2\/product"}],"about":[{"href":"https:\/\/wholesale.md\/ru\/wp-json\/wp\/v2\/types\/product"}],"version-history":[{"count":0,"href":"https:\/\/wholesale.md\/ru\/wp-json\/wp\/v2\/product\/8606\/revisions"}],"wp:featuredmedia":[{"embeddable":true,"href":"https:\/\/wholesale.md\/ru\/wp-json\/wp\/v2\/media\/8599"}],"wp:attachment":[{"href":"https:\/\/wholesale.md\/ru\/wp-json\/wp\/v2\/media?parent=8606"}],"wp:term":[{"taxonomy":"product_brand","embeddable":true,"href":"https:\/\/wholesale.md\/ru\/wp-json\/wp\/v2\/product_brand?post=8606"},{"taxonomy":"product_cat","embeddable":true,"href":"https:\/\/wholesale.md\/ru\/wp-json\/wp\/v2\/product_cat?post=8606"},{"taxonomy":"product_tag","embeddable":true,"href":"https:\/\/wholesale.md\/ru\/wp-json\/wp\/v2\/product_tag?post=8606"}],"curies":[{"name":"wp","href":"https:\/\/api.w.org\/{rel}","templated":true}]}}