{"id":8572,"date":"2023-12-16T10:44:31","date_gmt":"2023-12-16T10:44:31","guid":{"rendered":"https:\/\/wholesale.md\/?post_type=product&#038;p=8572"},"modified":"2024-06-03T10:19:28","modified_gmt":"2024-06-03T10:19:28","slug":"masca-de-par-leganza","status":"publish","type":"product","link":"https:\/\/wholesale.md\/ru\/product\/masca-de-par-leganza\/","title":{"rendered":"Masc\u0103 de p\u0103r LEGANZA"},"content":{"rendered":"<p><span style=\"font-weight: 400;\"><b>Masc\u0103 de p\u0103r Leganza &#8211; 1000ml<\/b><br \/>\nO masca unic\u0103 \u0219i benefic\u0103 cu un con\u021binut ridicat de componente active, cunoscute ca sursa de s\u0103n\u0103tate \u0219i frumuse\u021be. Masca p\u0103trunde rapid \u0219i ad\u00e2nc \u00een p\u0103r, f\u0103r\u0103 a-l \u00eengreuna \u0219i ajut\u0103 la restabilirea umidit\u0103\u021bii naturale. Formula hr\u0103nitoare \u00eembun\u0103t\u0103\u021be\u0219te starea p\u0103rului uscat \u0219i epuizat, \u00eei confer\u0103 vitalitate \u0219i str\u0103lucire \u0219i promoveaz\u0103 o coafare u\u0219oar\u0103 \u0219i rapid\u0103.<\/span><\/p>","protected":false},"excerpt":{"rendered":"<p>Masc\u0103 de p\u0103r Leganza &#8211; 1000ml O masca unic\u0103 \u0219i benefic\u0103 cu un con\u021binut ridicat de componente active, cunoscute ca<\/p>","protected":false},"featured_media":8593,"template":"","meta":[],"product_brand":[],"product_cat":[72,1500],"product_tag":[],"class_list":{"0":"post-8572","1":"product","2":"type-product","3":"status-publish","4":"has-post-thumbnail","6":"product_cat-ingrijirea-parului","7":"product_cat-masti-de-par","9":"first","10":"instock","11":"shipping-taxable","12":"purchasable","13":"product-type-variable"},"jetpack_sharing_enabled":true,"_links":{"self":[{"href":"https:\/\/wholesale.md\/ru\/wp-json\/wp\/v2\/product\/8572","targetHints":{"allow":["GET"]}}],"collection":[{"href":"https:\/\/wholesale.md\/ru\/wp-json\/wp\/v2\/product"}],"about":[{"href":"https:\/\/wholesale.md\/ru\/wp-json\/wp\/v2\/types\/product"}],"version-history":[{"count":0,"href":"https:\/\/wholesale.md\/ru\/wp-json\/wp\/v2\/product\/8572\/revisions"}],"wp:featuredmedia":[{"embeddable":true,"href":"https:\/\/wholesale.md\/ru\/wp-json\/wp\/v2\/media\/8593"}],"wp:attachment":[{"href":"https:\/\/wholesale.md\/ru\/wp-json\/wp\/v2\/media?parent=8572"}],"wp:term":[{"taxonomy":"product_brand","embeddable":true,"href":"https:\/\/wholesale.md\/ru\/wp-json\/wp\/v2\/product_brand?post=8572"},{"taxonomy":"product_cat","embeddable":true,"href":"https:\/\/wholesale.md\/ru\/wp-json\/wp\/v2\/product_cat?post=8572"},{"taxonomy":"product_tag","embeddable":true,"href":"https:\/\/wholesale.md\/ru\/wp-json\/wp\/v2\/product_tag?post=8572"}],"curies":[{"name":"wp","href":"https:\/\/api.w.org\/{rel}","templated":true}]}}