{"id":8561,"date":"2023-12-15T13:40:27","date_gmt":"2023-12-15T13:40:27","guid":{"rendered":"https:\/\/wholesale.md\/?post_type=product&#038;p=8561"},"modified":"2024-07-08T09:37:34","modified_gmt":"2024-07-08T09:37:34","slug":"vopsea-pentru-par-semi-permanenta-becolor","status":"publish","type":"product","link":"https:\/\/wholesale.md\/ru\/product\/vopsea-pentru-par-semi-permanenta-becolor\/","title":{"rendered":"Vopsea pentru p\u0103r semi-permanent\u0103 BeColor"},"content":{"rendered":"<p><b>VOPSEA PENTRU P\u0102R SEMI-PERMANENT\u0102 BeColor<\/b><\/p>\n<p><span style=\"font-weight: 400;\">Formul\u0103 nou\u0103 de vopsea semi-permanent\u0103 care nu con\u021bine amoniac \u0219i nici oxidant. Te po\u021bi vopsi chiar \u0219i de dou\u0103 ori pe lun\u0103, pentru c\u0103 produsul nu deterioreaz\u0103 structura p\u0103rului ci o reface. Coloreaz\u0103 delicat \u0219i hr\u0103ne\u0219te p\u0103rul printr-o combina\u021bie de uleiuri naturale 100%, vitamina F \u0219i extract de urzic\u0103. Ai p\u0103rul fragil \u0219i lipsit de str\u0103lucire? Uleiurile de Macadamia \u0219i M\u0103sline din compozi\u021bie refac str\u0103lucirea \u0219i vigoarea p\u0103rului care devine vibrant \u0219i u\u0219or de piept\u0103nat. Cau\u021bi solu\u021bia cea mai comod\u0103 pentru poten\u021barea culorii p\u0103rului t\u0103u?<\/span><\/p>\n<p><b>CUTIA CON\u021aINE :<\/b><\/p>\n<p><span style=\"font-weight: 400;\">Un tub cu vopsea semipermanent\u0103 100ml\u00a0<\/span><\/p>\n<p><span style=\"font-weight: 400;\">O pereche de m\u0103nu\u0219i\u00a0<\/span><\/p>\n<p><span style=\"font-weight: 400;\">Instruc\u021biuni de utilizare<\/span><\/p>","protected":false},"excerpt":{"rendered":"<p>VOPSEA PENTRU P\u0102R SEMI-PERMANENT\u0102 BeColor Formul\u0103 nou\u0103 de vopsea semi-permanent\u0103 care nu con\u021bine amoniac \u0219i nici oxidant. Te po\u021bi vopsi<\/p>","protected":false},"featured_media":8563,"template":"","meta":[],"product_brand":[],"product_cat":[72,1505],"product_tag":[],"class_list":{"0":"post-8561","1":"product","2":"type-product","3":"status-publish","4":"has-post-thumbnail","6":"product_cat-ingrijirea-parului","7":"product_cat-vopsirea-parului","9":"first","10":"instock","11":"shipping-taxable","12":"purchasable","13":"product-type-variable"},"jetpack_sharing_enabled":true,"_links":{"self":[{"href":"https:\/\/wholesale.md\/ru\/wp-json\/wp\/v2\/product\/8561","targetHints":{"allow":["GET"]}}],"collection":[{"href":"https:\/\/wholesale.md\/ru\/wp-json\/wp\/v2\/product"}],"about":[{"href":"https:\/\/wholesale.md\/ru\/wp-json\/wp\/v2\/types\/product"}],"version-history":[{"count":0,"href":"https:\/\/wholesale.md\/ru\/wp-json\/wp\/v2\/product\/8561\/revisions"}],"wp:featuredmedia":[{"embeddable":true,"href":"https:\/\/wholesale.md\/ru\/wp-json\/wp\/v2\/media\/8563"}],"wp:attachment":[{"href":"https:\/\/wholesale.md\/ru\/wp-json\/wp\/v2\/media?parent=8561"}],"wp:term":[{"taxonomy":"product_brand","embeddable":true,"href":"https:\/\/wholesale.md\/ru\/wp-json\/wp\/v2\/product_brand?post=8561"},{"taxonomy":"product_cat","embeddable":true,"href":"https:\/\/wholesale.md\/ru\/wp-json\/wp\/v2\/product_cat?post=8561"},{"taxonomy":"product_tag","embeddable":true,"href":"https:\/\/wholesale.md\/ru\/wp-json\/wp\/v2\/product_tag?post=8561"}],"curies":[{"name":"wp","href":"https:\/\/api.w.org\/{rel}","templated":true}]}}