{"id":20108,"date":"2023-05-08T00:00:00","date_gmt":"2023-05-08T00:00:00","guid":{"rendered":"https:\/\/wholesale.md\/index.php\/produs\/eyebrow-eyelash-permanent-dye-light-brow\/"},"modified":"2024-06-19T15:46:04","modified_gmt":"2024-06-19T15:46:04","slug":"eyebrow-eyelash-permanent-dye-light-brow","status":"publish","type":"product","link":"https:\/\/wholesale.md\/ru\/product\/eyebrow-eyelash-permanent-dye-light-brow\/","title":{"rendered":"Eyebrow &amp; eyelash permanent dye &#8211; Light Brow"},"content":{"rendered":"<p><strong>Vopsea pentru sprancene si gene fara amoniac &#8211; Light Brow<\/strong><\/p>\n<p>Vopseaua pentru sprancene si gene Spa Master este un produs profesional cu ajutorul caruia poti oferi sprancenelor si genelor tale culoarea cea mai intensa, profunda si uniforma.<\/p>\n<p>Culoarea produsului este de lung\u0103 durat\u0103 \u0219i bogat\u0103.<br \/>\nAspectul t\u0103u va deveni unic, iar tr\u0103s\u0103turile fe\u021bei tale vor deveni \u0219i mai str\u0103lucitoare \u0219i mai expresive!<\/p>","protected":false},"excerpt":{"rendered":"<p>\u041a\u0440\u0430\u0441\u043a\u0430 \u0434\u043b\u044f \u0431\u0440\u043e\u0432\u0435\u0439 \u0438 \u0440\u0435\u0441\u043d\u0438\u0446 \u0431\u0435\u0437 \u0430\u043c\u043c\u0438\u0430\u043a\u0430 &#8211; 5 Light Brow<\/p>","protected":false},"featured_media":20101,"template":"","meta":[],"product_brand":[],"product_cat":[72,1505],"product_tag":[],"class_list":{"0":"post-20108","1":"product","2":"type-product","3":"status-publish","4":"has-post-thumbnail","6":"product_cat-ingrijirea-parului","7":"product_cat-vopsirea-parului","9":"first","10":"instock","11":"purchasable","12":"product-type-simple"},"jetpack_sharing_enabled":true,"_links":{"self":[{"href":"https:\/\/wholesale.md\/ru\/wp-json\/wp\/v2\/product\/20108","targetHints":{"allow":["GET"]}}],"collection":[{"href":"https:\/\/wholesale.md\/ru\/wp-json\/wp\/v2\/product"}],"about":[{"href":"https:\/\/wholesale.md\/ru\/wp-json\/wp\/v2\/types\/product"}],"version-history":[{"count":0,"href":"https:\/\/wholesale.md\/ru\/wp-json\/wp\/v2\/product\/20108\/revisions"}],"wp:featuredmedia":[{"embeddable":true,"href":"https:\/\/wholesale.md\/ru\/wp-json\/wp\/v2\/media\/20101"}],"wp:attachment":[{"href":"https:\/\/wholesale.md\/ru\/wp-json\/wp\/v2\/media?parent=20108"}],"wp:term":[{"taxonomy":"product_brand","embeddable":true,"href":"https:\/\/wholesale.md\/ru\/wp-json\/wp\/v2\/product_brand?post=20108"},{"taxonomy":"product_cat","embeddable":true,"href":"https:\/\/wholesale.md\/ru\/wp-json\/wp\/v2\/product_cat?post=20108"},{"taxonomy":"product_tag","embeddable":true,"href":"https:\/\/wholesale.md\/ru\/wp-json\/wp\/v2\/product_tag?post=20108"}],"curies":[{"name":"wp","href":"https:\/\/api.w.org\/{rel}","templated":true}]}}