{"id":20095,"date":"2023-05-08T00:00:00","date_gmt":"2023-05-08T00:00:00","guid":{"rendered":"https:\/\/wholesale.md\/index.php\/produs\/repigmenting-gray-hair-shampoo\/"},"modified":"2024-06-19T15:50:06","modified_gmt":"2024-06-19T15:50:06","slug":"repigmenting-gray-hair-shampoo","status":"publish","type":"product","link":"https:\/\/wholesale.md\/ru\/product\/repigmenting-gray-hair-shampoo\/","title":{"rendered":"Repigmenting gray hair shampoo"},"content":{"rendered":"<p><strong>\u0218ampon pentru repigmentarea p\u0103rului c\u0103runt<\/strong><\/p>\n<p><strong>Inteligent :<\/strong> adaug\u0103 treptat culoare p\u0103rului gri cu fiecare aplicare. Ofer\u0103 o nuan\u021b\u0103 deschis\u0103 de gri natural.<\/p>\n<p><strong>Hr\u0103nitor :<\/strong> cu ulei de baobab.<\/p>\n<p><strong>Delicat :<\/strong> nu con\u021bine agen\u021bi de oxidare \u0219i amoniac.<\/p>\n<p><b>Ingredients : <\/b><span style=\"font-weight: 400;\">AQUA, PROPYLENE GLYCOL, HYDROXYETHYLCELLULOSE, ETHANOLAMINE, CITRIC ACID, LAURYL, GLUCOSIDE, COCAMIDOPROPYL BETAINE, POLYQUATERNIUM-7, ADANSONIA DIGITATA SEED OIL, ACID VIOLET 43, BASIC BLUE 99, BASIC BROWN 16, HC BLUE 16, 3-NITRO-P-HYDROXYETHYLAMINOPHENOL, HC BLUE 12, BASIC YELLOW 87, 2-AMINO-6-CHLORO-4-NITROPHENOL, METHYLCHLOROISOTHIAZOLINONE, <\/span><span style=\"font-weight: 400;\">METHYLISOTHIAZOLINONE, PEG-40 HYDROGENATED CASTOR OIL PARFU<\/span><\/p>","protected":false},"excerpt":{"rendered":"<p>\u0218ampon pentru repigmentarea p\u0103rului c\u0103runt<br \/>\nn<br \/>\nn<\/p>","protected":false},"featured_media":20097,"template":"","meta":[],"product_brand":[],"product_cat":[72,543,1496],"product_tag":[],"class_list":{"0":"post-20095","1":"product","2":"type-product","3":"status-publish","4":"has-post-thumbnail","6":"product_cat-ingrijirea-parului","7":"product_cat-produse-pentru-barbati","8":"product_cat-sampoane","10":"first","11":"instock","12":"purchasable","13":"product-type-simple"},"jetpack_sharing_enabled":true,"_links":{"self":[{"href":"https:\/\/wholesale.md\/ru\/wp-json\/wp\/v2\/product\/20095","targetHints":{"allow":["GET"]}}],"collection":[{"href":"https:\/\/wholesale.md\/ru\/wp-json\/wp\/v2\/product"}],"about":[{"href":"https:\/\/wholesale.md\/ru\/wp-json\/wp\/v2\/types\/product"}],"version-history":[{"count":0,"href":"https:\/\/wholesale.md\/ru\/wp-json\/wp\/v2\/product\/20095\/revisions"}],"wp:featuredmedia":[{"embeddable":true,"href":"https:\/\/wholesale.md\/ru\/wp-json\/wp\/v2\/media\/20097"}],"wp:attachment":[{"href":"https:\/\/wholesale.md\/ru\/wp-json\/wp\/v2\/media?parent=20095"}],"wp:term":[{"taxonomy":"product_brand","embeddable":true,"href":"https:\/\/wholesale.md\/ru\/wp-json\/wp\/v2\/product_brand?post=20095"},{"taxonomy":"product_cat","embeddable":true,"href":"https:\/\/wholesale.md\/ru\/wp-json\/wp\/v2\/product_cat?post=20095"},{"taxonomy":"product_tag","embeddable":true,"href":"https:\/\/wholesale.md\/ru\/wp-json\/wp\/v2\/product_tag?post=20095"}],"curies":[{"name":"wp","href":"https:\/\/api.w.org\/{rel}","templated":true}]}}