{"id":20091,"date":"2023-05-08T00:00:00","date_gmt":"2023-05-08T00:00:00","guid":{"rendered":"https:\/\/wholesale.md\/index.php\/produs\/lotion-for-removing-semi-permanent-hair-colorants\/"},"modified":"2024-12-13T10:42:00","modified_gmt":"2024-12-13T10:42:00","slug":"lotion-for-removing-semi-permanent-hair-colorants","status":"publish","type":"product","link":"https:\/\/wholesale.md\/ru\/product\/lotion-for-removing-semi-permanent-hair-colorants\/","title":{"rendered":"Lotion for removing semi-permanent hair colorants"},"content":{"rendered":"<p><strong>Lo\u021biune pentru \u00eendep\u0103rtarea culorii<\/strong><br \/>\n\u00cendep\u0103rteaz\u0103 vopseaua de pe p\u0103r semi-permanent\u0103 f\u0103r\u0103 a deteriora p\u0103rul.<\/p>\n<p>Mod de utilizare :<\/p>\n<p>Pune-\u021bi m\u0103nu\u0219i de protec\u021bie \u0219i acoperi-\u021bi umerii cu o pelerin\u0103 sau un prosop de protec\u021bie. Aplica\u021bi o cantitate suficient\u0103 de produs pe p\u0103rul uscat, doar pe sec\u021biunile semipermanente colorate ale p\u0103rului, apoi piept\u0103na\u021bi cu o perie, astfel \u00eenc\u00e2t produsul s\u0103 fie distribuit uniform pe toat\u0103 lungimea.<\/p>\n<p>Acoperi\u021bi-v\u0103 p\u0103rul cu folie de aluminiu sau o casc\u0103 de du\u0219 \u0219i l\u0103sa\u021bi s\u0103 ac\u021bioneze timp de 30 de minute. Cl\u0103ti\u021bi bine cu \u0219ampon. Pentru \u00eengrijire suplimentar\u0103, folosi\u021bi o masc\u0103 de p\u0103r.<\/p>\n<p><strong>Unele culori pot necesita reaplicare sau gravare pentru a elimina complet culoarea.<\/strong><\/p>\n<p><b>Ingredients : <\/b><span style=\"font-weight: 400;\">AQUA, BENZYL ALCOHOL, ISOPROPYL ALCOHOL. ETHOXYDIGLYCOL, ALCOHOL DENAT., SODIUM LAURETH SULFATE, PARFUM, HEXYL, CINNAMALDEHYDE<\/span><\/p>\n<p>&nbsp;<\/p>","protected":false},"excerpt":{"rendered":"<p>Lo\u021biune pentru \u00eendep\u0103rtarea vopselei semi-permanente de pe p\u0103r<\/p>","protected":false},"featured_media":20093,"template":"","meta":[],"product_brand":[],"product_cat":[72,1505],"product_tag":[],"class_list":{"0":"post-20091","1":"product","2":"type-product","3":"status-publish","4":"has-post-thumbnail","6":"product_cat-ingrijirea-parului","7":"product_cat-vopsirea-parului","9":"first","10":"instock","11":"purchasable","12":"product-type-simple"},"jetpack_sharing_enabled":true,"_links":{"self":[{"href":"https:\/\/wholesale.md\/ru\/wp-json\/wp\/v2\/product\/20091","targetHints":{"allow":["GET"]}}],"collection":[{"href":"https:\/\/wholesale.md\/ru\/wp-json\/wp\/v2\/product"}],"about":[{"href":"https:\/\/wholesale.md\/ru\/wp-json\/wp\/v2\/types\/product"}],"version-history":[{"count":0,"href":"https:\/\/wholesale.md\/ru\/wp-json\/wp\/v2\/product\/20091\/revisions"}],"wp:featuredmedia":[{"embeddable":true,"href":"https:\/\/wholesale.md\/ru\/wp-json\/wp\/v2\/media\/20093"}],"wp:attachment":[{"href":"https:\/\/wholesale.md\/ru\/wp-json\/wp\/v2\/media?parent=20091"}],"wp:term":[{"taxonomy":"product_brand","embeddable":true,"href":"https:\/\/wholesale.md\/ru\/wp-json\/wp\/v2\/product_brand?post=20091"},{"taxonomy":"product_cat","embeddable":true,"href":"https:\/\/wholesale.md\/ru\/wp-json\/wp\/v2\/product_cat?post=20091"},{"taxonomy":"product_tag","embeddable":true,"href":"https:\/\/wholesale.md\/ru\/wp-json\/wp\/v2\/product_tag?post=20091"}],"curies":[{"name":"wp","href":"https:\/\/api.w.org\/{rel}","templated":true}]}}