{"id":20087,"date":"2023-05-06T00:00:00","date_gmt":"2023-05-06T00:00:00","guid":{"rendered":"https:\/\/wholesale.md\/index.php\/produs\/lightening-powder-2\/"},"modified":"2024-06-19T15:49:02","modified_gmt":"2024-06-19T15:49:02","slug":"lightening-powder-2","status":"publish","type":"product","link":"https:\/\/wholesale.md\/ru\/product\/lightening-powder-2\/","title":{"rendered":"LIGHTENING POWDER"},"content":{"rendered":"<p>Pudr\u0103 pentru iluminarea p\u0103rului 900g<\/p>\n<p>Formula moale \u0219i modern\u0103 face procedura mai bl\u00e2nd\u0103 \u0219i delicat\u0103 \u0219i ofer\u0103 p\u0103rului o str\u0103lucire minunat\u0103.<\/p>\n<p>Avantaje:<\/p>\n<ol>\n<li>Fara praf. Formula const\u0103 din particule mari care \u00eempiedic\u0103 formarea de praf nedorit \u00een timpul func\u021bion\u0103rii.<\/li>\n<li>Formula intensiva. Ilumineaz\u0103 p\u00e2n\u0103 la 8 niveluri, se amestec\u0103 u\u0219or, are o consisten\u021b\u0103 moale \u0219i elastic\u0103.<\/li>\n<li>Propriet\u0103\u021bi bune de condi\u021bionare.<\/li>\n<\/ol>\n<p>Tehnologie:<\/p>\n<p>Aplica\u021bi amestecul pe p\u0103r \u00een propor\u021bia recomandat\u0103: 2:1 (2 p\u0103r\u021bi crem\u0103 oxidant\u0103 (crem\u0103 activatoare) + 1 parte pudr\u0103). Timpul de expunere variaza in functie de gradul de iluminare dorit, de concentratia agentului oxidant si de starea parului. Nu dep\u0103\u0219i\u021bi timpul total de expunere de 45 de minute!!! Tratament final: dup\u0103 terminarea timpului de expunere, cl\u0103ti\u021bi p\u0103rul cu ap\u0103, apoi sp\u0103la\u021bi-v\u0103 bine cu \u0219ampon de cur\u0103\u021bare profund\u0103 SPA MASTER. Pentru un efect maxim, aplica\u021bi un balsam de stabilizare a culorii pentru p\u0103rul vopsit. Acest balsam va ajuta la consolidarea rezultatelor ob\u021binute.<\/p>\n<p>&nbsp;<\/p>","protected":false},"excerpt":{"rendered":"<p><span style=\"font-weight: 400;\">\u041f\u0443\u0434\u0440\u0430 \u0434\u043b\u044f \u043e\u0441\u0432\u0435\u0442\u043b\u0435\u043d\u0438\u044f \u0432\u043e\u043b\u043e\u0441 500\u0433\u0440\u00a0<\/span><\/p>","protected":false},"featured_media":20089,"template":"","meta":[],"product_brand":[],"product_cat":[72,1505],"product_tag":[],"class_list":{"0":"post-20087","1":"product","2":"type-product","3":"status-publish","4":"has-post-thumbnail","6":"product_cat-ingrijirea-parului","7":"product_cat-vopsirea-parului","9":"first","10":"instock","11":"purchasable","12":"product-type-simple"},"jetpack_sharing_enabled":true,"_links":{"self":[{"href":"https:\/\/wholesale.md\/ru\/wp-json\/wp\/v2\/product\/20087","targetHints":{"allow":["GET"]}}],"collection":[{"href":"https:\/\/wholesale.md\/ru\/wp-json\/wp\/v2\/product"}],"about":[{"href":"https:\/\/wholesale.md\/ru\/wp-json\/wp\/v2\/types\/product"}],"version-history":[{"count":0,"href":"https:\/\/wholesale.md\/ru\/wp-json\/wp\/v2\/product\/20087\/revisions"}],"wp:featuredmedia":[{"embeddable":true,"href":"https:\/\/wholesale.md\/ru\/wp-json\/wp\/v2\/media\/20089"}],"wp:attachment":[{"href":"https:\/\/wholesale.md\/ru\/wp-json\/wp\/v2\/media?parent=20087"}],"wp:term":[{"taxonomy":"product_brand","embeddable":true,"href":"https:\/\/wholesale.md\/ru\/wp-json\/wp\/v2\/product_brand?post=20087"},{"taxonomy":"product_cat","embeddable":true,"href":"https:\/\/wholesale.md\/ru\/wp-json\/wp\/v2\/product_cat?post=20087"},{"taxonomy":"product_tag","embeddable":true,"href":"https:\/\/wholesale.md\/ru\/wp-json\/wp\/v2\/product_tag?post=20087"}],"curies":[{"name":"wp","href":"https:\/\/api.w.org\/{rel}","templated":true}]}}