{"id":19933,"date":"2022-09-02T00:00:00","date_gmt":"2022-09-02T00:00:00","guid":{"rendered":"https:\/\/wholesale.md\/index.php\/produs\/conditioner-for-colored-hair\/"},"modified":"2024-07-08T11:38:21","modified_gmt":"2024-07-08T11:38:21","slug":"conditioner-for-colored-hair","status":"publish","type":"product","link":"https:\/\/wholesale.md\/ru\/product\/conditioner-for-colored-hair\/","title":{"rendered":"Conditioner for colored hair"},"content":{"rendered":"<p>Creeaz\u0103 o barier\u0103 protectoare care men\u021bine culoarea \u0219i componentele de \u00eengrijire \u00een interiorul p\u0103rului pentru mai mult timp. Protejeaz\u0103 p\u0103rul de factorii externi \u0219i razele UV. Ofer\u0103 netezime p\u0103rului, are un efect antistatic, creeaz\u0103 o<br \/>\nstr\u0103lucire s\u0103n\u0103toas\u0103 \u0219i ofer\u0103 u\u0219urin\u021b\u0103 la coafare.<\/p>\n<p><strong>Mod de aplicare:<\/strong><\/p>\n<p>1. Ca balsam pentru protec\u021bia culorii p\u0103rului vopsit sau natural.<br \/>\n2. Ca balsam pentru protec\u021bia p\u0103rului contra razelor solare, sare, clor \u0219i altele.<br \/>\n3. Ca balsam pentru un efect de durat\u0103 a procedurilor de \u00eengrijire \u0219i vopsire realizate \u00een salon.<\/p>\n<p>Se aplic\u0103 pe p\u0103rul umed sp\u0103lat cu \u0219ampon. Se repartizeaz\u0103 pe toat\u0103 lungimea p\u0103rului \u0219i se piept\u0103n\u0103 timp de 5 minute. Se spal\u0103 apoi cu ap\u0103 rece.<\/p>","protected":false},"excerpt":{"rendered":"<p>Balsam pentru protrec\u021bia p\u0103rului vopsit<\/p>","protected":false},"featured_media":19935,"template":"","meta":[],"product_brand":[],"product_cat":[1497,72],"product_tag":[],"class_list":{"0":"post-19933","1":"product","2":"type-product","3":"status-publish","4":"has-post-thumbnail","6":"product_cat-balsamuri-de-par","7":"product_cat-ingrijirea-parului","9":"first","10":"instock","11":"purchasable","12":"product-type-simple"},"jetpack_sharing_enabled":true,"_links":{"self":[{"href":"https:\/\/wholesale.md\/ru\/wp-json\/wp\/v2\/product\/19933","targetHints":{"allow":["GET"]}}],"collection":[{"href":"https:\/\/wholesale.md\/ru\/wp-json\/wp\/v2\/product"}],"about":[{"href":"https:\/\/wholesale.md\/ru\/wp-json\/wp\/v2\/types\/product"}],"version-history":[{"count":0,"href":"https:\/\/wholesale.md\/ru\/wp-json\/wp\/v2\/product\/19933\/revisions"}],"wp:featuredmedia":[{"embeddable":true,"href":"https:\/\/wholesale.md\/ru\/wp-json\/wp\/v2\/media\/19935"}],"wp:attachment":[{"href":"https:\/\/wholesale.md\/ru\/wp-json\/wp\/v2\/media?parent=19933"}],"wp:term":[{"taxonomy":"product_brand","embeddable":true,"href":"https:\/\/wholesale.md\/ru\/wp-json\/wp\/v2\/product_brand?post=19933"},{"taxonomy":"product_cat","embeddable":true,"href":"https:\/\/wholesale.md\/ru\/wp-json\/wp\/v2\/product_cat?post=19933"},{"taxonomy":"product_tag","embeddable":true,"href":"https:\/\/wholesale.md\/ru\/wp-json\/wp\/v2\/product_tag?post=19933"}],"curies":[{"name":"wp","href":"https:\/\/api.w.org\/{rel}","templated":true}]}}