{"id":19817,"date":"2022-04-07T00:00:00","date_gmt":"2022-04-07T00:00:00","guid":{"rendered":"https:\/\/wholesale.md\/index.php\/produs\/7-8-set-mens-master\/"},"modified":"2024-06-19T15:57:51","modified_gmt":"2024-06-19T15:57:51","slug":"7-8-set-mens-master","status":"publish","type":"product","link":"https:\/\/wholesale.md\/ru\/product\/7-8-set-mens-master\/","title":{"rendered":"#7-8 Set Men\u2019s Master"},"content":{"rendered":"<p>MEN&#8217;S MASTER &#8211; cosmetice cu caracter masculin care \u0219tie s\u0103 tr\u0103iasc\u0103, s\u0103 iubeasc\u0103, cum<br \/>\na crea, a c\u00e2\u0219tiga, a fi maestru \u00een tot ceea ce face.<br \/>\nTehnologii moderne, re\u021bete str\u0103vechi, realiz\u0103ri inovatoare p\u00e2n\u0103 \u00een prezent<br \/>\nchemat s\u0103 creeze produse cosmetice profesionale pentru b\u0103rba\u021bi MEN&#8217;S MASTER &#8211; mae\u0219tri ai \u00eengrijirii b\u0103rba\u021bilor.<br \/>\nCreat pentru a avea \u00eencredere b\u0103rba\u021bii \u0219i stili\u0219tii b\u0103rba\u021bi.<br \/>\nEficien\u021ba m\u0103rcii noastre este de \u00eencredere, deoarece propriet\u0103\u021bile medicinale ale compozi\u021biilor noastre au fost testate<br \/>\nde mii de ani. Acesta este cel mai bun pentru pielea, p\u0103rul, corp \u0219i b\u0103rbierit b\u0103rba\u021bilor.<\/p>\n<p>\u00cen set:<\/p>\n<ol>\n<li>Ulei stimulant pentru barba si mustata 30ml<\/li>\n<li>Balsam hr\u0103nitor de barb\u0103 30 ml<\/li>\n<\/ol>","protected":false},"excerpt":{"rendered":"<p>\u0421\u0435\u0442 Men&#8217;s Master \u0434\u043b\u044f \u0431\u043e\u0440\u043e\u0434\u044b<\/p>","protected":false},"featured_media":19805,"template":"","meta":[],"product_brand":[],"product_cat":[543],"product_tag":[],"class_list":{"0":"post-19817","1":"product","2":"type-product","3":"status-publish","4":"has-post-thumbnail","6":"product_cat-produse-pentru-barbati","8":"first","9":"instock","10":"purchasable","11":"product-type-simple"},"jetpack_sharing_enabled":true,"_links":{"self":[{"href":"https:\/\/wholesale.md\/ru\/wp-json\/wp\/v2\/product\/19817","targetHints":{"allow":["GET"]}}],"collection":[{"href":"https:\/\/wholesale.md\/ru\/wp-json\/wp\/v2\/product"}],"about":[{"href":"https:\/\/wholesale.md\/ru\/wp-json\/wp\/v2\/types\/product"}],"version-history":[{"count":0,"href":"https:\/\/wholesale.md\/ru\/wp-json\/wp\/v2\/product\/19817\/revisions"}],"wp:featuredmedia":[{"embeddable":true,"href":"https:\/\/wholesale.md\/ru\/wp-json\/wp\/v2\/media\/19805"}],"wp:attachment":[{"href":"https:\/\/wholesale.md\/ru\/wp-json\/wp\/v2\/media?parent=19817"}],"wp:term":[{"taxonomy":"product_brand","embeddable":true,"href":"https:\/\/wholesale.md\/ru\/wp-json\/wp\/v2\/product_brand?post=19817"},{"taxonomy":"product_cat","embeddable":true,"href":"https:\/\/wholesale.md\/ru\/wp-json\/wp\/v2\/product_cat?post=19817"},{"taxonomy":"product_tag","embeddable":true,"href":"https:\/\/wholesale.md\/ru\/wp-json\/wp\/v2\/product_tag?post=19817"}],"curies":[{"name":"wp","href":"https:\/\/api.w.org\/{rel}","templated":true}]}}