{"id":19797,"date":"2022-04-07T00:00:00","date_gmt":"2022-04-07T00:00:00","guid":{"rendered":"https:\/\/wholesale.md\/index.php\/produs\/7-2-set-mens-master\/"},"modified":"2024-06-19T16:01:24","modified_gmt":"2024-06-19T16:01:24","slug":"7-2-set-mens-master","status":"publish","type":"product","link":"https:\/\/wholesale.md\/ru\/product\/7-2-set-mens-master\/","title":{"rendered":"#7-2 Set Men\u2019s Master"},"content":{"rendered":"<p>MEN\u2019S MASTER \u2013 cosmetice cu caracter masculin care \u0219tie s\u0103 tr\u0103iasc\u0103, s\u0103 iubeasc\u0103, s\u0103 creeze, s\u0103 c\u00e2\u0219tige, s\u0103 fie un maestru \u00een tot ceea ce face. Tehnologiile moderne, re\u021betele str\u0103vechi, realiz\u0103rile inovatoare de ast\u0103zi au cerut crearea de produse cosmetice profesionale pentru b\u0103rba\u021bi MEN&#8217;S MASTER &#8211; mae\u0219tri ai \u00eengrijirii b\u0103rba\u021bilor. Creat pentru a avea \u00eencredere b\u0103rba\u021bii \u0219i stili\u0219tii b\u0103rba\u021bi. Eficacitatea m\u0103rcii noastre este de \u00eencredere, deoarece propriet\u0103\u021bile vindec\u0103toare ale compu\u0219ilor no\u0219tri au fost testate de mii de ani. Acesta este cel mai bun pentru pielea, p\u0103rul, corp \u0219i b\u0103rbierit b\u0103rba\u021bilor.<\/p>\n<p>\u00cen set:<\/p>\n<ol>\n<li>Lotiune dupa ras cu efect calmant asupra pielii 120 ml<\/li>\n<li>Spuma de ras cu efect neted si sigur 200 ml<\/li>\n<li>Sampon pentru stimularea cresterii parului 260ml<\/li>\n<\/ol>","protected":false},"excerpt":{"rendered":"<p>\u0421\u0435\u0442 Men\u2019s Master \u0441 \u043a\u0440\u0430\u0441\u043d\u044b\u043c \u043f\u0435\u0440\u0446\u0435\u043c<\/p>","protected":false},"featured_media":19799,"template":"","meta":[],"product_brand":[],"product_cat":[543],"product_tag":[],"class_list":{"0":"post-19797","1":"product","2":"type-product","3":"status-publish","4":"has-post-thumbnail","6":"product_cat-produse-pentru-barbati","8":"first","9":"instock","10":"purchasable","11":"product-type-simple"},"jetpack_sharing_enabled":true,"_links":{"self":[{"href":"https:\/\/wholesale.md\/ru\/wp-json\/wp\/v2\/product\/19797","targetHints":{"allow":["GET"]}}],"collection":[{"href":"https:\/\/wholesale.md\/ru\/wp-json\/wp\/v2\/product"}],"about":[{"href":"https:\/\/wholesale.md\/ru\/wp-json\/wp\/v2\/types\/product"}],"version-history":[{"count":0,"href":"https:\/\/wholesale.md\/ru\/wp-json\/wp\/v2\/product\/19797\/revisions"}],"wp:featuredmedia":[{"embeddable":true,"href":"https:\/\/wholesale.md\/ru\/wp-json\/wp\/v2\/media\/19799"}],"wp:attachment":[{"href":"https:\/\/wholesale.md\/ru\/wp-json\/wp\/v2\/media?parent=19797"}],"wp:term":[{"taxonomy":"product_brand","embeddable":true,"href":"https:\/\/wholesale.md\/ru\/wp-json\/wp\/v2\/product_brand?post=19797"},{"taxonomy":"product_cat","embeddable":true,"href":"https:\/\/wholesale.md\/ru\/wp-json\/wp\/v2\/product_cat?post=19797"},{"taxonomy":"product_tag","embeddable":true,"href":"https:\/\/wholesale.md\/ru\/wp-json\/wp\/v2\/product_tag?post=19797"}],"curies":[{"name":"wp","href":"https:\/\/api.w.org\/{rel}","templated":true}]}}