{"id":19766,"date":"2022-03-09T00:00:00","date_gmt":"2022-03-09T00:00:00","guid":{"rendered":"https:\/\/wholesale.md\/index.php\/produs\/body-scrub-milk-chocolate\/"},"modified":"2024-06-14T08:48:54","modified_gmt":"2024-06-14T08:48:54","slug":"body-scrub-milk-chocolate","status":"publish","type":"product","link":"https:\/\/wholesale.md\/ru\/product\/body-scrub-milk-chocolate\/","title":{"rendered":"Body Scrub Milk Chocolate"},"content":{"rendered":"<p>Aplica\u021bi pe corp scrubul \u00abMilk Chocolate\u00bb utiliz\u00e2nd mi\u0219c\u0103ri circulare. Masaj cu mi\u0219c\u0103ri netede, exfoliaz\u0103 stratul mort al pielii. \u00cen cele din urm\u0103, \u00eendep\u0103rta\u021bi produsul \u00een exces. Dup\u0103 procedur\u0103, face\u021bi du\u0219 sau \u0219terge\u021bi corpul cu un burete sau un prosop.<\/p>","protected":false},"excerpt":{"rendered":"<p class=\"product_title entry-title\">Scrub pentru corp \u00abMilk Chocolate\u00bb<\/p>","protected":false},"featured_media":19768,"template":"","meta":[],"product_brand":[],"product_cat":[273],"product_tag":[],"class_list":{"0":"post-19766","1":"product","2":"type-product","3":"status-publish","4":"has-post-thumbnail","6":"product_cat-ingrijire-corporala","8":"first","9":"instock","10":"sale","11":"purchasable","12":"product-type-simple"},"jetpack_sharing_enabled":true,"_links":{"self":[{"href":"https:\/\/wholesale.md\/ru\/wp-json\/wp\/v2\/product\/19766","targetHints":{"allow":["GET"]}}],"collection":[{"href":"https:\/\/wholesale.md\/ru\/wp-json\/wp\/v2\/product"}],"about":[{"href":"https:\/\/wholesale.md\/ru\/wp-json\/wp\/v2\/types\/product"}],"version-history":[{"count":0,"href":"https:\/\/wholesale.md\/ru\/wp-json\/wp\/v2\/product\/19766\/revisions"}],"wp:featuredmedia":[{"embeddable":true,"href":"https:\/\/wholesale.md\/ru\/wp-json\/wp\/v2\/media\/19768"}],"wp:attachment":[{"href":"https:\/\/wholesale.md\/ru\/wp-json\/wp\/v2\/media?parent=19766"}],"wp:term":[{"taxonomy":"product_brand","embeddable":true,"href":"https:\/\/wholesale.md\/ru\/wp-json\/wp\/v2\/product_brand?post=19766"},{"taxonomy":"product_cat","embeddable":true,"href":"https:\/\/wholesale.md\/ru\/wp-json\/wp\/v2\/product_cat?post=19766"},{"taxonomy":"product_tag","embeddable":true,"href":"https:\/\/wholesale.md\/ru\/wp-json\/wp\/v2\/product_tag?post=19766"}],"curies":[{"name":"wp","href":"https:\/\/api.w.org\/{rel}","templated":true}]}}