{"id":19757,"date":"2022-03-09T00:00:00","date_gmt":"2022-03-09T00:00:00","guid":{"rendered":"https:\/\/wholesale.md\/index.php\/produs\/firming-mask-milk-chocolate\/"},"modified":"2024-06-14T08:48:54","modified_gmt":"2024-06-14T08:48:54","slug":"firming-mask-milk-chocolate","status":"publish","type":"product","link":"https:\/\/wholesale.md\/ru\/product\/firming-mask-milk-chocolate\/","title":{"rendered":"Firming Mask Milk Chocolate"},"content":{"rendered":"<p>Cu o perie, aplica\u021bi masca corporal\u0103 \u00abMilk Chocolate\u00bb pe \u00eentreg corpul. Face\u021bi o \u00eenvelire a corpului \u0219i l\u0103sa\u021bi masca s\u0103 se usuce. Scoate\u021bi masca \u00eentr-o baie fierbinte sau \u00een du\u0219.<\/p>","protected":false},"excerpt":{"rendered":"<p class=\"product_title entry-title\">Masc\u0103 de corp pentru \u00eent\u0103rire \u00abMilk Chocolate\u00bb<\/p>","protected":false},"featured_media":19759,"template":"","meta":[],"product_brand":[],"product_cat":[273],"product_tag":[],"class_list":{"0":"post-19757","1":"product","2":"type-product","3":"status-publish","4":"has-post-thumbnail","6":"product_cat-ingrijire-corporala","8":"first","9":"instock","10":"sale","11":"purchasable","12":"product-type-simple"},"jetpack_sharing_enabled":true,"_links":{"self":[{"href":"https:\/\/wholesale.md\/ru\/wp-json\/wp\/v2\/product\/19757","targetHints":{"allow":["GET"]}}],"collection":[{"href":"https:\/\/wholesale.md\/ru\/wp-json\/wp\/v2\/product"}],"about":[{"href":"https:\/\/wholesale.md\/ru\/wp-json\/wp\/v2\/types\/product"}],"version-history":[{"count":0,"href":"https:\/\/wholesale.md\/ru\/wp-json\/wp\/v2\/product\/19757\/revisions"}],"wp:featuredmedia":[{"embeddable":true,"href":"https:\/\/wholesale.md\/ru\/wp-json\/wp\/v2\/media\/19759"}],"wp:attachment":[{"href":"https:\/\/wholesale.md\/ru\/wp-json\/wp\/v2\/media?parent=19757"}],"wp:term":[{"taxonomy":"product_brand","embeddable":true,"href":"https:\/\/wholesale.md\/ru\/wp-json\/wp\/v2\/product_brand?post=19757"},{"taxonomy":"product_cat","embeddable":true,"href":"https:\/\/wholesale.md\/ru\/wp-json\/wp\/v2\/product_cat?post=19757"},{"taxonomy":"product_tag","embeddable":true,"href":"https:\/\/wholesale.md\/ru\/wp-json\/wp\/v2\/product_tag?post=19757"}],"curies":[{"name":"wp","href":"https:\/\/api.w.org\/{rel}","templated":true}]}}