{"id":19731,"date":"2022-01-14T00:00:00","date_gmt":"2022-01-14T00:00:00","guid":{"rendered":"https:\/\/wholesale.md\/index.php\/produs\/2-4-set-protect-line\/"},"modified":"2024-06-19T16:14:59","modified_gmt":"2024-06-19T16:14:59","slug":"2-4-set-protect-line","status":"publish","type":"product","link":"https:\/\/wholesale.md\/ru\/product\/2-4-set-protect-line\/","title":{"rendered":"# 2-4 Set Protect Line"},"content":{"rendered":"<p><span style=\"font-weight: 400;\">\u00a0<strong>HAIR PROTECT GRAPE &amp; CHIA LINE\u00a0<\/strong><\/span><\/p>\n<p><span style=\"font-weight: 400;\">Seria de produse inova\u021bionale, f\u0103r\u0103 sulfa\u021bi \u0219i parabeni elaborat\u0103 pentru protec\u021bia \u00een profunzime a p\u0103rului natural \u0219i a celui vopsit. Posed\u0103 efecte de anti-oxidare \u0219i laminare, care m\u0103resc luciul \u0219i netezimea p\u0103rului cu 88% datorit\u0103 complexului exclusiv de Chia din America de Sud &#8211; CHIAPROTECT<\/span><span style=\"font-weight: 400;\">\u00ae . <\/span><span style=\"font-weight: 400;\">Produsele gamei men\u021bin culoarea p\u0103rului, prelungesc procedurile de \u00eengrijire, neutralizeaz\u0103 factorii nocivi externi : s\u0103rurile, clorul \u0219i metalele con\u021binute \u00een ap\u0103; razele ultraviolete &#8211; din razele solare \u0219i iluminarea artificial\u0103 ; usc\u0103torul de p\u0103r \u0219i pieptenele. Produsele Hair Protect Grape &amp; Chia Line, formeaz\u0103 o pelicul\u0103 protectoare, ce \u00eempiedic\u0103 deteriorarea fizic\u0103 \u0219i chimic\u0103 a p\u0103rului.\u00a0<\/span><\/p>\n<p><strong>Setul con\u021bine:<\/strong><\/p>\n<ol>\n<li style=\"list-style-type: none;\">\n<ol>\n<li>\u0218ampon laminant pentru protec\u021bia p\u0103rului cu struguri \u0219i chia 970ml<\/li>\n<li>Balsam laminant pentru protec\u021bia p\u0103rului cu struguri \u0219i chia 970ml<\/li>\n<li>Masc\u0103 de laminare pentru protec\u021bia p\u0103rului cu struguri \u0219i chia 500ml<\/li>\n<li>Spray de laminare \u00een 3 faze pentru protec\u021bia p\u0103rului cu struguri \u0219i chia 350ml<\/li>\n<\/ol>\n<\/li>\n<\/ol>","protected":false},"excerpt":{"rendered":"<p>Set pentru protec\u021bia p\u0103rului cu struguri \u0219i chia<\/p>","protected":false},"featured_media":19517,"template":"","meta":[],"product_brand":[],"product_cat":[1497,72,1500,1496,1499],"product_tag":[],"class_list":{"0":"post-19731","1":"product","2":"type-product","3":"status-publish","4":"has-post-thumbnail","6":"product_cat-balsamuri-de-par","7":"product_cat-ingrijirea-parului","8":"product_cat-masti-de-par","9":"product_cat-sampoane","10":"product_cat-styling","12":"first","13":"instock","14":"purchasable","15":"product-type-simple"},"jetpack_sharing_enabled":true,"_links":{"self":[{"href":"https:\/\/wholesale.md\/ru\/wp-json\/wp\/v2\/product\/19731","targetHints":{"allow":["GET"]}}],"collection":[{"href":"https:\/\/wholesale.md\/ru\/wp-json\/wp\/v2\/product"}],"about":[{"href":"https:\/\/wholesale.md\/ru\/wp-json\/wp\/v2\/types\/product"}],"version-history":[{"count":0,"href":"https:\/\/wholesale.md\/ru\/wp-json\/wp\/v2\/product\/19731\/revisions"}],"wp:featuredmedia":[{"embeddable":true,"href":"https:\/\/wholesale.md\/ru\/wp-json\/wp\/v2\/media\/19517"}],"wp:attachment":[{"href":"https:\/\/wholesale.md\/ru\/wp-json\/wp\/v2\/media?parent=19731"}],"wp:term":[{"taxonomy":"product_brand","embeddable":true,"href":"https:\/\/wholesale.md\/ru\/wp-json\/wp\/v2\/product_brand?post=19731"},{"taxonomy":"product_cat","embeddable":true,"href":"https:\/\/wholesale.md\/ru\/wp-json\/wp\/v2\/product_cat?post=19731"},{"taxonomy":"product_tag","embeddable":true,"href":"https:\/\/wholesale.md\/ru\/wp-json\/wp\/v2\/product_tag?post=19731"}],"curies":[{"name":"wp","href":"https:\/\/api.w.org\/{rel}","templated":true}]}}