{"id":19723,"date":"2022-01-14T00:00:00","date_gmt":"2022-01-14T00:00:00","guid":{"rendered":"https:\/\/wholesale.md\/index.php\/produs\/1-2-set-anti-age-line\/"},"modified":"2024-06-19T16:16:20","modified_gmt":"2024-06-19T16:16:20","slug":"1-2-set-anti-age-line","status":"publish","type":"product","link":"https:\/\/wholesale.md\/ru\/product\/1-2-set-anti-age-line\/","title":{"rendered":"#1-2 Set Anti-Age Line"},"content":{"rendered":"<p><strong>LIFTING COLLAGEN ANTI-AGE LINE\u00a0<\/strong><\/p>\n<p>O serie \u00eembun\u0103t\u0103\u021bit\u0103 de produse pentru p\u0103r foarte deteriorat \u0219i ondulat chimic. Conceput special pentru p\u0103rul vopsit \u0219i \u00abobosit\u00bb . Structureaz\u0103 ondularea \u0219i elimin\u0103 porozitatea, ofer\u0103 volum, hidrateaz\u0103,face p\u0103rul moale \u0219i elastic. Seria se bazeaz\u0103 pe colagen, trandafir de Damasc, ulei de shea , macadamia, avocado \u0219i ulei de palmier. De asemenea con\u021bine SilPLEX\u00ae, glicerin\u0103 \u0219i pantenol.<\/p>\n<p><strong>Setul con\u021bine:<\/strong><\/p>\n<ol>\n<li style=\"list-style-type: none;\">\n<ol>\n<li>\u0218ampon pentru volumul p\u0103rului cu colagen 970ml<\/li>\n<li>Balsam pentru volumul p\u0103rului cu colagen 970ml<\/li>\n<li>Masc\u0103 de p\u0103r hidratant\u0103 cu trandafir de damasc \u0219i ulei de palmier 500ml<\/li>\n<\/ol>\n<\/li>\n<\/ol>","protected":false},"excerpt":{"rendered":"<p>Set pentru volumul p\u0103rului cu colagen<\/p>","protected":false},"featured_media":19725,"template":"","meta":[],"product_brand":[],"product_cat":[1497,72,1500,1496],"product_tag":[],"class_list":{"0":"post-19723","1":"product","2":"type-product","3":"status-publish","4":"has-post-thumbnail","6":"product_cat-balsamuri-de-par","7":"product_cat-ingrijirea-parului","8":"product_cat-masti-de-par","9":"product_cat-sampoane","11":"first","12":"instock","13":"purchasable","14":"product-type-simple"},"jetpack_sharing_enabled":true,"_links":{"self":[{"href":"https:\/\/wholesale.md\/ru\/wp-json\/wp\/v2\/product\/19723","targetHints":{"allow":["GET"]}}],"collection":[{"href":"https:\/\/wholesale.md\/ru\/wp-json\/wp\/v2\/product"}],"about":[{"href":"https:\/\/wholesale.md\/ru\/wp-json\/wp\/v2\/types\/product"}],"version-history":[{"count":0,"href":"https:\/\/wholesale.md\/ru\/wp-json\/wp\/v2\/product\/19723\/revisions"}],"wp:featuredmedia":[{"embeddable":true,"href":"https:\/\/wholesale.md\/ru\/wp-json\/wp\/v2\/media\/19725"}],"wp:attachment":[{"href":"https:\/\/wholesale.md\/ru\/wp-json\/wp\/v2\/media?parent=19723"}],"wp:term":[{"taxonomy":"product_brand","embeddable":true,"href":"https:\/\/wholesale.md\/ru\/wp-json\/wp\/v2\/product_brand?post=19723"},{"taxonomy":"product_cat","embeddable":true,"href":"https:\/\/wholesale.md\/ru\/wp-json\/wp\/v2\/product_cat?post=19723"},{"taxonomy":"product_tag","embeddable":true,"href":"https:\/\/wholesale.md\/ru\/wp-json\/wp\/v2\/product_tag?post=19723"}],"curies":[{"name":"wp","href":"https:\/\/api.w.org\/{rel}","templated":true}]}}