{"id":19719,"date":"2022-01-13T00:00:00","date_gmt":"2022-01-13T00:00:00","guid":{"rendered":"https:\/\/wholesale.md\/index.php\/produs\/stimulating-oil\/"},"modified":"2024-06-19T16:17:26","modified_gmt":"2024-06-19T16:17:26","slug":"stimulating-oil","status":"publish","type":"product","link":"https:\/\/wholesale.md\/ru\/product\/stimulating-oil\/","title":{"rendered":"STIMULATING OIL"},"content":{"rendered":"<p><b>Ulei pentru stimularea cre\u0219terii p\u0103rului 30ml<\/b><\/p>\n<p><span style=\"font-weight: 400;\">Bogat \u00een uleiuri de argan, jojoba, migdale, baobab \u0219i ricin care stimuleaz\u0103 cre\u0219terea firului de p\u0103r \u0219i \u00eei ofer\u0103 o str\u0103lucire aparte. Hidrateaz\u0103 \u0219i hr\u0103ne\u0219te barba \u0219i pielea de sub barb\u0103. Vitamina E reduce irita\u021bia \u0219i descuamarea pielii de sub barb\u0103 \u0219i diminueaz\u0103 fragilitatea acesteia.\u00a0<\/span><\/p>\n<p><b>\u0421\u043f\u043e\u0441\u043e\u0431 \u043f\u0440\u0438\u043c\u0435\u043d\u0435\u043d\u0438\u044f:\u00a0<\/b><\/p>\n<p><span style=\"font-weight: 400;\">Se pun c\u00e2teva pic\u0103turi \u00een palm\u0103 \u0219i maseaz\u0103 u\u0219or peste barb\u0103. Se folose\u0219te diminea\u021ba \u0219i seara, dup\u0103 necesitate.\u00a0<\/span><\/p>\n<p><b>Ingredients : <\/b><span style=\"font-weight: 400;\">PRUNUS AMYGDALUS DULCIS OIL, RICINUS COMMUNIS SEED OIL, ARGANIA SPINOSA KERNEL OIL, SIMMONDSIA CHINENSIS SEED OIL, ADANSONIA DIGITATA SEED OIL, TOCOPHERYL ACETATE, CYMBOPOGON FLEXUOSUS OIL, CITRAL, CITRONELLOL, LIMONENE, GERANIOL LINALOOL, BHI<\/span><\/p>","protected":false},"excerpt":{"rendered":"<p>Ulei pentru stimularea cre\u0219terii p\u0103rului<\/p>","protected":false},"featured_media":19465,"template":"","meta":[],"product_brand":[],"product_cat":[543],"product_tag":[],"class_list":{"0":"post-19719","1":"product","2":"type-product","3":"status-publish","4":"has-post-thumbnail","6":"product_cat-produse-pentru-barbati","8":"first","9":"instock","10":"purchasable","11":"product-type-simple"},"jetpack_sharing_enabled":true,"_links":{"self":[{"href":"https:\/\/wholesale.md\/ru\/wp-json\/wp\/v2\/product\/19719","targetHints":{"allow":["GET"]}}],"collection":[{"href":"https:\/\/wholesale.md\/ru\/wp-json\/wp\/v2\/product"}],"about":[{"href":"https:\/\/wholesale.md\/ru\/wp-json\/wp\/v2\/types\/product"}],"version-history":[{"count":0,"href":"https:\/\/wholesale.md\/ru\/wp-json\/wp\/v2\/product\/19719\/revisions"}],"wp:featuredmedia":[{"embeddable":true,"href":"https:\/\/wholesale.md\/ru\/wp-json\/wp\/v2\/media\/19465"}],"wp:attachment":[{"href":"https:\/\/wholesale.md\/ru\/wp-json\/wp\/v2\/media?parent=19719"}],"wp:term":[{"taxonomy":"product_brand","embeddable":true,"href":"https:\/\/wholesale.md\/ru\/wp-json\/wp\/v2\/product_brand?post=19719"},{"taxonomy":"product_cat","embeddable":true,"href":"https:\/\/wholesale.md\/ru\/wp-json\/wp\/v2\/product_cat?post=19719"},{"taxonomy":"product_tag","embeddable":true,"href":"https:\/\/wholesale.md\/ru\/wp-json\/wp\/v2\/product_tag?post=19719"}],"curies":[{"name":"wp","href":"https:\/\/api.w.org\/{rel}","templated":true}]}}