{"id":19717,"date":"2022-01-13T00:00:00","date_gmt":"2022-01-13T00:00:00","guid":{"rendered":"https:\/\/wholesale.md\/index.php\/produs\/grooming-foam\/"},"modified":"2024-06-19T16:17:52","modified_gmt":"2024-06-19T16:17:52","slug":"grooming-foam","status":"publish","type":"product","link":"https:\/\/wholesale.md\/ru\/product\/grooming-foam\/","title":{"rendered":"GROOMING FOAM"},"content":{"rendered":"<p><b>Spum\u0103 pentru stilizare Barb\u0103 \u0219i Musta\u021b\u0103 150ml<\/b><\/p>\n<p><span style=\"font-weight: 400;\">Hidrateaz\u0103, hr\u0103ne\u0219te, calmeaz\u0103 \u0219i revitalizeaz\u0103 barba, musta\u021ba \u0219i pielea de sub barba. Con\u021bine cimbru, nuc, urzic\u0103 \u0219i D-Pantenol care ajut\u0103 la eliminarea m\u00e2nc\u0103rimii \u0219i \u00eenro\u0219irii pielii. Quinina \u0219i cofeina contribuie la cre\u0219terea \u0219i \u00eembog\u0103\u021birea b\u0103rbii \u0219i a musta\u021bei.\u00a0<\/span><\/p>\n<p><b>\u0421\u043f\u043e\u0441\u043e\u0431 \u043f\u0440\u0438\u043c\u0435\u043d\u0435\u043d\u0438\u044f:\u00a0<\/b><\/p>\n<p><span style=\"font-weight: 400;\">Se pune cantitatea dorit\u0103 pe palme \u0219i se aplic\u0103 uniform pe barba \u0219i musta\u021ba sp\u0103late \u0219i uscate prealabil cu un prosop. Aplica\u021bi \u0219i pe pielea de sub barb\u0103 pentru a o hr\u0103ni \u0219i a o hidrata.<\/span><\/p>","protected":false},"excerpt":{"rendered":"<p>Spum\u0103 pentru stilizare Barb\u0103 \u0219i Musta\u021b\u0103<\/p>","protected":false},"featured_media":19453,"template":"","meta":[],"product_brand":[],"product_cat":[543],"product_tag":[],"class_list":{"0":"post-19717","1":"product","2":"type-product","3":"status-publish","4":"has-post-thumbnail","6":"product_cat-produse-pentru-barbati","8":"first","9":"instock","10":"purchasable","11":"product-type-simple"},"jetpack_sharing_enabled":true,"_links":{"self":[{"href":"https:\/\/wholesale.md\/ru\/wp-json\/wp\/v2\/product\/19717","targetHints":{"allow":["GET"]}}],"collection":[{"href":"https:\/\/wholesale.md\/ru\/wp-json\/wp\/v2\/product"}],"about":[{"href":"https:\/\/wholesale.md\/ru\/wp-json\/wp\/v2\/types\/product"}],"version-history":[{"count":0,"href":"https:\/\/wholesale.md\/ru\/wp-json\/wp\/v2\/product\/19717\/revisions"}],"wp:featuredmedia":[{"embeddable":true,"href":"https:\/\/wholesale.md\/ru\/wp-json\/wp\/v2\/media\/19453"}],"wp:attachment":[{"href":"https:\/\/wholesale.md\/ru\/wp-json\/wp\/v2\/media?parent=19717"}],"wp:term":[{"taxonomy":"product_brand","embeddable":true,"href":"https:\/\/wholesale.md\/ru\/wp-json\/wp\/v2\/product_brand?post=19717"},{"taxonomy":"product_cat","embeddable":true,"href":"https:\/\/wholesale.md\/ru\/wp-json\/wp\/v2\/product_cat?post=19717"},{"taxonomy":"product_tag","embeddable":true,"href":"https:\/\/wholesale.md\/ru\/wp-json\/wp\/v2\/product_tag?post=19717"}],"curies":[{"name":"wp","href":"https:\/\/api.w.org\/{rel}","templated":true}]}}