{"id":19711,"date":"2022-01-13T00:00:00","date_gmt":"2022-01-13T00:00:00","guid":{"rendered":"https:\/\/wholesale.md\/index.php\/produs\/6-plex-bond-cream-serum\/"},"modified":"2024-07-08T11:39:08","modified_gmt":"2024-07-08T11:39:08","slug":"6-plex-bond-cream-serum","status":"publish","type":"product","link":"https:\/\/wholesale.md\/ru\/product\/6-plex-bond-cream-serum\/","title":{"rendered":"#6 PLEX BOND CREAM-SERUM"},"content":{"rendered":"<p><strong>#6 Plex Bond Crem\u0103 elexir regenerant\u0103 125ml<\/strong><\/p>\n<p>Con\u021bine complexul brevetat <strong>FiberHance \u2122 BM.<\/strong>\u00a0Restaureaz\u0103 structura p\u0103rului deteriorat, men\u021bine s\u0103n\u0103tatea p\u0103rului, \u00eenl\u0103tur\u0103 porozitatea \u0219i despicarea v\u00e2rfurilor. Preg\u0103te\u0219te \u00een mod ideal p\u0103rul pentru orice coafare, confer\u0103 rezisten\u021b\u0103 \u0219i protec\u021bie p\u0103rului \u00eempotriva deterior\u0103rilor mecanice \u0219i a influen\u021belor mediului. P\u0103streaz\u0103 str\u0103lucirea p\u0103rului.<\/p>\n<p><strong>Mod de aplicare: <\/strong>Aplica\u021bi o cantitate mic\u0103 de crem\u0103 \u00eenainte de coafare sau dup\u0103 \u2013 pentru definire.<\/p>","protected":false},"excerpt":{"rendered":"<p>Plex Bond Crem\u0103 elexir regenerant\u0103<\/p>","protected":false},"featured_media":19713,"template":"","meta":[],"product_brand":[],"product_cat":[72],"product_tag":[],"class_list":{"0":"post-19711","1":"product","2":"type-product","3":"status-publish","4":"has-post-thumbnail","6":"product_cat-ingrijirea-parului","8":"first","9":"instock","10":"purchasable","11":"product-type-simple"},"jetpack_sharing_enabled":true,"_links":{"self":[{"href":"https:\/\/wholesale.md\/ru\/wp-json\/wp\/v2\/product\/19711","targetHints":{"allow":["GET"]}}],"collection":[{"href":"https:\/\/wholesale.md\/ru\/wp-json\/wp\/v2\/product"}],"about":[{"href":"https:\/\/wholesale.md\/ru\/wp-json\/wp\/v2\/types\/product"}],"version-history":[{"count":0,"href":"https:\/\/wholesale.md\/ru\/wp-json\/wp\/v2\/product\/19711\/revisions"}],"wp:featuredmedia":[{"embeddable":true,"href":"https:\/\/wholesale.md\/ru\/wp-json\/wp\/v2\/media\/19713"}],"wp:attachment":[{"href":"https:\/\/wholesale.md\/ru\/wp-json\/wp\/v2\/media?parent=19711"}],"wp:term":[{"taxonomy":"product_brand","embeddable":true,"href":"https:\/\/wholesale.md\/ru\/wp-json\/wp\/v2\/product_brand?post=19711"},{"taxonomy":"product_cat","embeddable":true,"href":"https:\/\/wholesale.md\/ru\/wp-json\/wp\/v2\/product_cat?post=19711"},{"taxonomy":"product_tag","embeddable":true,"href":"https:\/\/wholesale.md\/ru\/wp-json\/wp\/v2\/product_tag?post=19711"}],"curies":[{"name":"wp","href":"https:\/\/api.w.org\/{rel}","templated":true}]}}