{"id":19709,"date":"2022-01-13T00:00:00","date_gmt":"2022-01-13T00:00:00","guid":{"rendered":"https:\/\/wholesale.md\/index.php\/produs\/5-plex-bond-builder-mask\/"},"modified":"2024-06-19T16:19:29","modified_gmt":"2024-06-19T16:19:29","slug":"5-plex-bond-builder-mask","status":"publish","type":"product","link":"https:\/\/wholesale.md\/ru\/product\/5-plex-bond-builder-mask\/","title":{"rendered":"#5 PLEX BOND BUILDER MASK"},"content":{"rendered":"<p><strong>#5 Plex Bond Masc\u0103 regenerant\u0103 500ml<\/strong><\/p>\n<p>Hidrateaz\u0103 intens, regenereaz\u0103, \u00eent\u0103re\u0219te \u0219i nu \u00eengreuneaz\u0103 p\u0103rul. Restabile\u0219te rezisten\u021ba firelor, face p\u0103rul dens \u0219i confer\u0103 o str\u0103lucire intens\u0103, protejeaz\u0103 \u00eempotriva deteriorarii. Protejeaz\u0103 culoarea p\u0103rului colorat, se potrive\u0219te pentru toate tipurile de p\u0103r.<\/p>\n<p><strong>Mod de aplicare<\/strong>: Aplica\u021bi pe p\u0103rul umed sp\u0103lat cu \u0219ampon. Distribui\u021bi uniform pe toat\u0103 lungimea p\u0103rului \u0219i \u021bine\u021bi timp de 3-5 minute. Se spal\u0103 cu ap\u0103 rece. Potrivit pentru utilizarea zilnic\u0103.<\/p>","protected":false},"excerpt":{"rendered":"<p>Plex Bond Masc\u0103 regenerant\u0103<\/p>","protected":false},"featured_media":19449,"template":"","meta":[],"product_brand":[],"product_cat":[72,1500],"product_tag":[],"class_list":{"0":"post-19709","1":"product","2":"type-product","3":"status-publish","4":"has-post-thumbnail","6":"product_cat-ingrijirea-parului","7":"product_cat-masti-de-par","9":"first","10":"instock","11":"purchasable","12":"product-type-simple"},"jetpack_sharing_enabled":true,"_links":{"self":[{"href":"https:\/\/wholesale.md\/ru\/wp-json\/wp\/v2\/product\/19709","targetHints":{"allow":["GET"]}}],"collection":[{"href":"https:\/\/wholesale.md\/ru\/wp-json\/wp\/v2\/product"}],"about":[{"href":"https:\/\/wholesale.md\/ru\/wp-json\/wp\/v2\/types\/product"}],"version-history":[{"count":0,"href":"https:\/\/wholesale.md\/ru\/wp-json\/wp\/v2\/product\/19709\/revisions"}],"wp:featuredmedia":[{"embeddable":true,"href":"https:\/\/wholesale.md\/ru\/wp-json\/wp\/v2\/media\/19449"}],"wp:attachment":[{"href":"https:\/\/wholesale.md\/ru\/wp-json\/wp\/v2\/media?parent=19709"}],"wp:term":[{"taxonomy":"product_brand","embeddable":true,"href":"https:\/\/wholesale.md\/ru\/wp-json\/wp\/v2\/product_brand?post=19709"},{"taxonomy":"product_cat","embeddable":true,"href":"https:\/\/wholesale.md\/ru\/wp-json\/wp\/v2\/product_cat?post=19709"},{"taxonomy":"product_tag","embeddable":true,"href":"https:\/\/wholesale.md\/ru\/wp-json\/wp\/v2\/product_tag?post=19709"}],"curies":[{"name":"wp","href":"https:\/\/api.w.org\/{rel}","templated":true}]}}