{"id":19707,"date":"2022-01-13T00:00:00","date_gmt":"2022-01-13T00:00:00","guid":{"rendered":"https:\/\/wholesale.md\/index.php\/produs\/4-plex-bond-builder-shampoo-2\/"},"modified":"2024-06-19T16:20:05","modified_gmt":"2024-06-19T16:20:05","slug":"4-plex-bond-builder-shampoo-2","status":"publish","type":"product","link":"https:\/\/wholesale.md\/ru\/product\/4-plex-bond-builder-shampoo-2\/","title":{"rendered":"#4 PLEX BOND BUILDER SHAMPOO"},"content":{"rendered":"<p>\u0218ampon regenerant #4 Plex Bond 970 ml<\/p>\n<p>Con\u021bine complexul patentat FiberHance\u2122 BM. Curata si hidrateaza parul usor si eficient. Restabile\u0219te leg\u0103turile disulfurice din p\u0103r, cresc\u00e2ndu-i rezisten\u021ba. Ofer\u0103 putere \u0219i str\u0103lucire. Ofera protectie si reface parul deteriorat actionand direct asupra proceselor chimice. Protejeaz\u0103 culoarea p\u0103rului vopsit. Formula bl\u00e2nd\u0103 permite mai mult\u0103 sp\u0103lare (comparativ cu \u0219amponul clasic). Potrivit pentru toate tipurile de p\u0103r.<\/p>\n<p>Mod de aplicare:<\/p>\n<p>Aplica\u021bi pe p\u0103rul umed. Distribui\u021bi uniform pe toat\u0103 lungimea p\u0103rului \u0219i men\u021bine\u021bi timp de 3-5 minute. Cl\u0103ti\u021bi bine cu ap\u0103 rece. Potrivit pentru uz zilnic.<\/p>","protected":false},"excerpt":{"rendered":"<p>\u0218ampon regenerant #4 Plex Bond 970 ml Con\u021bine complexul patentat FiberHance\u2122 BM. Curata si hidrateaza parul usor si eficient. Restabile\u0219te<\/p>","protected":false},"featured_media":19681,"template":"","meta":[],"product_brand":[],"product_cat":[72,1496],"product_tag":[],"class_list":{"0":"post-19707","1":"product","2":"type-product","3":"status-publish","4":"has-post-thumbnail","6":"product_cat-ingrijirea-parului","7":"product_cat-sampoane","9":"first","10":"instock","11":"purchasable","12":"product-type-simple"},"jetpack_sharing_enabled":true,"_links":{"self":[{"href":"https:\/\/wholesale.md\/ru\/wp-json\/wp\/v2\/product\/19707","targetHints":{"allow":["GET"]}}],"collection":[{"href":"https:\/\/wholesale.md\/ru\/wp-json\/wp\/v2\/product"}],"about":[{"href":"https:\/\/wholesale.md\/ru\/wp-json\/wp\/v2\/types\/product"}],"version-history":[{"count":0,"href":"https:\/\/wholesale.md\/ru\/wp-json\/wp\/v2\/product\/19707\/revisions"}],"wp:featuredmedia":[{"embeddable":true,"href":"https:\/\/wholesale.md\/ru\/wp-json\/wp\/v2\/media\/19681"}],"wp:attachment":[{"href":"https:\/\/wholesale.md\/ru\/wp-json\/wp\/v2\/media?parent=19707"}],"wp:term":[{"taxonomy":"product_brand","embeddable":true,"href":"https:\/\/wholesale.md\/ru\/wp-json\/wp\/v2\/product_brand?post=19707"},{"taxonomy":"product_cat","embeddable":true,"href":"https:\/\/wholesale.md\/ru\/wp-json\/wp\/v2\/product_cat?post=19707"},{"taxonomy":"product_tag","embeddable":true,"href":"https:\/\/wholesale.md\/ru\/wp-json\/wp\/v2\/product_tag?post=19707"}],"curies":[{"name":"wp","href":"https:\/\/api.w.org\/{rel}","templated":true}]}}