{"id":19705,"date":"2022-01-13T00:00:00","date_gmt":"2022-01-13T00:00:00","guid":{"rendered":"https:\/\/wholesale.md\/index.php\/produs\/4-plex-bond-builder-shampoo\/"},"modified":"2024-06-20T16:03:15","modified_gmt":"2024-06-20T16:03:15","slug":"4-plex-bond-builder-shampoo","status":"publish","type":"product","link":"https:\/\/wholesale.md\/ru\/product\/4-plex-bond-builder-shampoo\/","title":{"rendered":"#4 PLEX BOND BUILDER SHAMPOO"},"content":{"rendered":"<p><strong>#4 Plex Bond \u0218ampon regenerant 970ml<\/strong><\/p>\n<p>Con\u021bine complexul brevetat <strong>FiberHance \u2122\u00a0<\/strong><strong>BM.<\/strong>\u00a0Cur\u0103\u021b\u0103 \u0219i hidrateaz\u0103 u\u0219or \u0219i eficient p\u0103rul. Reface leg\u0103turile disulfidice \u00een p\u0103r, sporind rezisten\u021ba acestuia. Confer\u0103 putere \u0219i str\u0103lucire. Ofer\u0103 protec\u021bie \u0219i restaureaz\u0103 p\u0103rul deteriorat, ac\u021bion\u00e2nd direct asupra proceslor chimice. Protejeaz\u0103 culoarea p\u0103rului colorat. Formula bl\u00e2nd\u0103 permite s\u0103 efectua\u021bi mai multe sp\u0103l\u0103ri (\u00een compara\u021bie cu un \u0219ampon clasic). Se potrive\u0219te pentru toate tipurile de p\u0103r.<\/p>\n<p><strong>Mod de aplicare:<\/strong><\/p>\n<p>Aplica\u021bi pe p\u0103rul umed. Distribui\u021bi uniform pe toat\u0103 lungimea p\u0103rului \u0219i \u021bine\u021bi timp de 3-5 minute. Cl\u0103ti\u021bi bine cu ap\u0103 rece. Potrivit pentru utilizarea zilnic\u0103.<\/p>","protected":false},"excerpt":{"rendered":"<p>Plex Bond \u0218ampon regenerant<\/p>","protected":false},"featured_media":19437,"template":"","meta":[],"product_brand":[],"product_cat":[72,1496],"product_tag":[],"class_list":{"0":"post-19705","1":"product","2":"type-product","3":"status-publish","4":"has-post-thumbnail","6":"product_cat-ingrijirea-parului","7":"product_cat-sampoane","9":"first","10":"instock","11":"purchasable","12":"product-type-simple"},"jetpack_sharing_enabled":true,"_links":{"self":[{"href":"https:\/\/wholesale.md\/ru\/wp-json\/wp\/v2\/product\/19705","targetHints":{"allow":["GET"]}}],"collection":[{"href":"https:\/\/wholesale.md\/ru\/wp-json\/wp\/v2\/product"}],"about":[{"href":"https:\/\/wholesale.md\/ru\/wp-json\/wp\/v2\/types\/product"}],"version-history":[{"count":0,"href":"https:\/\/wholesale.md\/ru\/wp-json\/wp\/v2\/product\/19705\/revisions"}],"wp:featuredmedia":[{"embeddable":true,"href":"https:\/\/wholesale.md\/ru\/wp-json\/wp\/v2\/media\/19437"}],"wp:attachment":[{"href":"https:\/\/wholesale.md\/ru\/wp-json\/wp\/v2\/media?parent=19705"}],"wp:term":[{"taxonomy":"product_brand","embeddable":true,"href":"https:\/\/wholesale.md\/ru\/wp-json\/wp\/v2\/product_brand?post=19705"},{"taxonomy":"product_cat","embeddable":true,"href":"https:\/\/wholesale.md\/ru\/wp-json\/wp\/v2\/product_cat?post=19705"},{"taxonomy":"product_tag","embeddable":true,"href":"https:\/\/wholesale.md\/ru\/wp-json\/wp\/v2\/product_tag?post=19705"}],"curies":[{"name":"wp","href":"https:\/\/api.w.org\/{rel}","templated":true}]}}