{"id":19697,"date":"2022-01-13T00:00:00","date_gmt":"2022-01-13T00:00:00","guid":{"rendered":"https:\/\/wholesale.md\/index.php\/produs\/2-plex-bond-stabilizer\/"},"modified":"2024-07-08T11:39:31","modified_gmt":"2024-07-08T11:39:31","slug":"2-plex-bond-stabilizer","status":"publish","type":"product","link":"https:\/\/wholesale.md\/ru\/product\/2-plex-bond-stabilizer\/","title":{"rendered":"#2 PLEX BOND STABILIZER"},"content":{"rendered":"<p><strong>#2 Plex Bond Stabilizator pentru p\u0103r 330ml<\/strong><\/p>\n<p>A doua etap\u0103 a sistemului <strong>MASTERPLEX<\/strong>. Amplific\u0103 \u0219i fixeaz\u0103 procesul\u00a0<strong>MASTERPLEX #<\/strong>1. Reface structura p\u0103rului, restabileste rezisten\u021ba firelor, face p\u0103rul dens \u0219i confer\u0103 o str\u0103lucire intens\u0103. Se utilizeaz\u0103 imediat dup\u0103 ultima etap\u0103 de colorare.<\/p>\n<p><strong>Mod de aplicare:<\/strong>\u00a0sp\u0103la\u021bi compozi\u021bia colorant\u0103 sau decolorant\u0103 cu ap\u0103, f\u0103r\u0103 a utiliza \u0219amponul. Efectua\u021bi tonifierea dac\u0103 este necesar. Cl\u0103ti\u021bi bine p\u0103rul cu mult\u0103 ap\u0103 \u0219i usca\u021bi cu ajutorul prosopului. Pute\u021bi aplica suplimentar solu\u021bia\u00a0<strong>\u00abPREPROTECTOR\u00bb\u00a0<\/strong>timp de 5 minute pentru un efect mai profund. F\u0103r\u0103 cl\u0103tire, trece\u021bi la pasul urm\u0103tor. Aplica\u021bi o cantitate suficient\u0103 de\u00a0<strong>MASTERPLEX #2<\/strong>\u00a0(de la 5 p\u00e2n\u0103 la 25 doze), piept\u0103na\u021bi u\u0219or. \u021aine\u021bi cel pu\u021bin 10 minute. Sp\u0103la\u021bi p\u0103rul folosind \u0219amponul \u0219i balsamul, apoi pute\u021bi aplica crema elixir pentru restaurare\u00a0<strong>MASTERPLEX #6<\/strong>.<\/p>\n<p><b>Ingredients : <\/b><span style=\"font-weight: 400;\">AQUA, CETEARYL ALCOHOL, HYDROXYETHYL CELLULOSE, BEHENTRIMONIUM CHLORIDE, SILICONE QUATERNIUM-20, PARAFFINUM LIQUIDUM, STEARAMIDOPROPYL DIMETHYLAMINE, HYDROXYPROPYL GLUCONAMIDE, HYDROXYPROPYL AMMONIUM GLUCONATE POLYQUATERNIUM 22, PEG-30 LANOLIN, METHYL CHILOROKSOTHIAZOLINONE, METHYLISOTHIAZOLINONE, CITRIC ACID, AMODIMETHICONE, TRIDECETH-12 CETRIMONIUM CHLORIDE. PANTHENOL, PARFUM, BENZIL. SALICYLATE, BUTYLPHENYL METHYLPROPIONAL, HEXYL CINNAMAL, LIMONENE<\/span><span style=\"font-weight: 400;\"><\/p>\n<p><\/span><\/p>","protected":false},"excerpt":{"rendered":"<p>Plex Bond Stabilizator pentru p\u0103r<\/p>","protected":false},"featured_media":19699,"template":"","meta":[],"product_brand":[],"product_cat":[72,1505],"product_tag":[],"class_list":{"0":"post-19697","1":"product","2":"type-product","3":"status-publish","4":"has-post-thumbnail","6":"product_cat-ingrijirea-parului","7":"product_cat-vopsirea-parului","9":"first","10":"instock","11":"purchasable","12":"product-type-simple"},"jetpack_sharing_enabled":true,"_links":{"self":[{"href":"https:\/\/wholesale.md\/ru\/wp-json\/wp\/v2\/product\/19697","targetHints":{"allow":["GET"]}}],"collection":[{"href":"https:\/\/wholesale.md\/ru\/wp-json\/wp\/v2\/product"}],"about":[{"href":"https:\/\/wholesale.md\/ru\/wp-json\/wp\/v2\/types\/product"}],"version-history":[{"count":0,"href":"https:\/\/wholesale.md\/ru\/wp-json\/wp\/v2\/product\/19697\/revisions"}],"wp:featuredmedia":[{"embeddable":true,"href":"https:\/\/wholesale.md\/ru\/wp-json\/wp\/v2\/media\/19699"}],"wp:attachment":[{"href":"https:\/\/wholesale.md\/ru\/wp-json\/wp\/v2\/media?parent=19697"}],"wp:term":[{"taxonomy":"product_brand","embeddable":true,"href":"https:\/\/wholesale.md\/ru\/wp-json\/wp\/v2\/product_brand?post=19697"},{"taxonomy":"product_cat","embeddable":true,"href":"https:\/\/wholesale.md\/ru\/wp-json\/wp\/v2\/product_cat?post=19697"},{"taxonomy":"product_tag","embeddable":true,"href":"https:\/\/wholesale.md\/ru\/wp-json\/wp\/v2\/product_tag?post=19697"}],"curies":[{"name":"wp","href":"https:\/\/api.w.org\/{rel}","templated":true}]}}