{"id":19692,"date":"2022-01-13T00:00:00","date_gmt":"2022-01-13T00:00:00","guid":{"rendered":"https:\/\/wholesale.md\/index.php\/produs\/1-plex-bond-essence\/"},"modified":"2024-07-08T11:39:46","modified_gmt":"2024-07-08T11:39:46","slug":"1-plex-bond-essence","status":"publish","type":"product","link":"https:\/\/wholesale.md\/ru\/product\/1-plex-bond-essence\/","title":{"rendered":"#1 PLEX BOND ESSENCE"},"content":{"rendered":"<p><strong>#1 Plex Bond Esen\u021b\u0103 concentrat\u0103 pentru p\u0103r 330ml<\/strong><\/p>\n<p>Prima etap\u0103 a sistemului <strong>MASTERPLEX<\/strong>. Con\u021bine complexul brevetat\u00a0<strong>FiberHance\u2122 BM<\/strong>\u00a0de la\u00a0<strong>FIBERPLEX<\/strong>\u00a0\u00een concentra\u021bie maxim\u0103. Reface leg\u0103turile disulfidice \u00een stratul de keratin\u0103 al p\u0103rului \u0219i previne distrugerea proteinelor de keratin\u0103 \u00een momentul color\u0103rii. Conceput pentru a fi ad\u0103ugat la orice colorare, utiliza\u021bi serviciul\u00a0<strong>\u00abPREPROTECTOR\u00bb<\/strong>\u00a0\u00a0\u2013 protec\u021bie activ\u0103 a p\u0103rului \u00eenainte de colorare sau\u00a0<strong>\u00abREBUILDING\u00bb<\/strong>\u00a0\u2013 restaurare intensiv\u0103.<\/p>\n<p><strong>Pentru decolorare<\/strong>, ad\u0103uga\u021bi 2 doze complete la 30 g de produs de decolorare (pudr\u0103\/crem\u0103). C\u00e2nd amesteca\u021bi pudra pentru decolorare cu crema pentru decolorare, doza se calculeaz\u0103 pentru gramajul total.<\/p>\n<p>La colorare \u0219i tonifiere, ad\u0103uga\u021bi 1 doz\u0103 complet\u0103 la 25 g de colorant.<\/p>\n<p><strong>\u201ePREPROTECTOR\u201d<\/strong>\u00a0<strong>\u00eenainte de orice procedur\u0103:<\/strong>\u00a0amesteca\u021bi 10 doze cu 85 ml de ap\u0103 \u00eentr-o sticl\u0103 de pulverizare \u0219i aplica\u021bi o cantitate suficient\u0103 pe p\u0103rul curat, uscat (sau umed). Usca\u021bi apoi cu un usc\u0103tor de p\u0103r \u0219i continua\u021bi cu procedurile dorite.<\/p>\n<p><strong>\u00abREBUILDING\u00bb<\/strong>\u00a0<strong>Restabilirea intensiv\u0103 a tuturor tipurilor de p\u0103r f\u0103r\u0103 decolorare:<\/strong>\u00a0Se amestec\u0103 10 doze cu 85 ml de ap\u0103 \u00eentr-o sticl\u0103 de pulverizare \u0219i se aplic\u0103 o cantitate suficient\u0103 pe p\u0103rul curat, uscat (sau umed).<\/p>\n<p><b>Ingredients : <\/b><span style=\"font-weight: 400;\">AQUA, HYDROXYPROPYL GLUCONAMIDE, HYDROXYPROPYL AMMONIUM GLUCONATE, METHYLCHLOROISOTHIAZOLINONE, METHYLISOTHIAZOLINONE<\/span><span style=\"font-weight: 400;\"><br \/>\n<\/span><\/p>","protected":false},"excerpt":{"rendered":"<p>Plex Bond Esen\u021b\u0103 concentrat\u0103 pentru p\u0103r<\/p>","protected":false},"featured_media":19694,"template":"","meta":[],"product_brand":[],"product_cat":[72,1505],"product_tag":[],"class_list":{"0":"post-19692","1":"product","2":"type-product","3":"status-publish","4":"has-post-thumbnail","6":"product_cat-ingrijirea-parului","7":"product_cat-vopsirea-parului","9":"first","10":"instock","11":"purchasable","12":"product-type-simple"},"jetpack_sharing_enabled":true,"_links":{"self":[{"href":"https:\/\/wholesale.md\/ru\/wp-json\/wp\/v2\/product\/19692","targetHints":{"allow":["GET"]}}],"collection":[{"href":"https:\/\/wholesale.md\/ru\/wp-json\/wp\/v2\/product"}],"about":[{"href":"https:\/\/wholesale.md\/ru\/wp-json\/wp\/v2\/types\/product"}],"version-history":[{"count":0,"href":"https:\/\/wholesale.md\/ru\/wp-json\/wp\/v2\/product\/19692\/revisions"}],"wp:featuredmedia":[{"embeddable":true,"href":"https:\/\/wholesale.md\/ru\/wp-json\/wp\/v2\/media\/19694"}],"wp:attachment":[{"href":"https:\/\/wholesale.md\/ru\/wp-json\/wp\/v2\/media?parent=19692"}],"wp:term":[{"taxonomy":"product_brand","embeddable":true,"href":"https:\/\/wholesale.md\/ru\/wp-json\/wp\/v2\/product_brand?post=19692"},{"taxonomy":"product_cat","embeddable":true,"href":"https:\/\/wholesale.md\/ru\/wp-json\/wp\/v2\/product_cat?post=19692"},{"taxonomy":"product_tag","embeddable":true,"href":"https:\/\/wholesale.md\/ru\/wp-json\/wp\/v2\/product_tag?post=19692"}],"curies":[{"name":"wp","href":"https:\/\/api.w.org\/{rel}","templated":true}]}}