{"id":19690,"date":"2022-01-13T00:00:00","date_gmt":"2022-01-13T00:00:00","guid":{"rendered":"https:\/\/wholesale.md\/index.php\/produs\/scalp-hair-mask-2\/"},"modified":"2024-06-19T16:25:42","modified_gmt":"2024-06-19T16:25:42","slug":"bio-botanical-scalp-hair-mask-2","status":"publish","type":"product","link":"https:\/\/wholesale.md\/ru\/product\/bio-botanical-scalp-hair-mask-2\/","title":{"rendered":"BIO-BOTANICAL SCALP &#038; HAIR MASK"},"content":{"rendered":"<p><strong>Masc\u0103 pentru scalp \u0219i p\u0103r 970 ml<\/strong><\/p>\n<p>pH 4,5<\/p>\n<p>Masc\u0103 pentru \u00eengrijirea scalpului \u0219i p\u0103rului cu probleme. F\u0103r\u0103 parabeni \u0219i iritan\u021bi. Regenereaz\u0103 pielea datorit\u0103 bisabololului, mu\u0219e\u021belului medicinal \u0219i uleiului de eucalipt, pantenolului \u0219i alantoinei. Restabile\u0219te echilibrul hidro-lipidic \u0219i regleaz\u0103 secre\u021bia pielii folosind urzic\u0103, ricin \u0219i ulei de cocos. Arborele de ceai ofer\u0103 m\u0103\u0219tii efecte antiinflamatorii \u0219i antiseptice. Promoveaz\u0103 cre\u0219terea p\u0103rului \u0219i previne m\u0103trea\u021ba. SilPLEX\u00ae \u00een masc\u0103 favorizeaz\u0103 p\u0103trunderea \u0219i re\u021binerea compozi\u021biei active \u00een structura p\u0103rului \u0219i a scalpului. Potrivit pentru utilizare zilnic\u0103 \u0219i aplicare pe scalp. Conceput special pentru utilizare pe p\u0103rul natural \u0219i vopsit.<\/p>\n<p>Ingrediente: AQUA, ALCOHOL CETEARIL, GLICERINA, ) PARAFFINUM LIQUIDUM. CLORUR\u0102 DE BEHENTRIMONIUM, CLORUR\u0102 DE CETRIMONIU, ULEI DE SEMIN\u021aE DE RICINUS COMUNIS, ULEI DE COCOS HIDROGENAT, ULEI DE FLORI ANTHEMIS NOBILIS, ULEI DE FRUNZ\u0102 DE EUCALIPT GLOBULUS, SILICON CUATERNIU 20, AMODIMETHICONE, PILANT, DOLANT, DOLANT, POLITICA EXTRACT DE IOICA, DIAZOLIDINIL UREE , MELALEUCA ALTERNIFOLIA ) EXTRACT DE FRUNZ\u0102, FENOXIETHANOL, METILCLOROISOTIAZOLINON\u0102,, METILIZOTIAZOLINON\u0102, ACID CITRIC, TETRASODIUM EDTA, PARFUM, HEXIL CINNAMAL, CI 19140, CI 42090<\/p>","protected":false},"excerpt":{"rendered":"<p>Masc\u0103 pentru scalp \u0219i p\u0103r 970 ml<\/p>","protected":false},"featured_media":19417,"template":"","meta":[],"product_brand":[],"product_cat":[72,1500],"product_tag":[],"class_list":{"0":"post-19690","1":"product","2":"type-product","3":"status-publish","4":"has-post-thumbnail","6":"product_cat-ingrijirea-parului","7":"product_cat-masti-de-par","9":"first","10":"instock","11":"purchasable","12":"product-type-simple"},"jetpack_sharing_enabled":true,"_links":{"self":[{"href":"https:\/\/wholesale.md\/ru\/wp-json\/wp\/v2\/product\/19690","targetHints":{"allow":["GET"]}}],"collection":[{"href":"https:\/\/wholesale.md\/ru\/wp-json\/wp\/v2\/product"}],"about":[{"href":"https:\/\/wholesale.md\/ru\/wp-json\/wp\/v2\/types\/product"}],"version-history":[{"count":0,"href":"https:\/\/wholesale.md\/ru\/wp-json\/wp\/v2\/product\/19690\/revisions"}],"wp:featuredmedia":[{"embeddable":true,"href":"https:\/\/wholesale.md\/ru\/wp-json\/wp\/v2\/media\/19417"}],"wp:attachment":[{"href":"https:\/\/wholesale.md\/ru\/wp-json\/wp\/v2\/media?parent=19690"}],"wp:term":[{"taxonomy":"product_brand","embeddable":true,"href":"https:\/\/wholesale.md\/ru\/wp-json\/wp\/v2\/product_brand?post=19690"},{"taxonomy":"product_cat","embeddable":true,"href":"https:\/\/wholesale.md\/ru\/wp-json\/wp\/v2\/product_cat?post=19690"},{"taxonomy":"product_tag","embeddable":true,"href":"https:\/\/wholesale.md\/ru\/wp-json\/wp\/v2\/product_tag?post=19690"}],"curies":[{"name":"wp","href":"https:\/\/api.w.org\/{rel}","templated":true}]}}