{"id":19688,"date":"2022-01-13T00:00:00","date_gmt":"2022-01-13T00:00:00","guid":{"rendered":"https:\/\/wholesale.md\/index.php\/produs\/anti-dandruff-hair-loss-shampoo-2\/"},"modified":"2024-06-19T16:26:46","modified_gmt":"2024-06-19T16:26:46","slug":"bio-botanical-anti-dandruff-hair-loss-shampoo-2","status":"publish","type":"product","link":"https:\/\/wholesale.md\/ru\/product\/bio-botanical-anti-dandruff-hair-loss-shampoo-2\/","title":{"rendered":"BIO-BOTANICAL ANTI DANDRUFF &#038; HAIR LOSS SHAMPOO"},"content":{"rendered":"<p><strong>Sampon impotriva matretii si caderii parului 970ml<\/strong><\/p>\n<p>pH 5,5<\/p>\n<p>\u0218ampon delicat f\u0103r\u0103 sulfa\u021bi, f\u0103r\u0103 parabeni \u0219i al\u021bi iritan\u021bi. Pyrithione Zincul \u0219i urzica elimin\u0103 m\u0103trea\u021ba. Uleiul de ment\u0103, cofeina \u0219i taurina stimuleaz\u0103 circula\u021bia s\u00e2ngelui. O nou\u0103 cre\u0219tere a p\u0103rului este asigurat\u0103 datorit\u0103 complexului patentat PHYTOCHEM\u00ae HAIR LOSS SP, vitamina PP, chinin\u0103, ulei de argan \u0219i unt de shea. Ceaiul verde, galbenele, scumpia \u0219i uleiul medicinal de mu\u0219e\u021bel amelioreaz\u0103 irita\u021bia, descuamarea \u0219i m\u00e2nc\u0103rimea. Pantenolul, gluconolactona \u0219i probioticul PM Yogurt\u00ae ajut\u0103 la restabilirea microflorei \u0219i la normalizarea stratului hidrolipidic &#8211; bariera natural\u0103 de protec\u021bie a scalpului. Potrivit pentru utilizare zilnic\u0103 \u0219i aplicare pe scalp. Conceput special pentru utilizare pe p\u0103rul natural \u0219i vopsit.<\/p>\n<p>Ingrediente: AQUA SODIUM LAUROYL, METHM, ISETIONAT, LAUREN GLUCOSIDE, COCAMIDOPROPYL. BETAIN\u0102, ZINC PYR THION, PANTENOL, NIACINAM\u0102, TAURIN\u0102 GLUCONO DELTA LACTONE, COFEIN\u0102, ULEI DE MENTA PIPERITA, ULEI DE FLORI ANTHEMIS NOBILIS POLICUATERNIU-7, SILICON CUATERNIU-20, PEG-40 HITORIDOXODIOL, CODIOLIDICOL . DENAT DE ALCOOL, ACETAT DE TOCOFERIL, PIRIDOXIN\u0102, HO, CLORUR\u0102 DE ZINC, ACETILCISTEIN\u0102, GLUTAMIN\u0102, METIONIN\u0102, LIZAT DE SACHAROMYCES, FILTRAT DE FERMENT LACTOBACILLUS BULGARICUS, STREPTOCOCCUS TERMOFILIN SODIC, STREPTOCOCUS PIRIDOXINA, EXTRACT DE COCOA DE CINCHONA SUCCIRUBRA, BENZOAT DE SODIU, SORBAT DE POTASIU, BUTYROSPERMUM PARKII, S\u0102MBUL ARGANIA SPINOSA. EXTRACT DE ULEI DE CALENDULA OFFICINALIS, DIAZOLIDINYL. UREA COTINUS COGGYGRIA LEAF EXTRACT,. EXTRACT DE URTICA DIOICA, EXTRACT DE FRUNZE DE CAMELLIA SINENSIS, ACRILATI\/ALCHIL C10-30. CROSPOLIMER ACRILAT, TRIETANOLAMIN\u0102, CIRIGNACO, EDTA DISODIC, METILCLOROISOTIAZOLINON\u0102. METILIZOTIAZOLINON\u0102 PARFUM, HEIML CINAMAL.<\/p>","protected":false},"excerpt":{"rendered":"<p>Sampon impotriva matretii si caderii parului 970ml<\/p>","protected":false},"featured_media":19420,"template":"","meta":[],"product_brand":[],"product_cat":[72,1496],"product_tag":[],"class_list":{"0":"post-19688","1":"product","2":"type-product","3":"status-publish","4":"has-post-thumbnail","6":"product_cat-ingrijirea-parului","7":"product_cat-sampoane","9":"first","10":"instock","11":"purchasable","12":"product-type-simple"},"jetpack_sharing_enabled":true,"_links":{"self":[{"href":"https:\/\/wholesale.md\/ru\/wp-json\/wp\/v2\/product\/19688","targetHints":{"allow":["GET"]}}],"collection":[{"href":"https:\/\/wholesale.md\/ru\/wp-json\/wp\/v2\/product"}],"about":[{"href":"https:\/\/wholesale.md\/ru\/wp-json\/wp\/v2\/types\/product"}],"version-history":[{"count":0,"href":"https:\/\/wholesale.md\/ru\/wp-json\/wp\/v2\/product\/19688\/revisions"}],"wp:featuredmedia":[{"embeddable":true,"href":"https:\/\/wholesale.md\/ru\/wp-json\/wp\/v2\/media\/19420"}],"wp:attachment":[{"href":"https:\/\/wholesale.md\/ru\/wp-json\/wp\/v2\/media?parent=19688"}],"wp:term":[{"taxonomy":"product_brand","embeddable":true,"href":"https:\/\/wholesale.md\/ru\/wp-json\/wp\/v2\/product_brand?post=19688"},{"taxonomy":"product_cat","embeddable":true,"href":"https:\/\/wholesale.md\/ru\/wp-json\/wp\/v2\/product_cat?post=19688"},{"taxonomy":"product_tag","embeddable":true,"href":"https:\/\/wholesale.md\/ru\/wp-json\/wp\/v2\/product_tag?post=19688"}],"curies":[{"name":"wp","href":"https:\/\/api.w.org\/{rel}","templated":true}]}}