{"id":19672,"date":"2022-01-13T00:00:00","date_gmt":"2022-01-13T00:00:00","guid":{"rendered":"https:\/\/wholesale.md\/index.php\/produs\/gsp-t-complex-2\/"},"modified":"2024-07-08T11:40:55","modified_gmt":"2024-07-08T11:40:55","slug":"gsp-t-complex-2","status":"publish","type":"product","link":"https:\/\/wholesale.md\/ru\/product\/gsp-t-complex-2\/","title":{"rendered":"GSP-T COMPLEX"},"content":{"rendered":"<p>Concentrat GSP-T\u00ae cu cheratina, matase, struguri si ulei de ricin 330 ml<\/p>\n<p>pH 4,5<\/p>\n<p>\u00cengrijire suplimentar\u0103 a p\u0103rului f\u0103r\u0103 \u00eendoial\u0103. \u00cent\u0103re\u0219te propriet\u0103\u021bile protectoare ale m\u0103\u0219tilor \u0219i balsamurilor de p\u0103r. Creeaza o bariera protectoare care retine culoarea si componentele nutritive in structura parului. Protejeaz\u0103 \u00eempotriva influen\u021belor fizice \u0219i chimice d\u0103un\u0103toare externe. Puternic antioxidant \u0219i protec\u021bie \u00eempotriva radia\u021biilor UV. Are efect antistatic, confera o stralucire sanatoasa, ofera catifelare si netezime. Neteze\u0219te p\u0103rul \u0219i faciliteaz\u0103 coafarea.<\/p>","protected":false},"excerpt":{"rendered":"<p>Concentrat GSP-T\u00ae cu cheratina, matase, struguri si ulei de ricin 330 ml<\/p>","protected":false},"featured_media":19443,"template":"","meta":[],"product_brand":[],"product_cat":[72,1499],"product_tag":[],"class_list":{"0":"post-19672","1":"product","2":"type-product","3":"status-publish","4":"has-post-thumbnail","6":"product_cat-ingrijirea-parului","7":"product_cat-styling","9":"first","10":"instock","11":"purchasable","12":"product-type-simple"},"jetpack_sharing_enabled":true,"_links":{"self":[{"href":"https:\/\/wholesale.md\/ru\/wp-json\/wp\/v2\/product\/19672","targetHints":{"allow":["GET"]}}],"collection":[{"href":"https:\/\/wholesale.md\/ru\/wp-json\/wp\/v2\/product"}],"about":[{"href":"https:\/\/wholesale.md\/ru\/wp-json\/wp\/v2\/types\/product"}],"version-history":[{"count":0,"href":"https:\/\/wholesale.md\/ru\/wp-json\/wp\/v2\/product\/19672\/revisions"}],"wp:featuredmedia":[{"embeddable":true,"href":"https:\/\/wholesale.md\/ru\/wp-json\/wp\/v2\/media\/19443"}],"wp:attachment":[{"href":"https:\/\/wholesale.md\/ru\/wp-json\/wp\/v2\/media?parent=19672"}],"wp:term":[{"taxonomy":"product_brand","embeddable":true,"href":"https:\/\/wholesale.md\/ru\/wp-json\/wp\/v2\/product_brand?post=19672"},{"taxonomy":"product_cat","embeddable":true,"href":"https:\/\/wholesale.md\/ru\/wp-json\/wp\/v2\/product_cat?post=19672"},{"taxonomy":"product_tag","embeddable":true,"href":"https:\/\/wholesale.md\/ru\/wp-json\/wp\/v2\/product_tag?post=19672"}],"curies":[{"name":"wp","href":"https:\/\/api.w.org\/{rel}","templated":true}]}}