{"id":19670,"date":"2022-01-13T00:00:00","date_gmt":"2022-01-13T00:00:00","guid":{"rendered":"https:\/\/wholesale.md\/index.php\/produs\/lifting-collagen-hair-balm-2\/"},"modified":"2024-06-19T16:31:32","modified_gmt":"2024-06-19T16:31:32","slug":"lifting-collagen-hair-balm-2","status":"publish","type":"product","link":"https:\/\/wholesale.md\/ru\/product\/lifting-collagen-hair-balm-2\/","title":{"rendered":"LIFTING COLLAGEN HAIR BALM"},"content":{"rendered":"<p>Balsam lifting cu colagen 970ml<\/p>\n<p>pH 4,5<\/p>\n<p>Un balsam puternic de lifting pentru p\u0103rul foarte deteriorat, \u00eencre\u021bit, decolorat \u0219i ondulat chimic. Structureaz\u0103 bucla \u0219i elimin\u0103 \u00eencre\u021birea, creeaz\u0103 volum, hidrateaz\u0103, face p\u0103rul neted \u0219i elastic. Descurc\u0103 chiar \u0219i cel mai \u00eenc\u00e2lcit \u0219i de nepiept\u0103nat p\u0103r. Sistemul patentat SilPLEX\u00ae elimin\u0103 deteriorarea, ruperea \u0219i porozitatea p\u0103rului. Colagenul \u0219i trandafirul de Damasc au efecte antioxidante puternice. Uleiurile de shea, macadamia, avocado, c\u0103tin\u0103 \u0219i palmier hidrateaz\u0103 \u0219i \u00eemprosp\u0103teaz\u0103 p\u0103rul. Calmeaza si reface scalpul datorita pantenolului inclus in compozitie. Potrivit pentru utilizare zilnic\u0103 \u0219i aplicare pe scalp.<\/p>","protected":false},"excerpt":{"rendered":"<p>Balsam de p\u0103r cu colagen<\/p>","protected":false},"featured_media":19423,"template":"","meta":[],"product_brand":[],"product_cat":[1497,72],"product_tag":[],"class_list":{"0":"post-19670","1":"product","2":"type-product","3":"status-publish","4":"has-post-thumbnail","6":"product_cat-balsamuri-de-par","7":"product_cat-ingrijirea-parului","9":"first","10":"instock","11":"purchasable","12":"product-type-simple"},"jetpack_sharing_enabled":true,"_links":{"self":[{"href":"https:\/\/wholesale.md\/ru\/wp-json\/wp\/v2\/product\/19670","targetHints":{"allow":["GET"]}}],"collection":[{"href":"https:\/\/wholesale.md\/ru\/wp-json\/wp\/v2\/product"}],"about":[{"href":"https:\/\/wholesale.md\/ru\/wp-json\/wp\/v2\/types\/product"}],"version-history":[{"count":0,"href":"https:\/\/wholesale.md\/ru\/wp-json\/wp\/v2\/product\/19670\/revisions"}],"wp:featuredmedia":[{"embeddable":true,"href":"https:\/\/wholesale.md\/ru\/wp-json\/wp\/v2\/media\/19423"}],"wp:attachment":[{"href":"https:\/\/wholesale.md\/ru\/wp-json\/wp\/v2\/media?parent=19670"}],"wp:term":[{"taxonomy":"product_brand","embeddable":true,"href":"https:\/\/wholesale.md\/ru\/wp-json\/wp\/v2\/product_brand?post=19670"},{"taxonomy":"product_cat","embeddable":true,"href":"https:\/\/wholesale.md\/ru\/wp-json\/wp\/v2\/product_cat?post=19670"},{"taxonomy":"product_tag","embeddable":true,"href":"https:\/\/wholesale.md\/ru\/wp-json\/wp\/v2\/product_tag?post=19670"}],"curies":[{"name":"wp","href":"https:\/\/api.w.org\/{rel}","templated":true}]}}