{"id":19664,"date":"2022-01-13T00:00:00","date_gmt":"2022-01-13T00:00:00","guid":{"rendered":"https:\/\/wholesale.md\/index.php\/produs\/micellar-chelating-detox-shampoo-2\/"},"modified":"2024-06-19T16:34:25","modified_gmt":"2024-06-19T16:34:25","slug":"micellar-chelating-detox-shampoo-2","status":"publish","type":"product","link":"https:\/\/wholesale.md\/ru\/product\/micellar-chelating-detox-shampoo-2\/","title":{"rendered":"MICELLAR CHELATING DETOX SHAMPOO"},"content":{"rendered":"<p>Sampon micelar detoxifiere chelat 970ml<\/p>\n<p>pH 5,5<\/p>\n<p>Sampon pentru curatarea maxima a scalpului de matreata, celulele moarte sau moarte si detoxifierea parului cu acizi AHA si exfolianti solubili cu acid lactic. Un amestec de sulfa\u021bi \u0219i agen\u021bi tensioactivi f\u0103r\u0103 sulfati ofer\u0103 o cur\u0103\u021bare bl\u00e2nd\u0103, dar puternic\u0103. Kelp \u0219i agen\u021bii chelatori au efect detoxifiant \u0219i ajut\u0103 la eliminarea toxinelor \u0219i la neutralizarea radicalilor liberi. Ionii de magneziu, zinc \u0219i cupru favorizeaz\u0103 demineralizarea p\u0103rului \u0219i a scalpului, \u00eenmoaie pH-ul apei dure, neutraliz\u00e2nd efectele clorului, s\u0103rurilor \u0219i metalelor. Pantenolul, alantoina, bisabololul \u0219i uleiul de lavand\u0103 favorizeaz\u0103 regenerarea pielii \u0219i au efecte antiinflamatorii, antiseptice \u0219i antibacteriene.<\/p>","protected":false},"excerpt":{"rendered":"<p>Sampon micelar detoxifiere chelat 970ml<\/p>","protected":false},"featured_media":19421,"template":"","meta":[],"product_brand":[],"product_cat":[72,1496],"product_tag":[],"class_list":{"0":"post-19664","1":"product","2":"type-product","3":"status-publish","4":"has-post-thumbnail","6":"product_cat-ingrijirea-parului","7":"product_cat-sampoane","9":"first","10":"instock","11":"purchasable","12":"product-type-simple"},"jetpack_sharing_enabled":true,"_links":{"self":[{"href":"https:\/\/wholesale.md\/ru\/wp-json\/wp\/v2\/product\/19664","targetHints":{"allow":["GET"]}}],"collection":[{"href":"https:\/\/wholesale.md\/ru\/wp-json\/wp\/v2\/product"}],"about":[{"href":"https:\/\/wholesale.md\/ru\/wp-json\/wp\/v2\/types\/product"}],"version-history":[{"count":0,"href":"https:\/\/wholesale.md\/ru\/wp-json\/wp\/v2\/product\/19664\/revisions"}],"wp:featuredmedia":[{"embeddable":true,"href":"https:\/\/wholesale.md\/ru\/wp-json\/wp\/v2\/media\/19421"}],"wp:attachment":[{"href":"https:\/\/wholesale.md\/ru\/wp-json\/wp\/v2\/media?parent=19664"}],"wp:term":[{"taxonomy":"product_brand","embeddable":true,"href":"https:\/\/wholesale.md\/ru\/wp-json\/wp\/v2\/product_brand?post=19664"},{"taxonomy":"product_cat","embeddable":true,"href":"https:\/\/wholesale.md\/ru\/wp-json\/wp\/v2\/product_cat?post=19664"},{"taxonomy":"product_tag","embeddable":true,"href":"https:\/\/wholesale.md\/ru\/wp-json\/wp\/v2\/product_tag?post=19664"}],"curies":[{"name":"wp","href":"https:\/\/api.w.org\/{rel}","templated":true}]}}