{"id":19594,"date":"2022-01-13T00:00:00","date_gmt":"2022-01-13T00:00:00","guid":{"rendered":"https:\/\/wholesale.md\/index.php\/produs\/5-oils-arganic-shampoo-2\/"},"modified":"2024-06-19T16:35:35","modified_gmt":"2024-06-19T16:35:35","slug":"5-oils-arganic-shampoo-2","status":"publish","type":"product","link":"https:\/\/wholesale.md\/ru\/product\/5-oils-arganic-shampoo-2\/","title":{"rendered":"5 OILS ARGANIC SHAMPOO"},"content":{"rendered":"<p>Sampon regenerant cu argan cu 5 uleiuri 970ml<\/p>\n<p>pH 5,5<\/p>\n<p>Un \u0219ampon bl\u00e2nd, hr\u0103nitor, netezitor pentru p\u0103rul uscat, deteriorat, poros \u0219i \u00eencre\u021bit. Cur\u0103\u021b\u0103 u\u0219or \u0219i eficient p\u0103rul datorit\u0103 unui amestec de sulfa\u021bi \u0219i agen\u021bi tensioactivi f\u0103r\u0103 sulfati. Un \u00eentreg complex de uleiuri incluse \u00een compozi\u021bie reface \u0219i umple structura p\u0103rului. Sistemul patentat SilPLEX\u00ae elimin\u0103 deteriorarea, ruperea \u0219i porozitatea p\u0103rului. Ricinul, uleiul de argan \u0219i vitamina PP accelereaz\u0103 cre\u0219terea p\u0103rului \u0219i regenereaz\u0103 scalpul. \u0218amponul ofer\u0103 str\u0103lucire luxoas\u0103, elasticitate \u0219i m\u0103t\u0103sos datorit\u0103 uleiurilor de m\u0103sline, migdale \u0219i jojoba. Pantenolul calmeaza si hidrateaza scalpul. Potrivit pentru utilizare zilnic\u0103 \u0219i aplicare pe scalp.<\/p>","protected":false},"excerpt":{"rendered":"<p>Sampon regenerant cu argan cu 5 uleiuri 970ml<\/p>","protected":false},"featured_media":19606,"template":"","meta":[],"product_brand":[],"product_cat":[72,1496],"product_tag":[],"class_list":{"0":"post-19594","1":"product","2":"type-product","3":"status-publish","4":"has-post-thumbnail","6":"product_cat-ingrijirea-parului","7":"product_cat-sampoane","9":"first","10":"instock","11":"purchasable","12":"product-type-simple"},"jetpack_sharing_enabled":true,"_links":{"self":[{"href":"https:\/\/wholesale.md\/ru\/wp-json\/wp\/v2\/product\/19594","targetHints":{"allow":["GET"]}}],"collection":[{"href":"https:\/\/wholesale.md\/ru\/wp-json\/wp\/v2\/product"}],"about":[{"href":"https:\/\/wholesale.md\/ru\/wp-json\/wp\/v2\/types\/product"}],"version-history":[{"count":0,"href":"https:\/\/wholesale.md\/ru\/wp-json\/wp\/v2\/product\/19594\/revisions"}],"wp:featuredmedia":[{"embeddable":true,"href":"https:\/\/wholesale.md\/ru\/wp-json\/wp\/v2\/media\/19606"}],"wp:attachment":[{"href":"https:\/\/wholesale.md\/ru\/wp-json\/wp\/v2\/media?parent=19594"}],"wp:term":[{"taxonomy":"product_brand","embeddable":true,"href":"https:\/\/wholesale.md\/ru\/wp-json\/wp\/v2\/product_brand?post=19594"},{"taxonomy":"product_cat","embeddable":true,"href":"https:\/\/wholesale.md\/ru\/wp-json\/wp\/v2\/product_cat?post=19594"},{"taxonomy":"product_tag","embeddable":true,"href":"https:\/\/wholesale.md\/ru\/wp-json\/wp\/v2\/product_tag?post=19594"}],"curies":[{"name":"wp","href":"https:\/\/api.w.org\/{rel}","templated":true}]}}