{"id":19577,"date":"2022-01-12T00:00:00","date_gmt":"2022-01-12T00:00:00","guid":{"rendered":"https:\/\/wholesale.md\/index.php\/produs\/6-set-detox-line\/"},"modified":"2024-06-19T16:39:33","modified_gmt":"2024-06-19T16:39:33","slug":"6-set-detox-line","status":"publish","type":"product","link":"https:\/\/wholesale.md\/ru\/product\/6-set-detox-line\/","title":{"rendered":"# 6 Set Detox Line"},"content":{"rendered":"<p><b>\u00a0DETOX CLEAN<\/b><\/p>\n<p><strong>Detoxifierea \u0219i peeling-ul scalpului\u00a0<\/strong><\/p>\n<p><b>Detoxifierea<\/b><span style=\"font-weight: 400;\"> &#8211; aceasta este o procedur\u0103 pentru eliminarea toxinelor \u0219i semi-dezintegr\u0103rii substan\u021belor anorganice din p\u0103r \u0219i scalp. P\u0103rul este la fel ca un burete ce absoarbe toate microelementele din aer,ap\u0103 \u0219i produse cosmetice. \u00cen apa de mare &#8211; acestea sunt sarea \u0219i microparticule de nisip, \u00een bazin \u0219i apa curg\u0103toare \u2013 acestea sunt clorul, metalele, amestecurile de minerale etc. R\u0103\u0219inile, polimerii <\/span><span style=\"font-weight: 400;\">\u0219i siliconii din produsele cosmetice, atunci c\u00e2nd sunt suprasaturate creeaz\u0103 o acoperire matifiant\u0103 \u0219i \u00eengreuneaz\u0103 p\u0103rul. Toate acestea cauzeaz\u0103 \u00eenr\u0103ut\u0103\u021birea calit\u0103\u021bii p\u0103rului, scade rezisten\u021ba culorilor, provoac\u0103 \u00eenc\u00e2lcirea p\u0103rului \u0219i despic\u0103 firele .\u00a0<\/span><\/p>\n<p><b>Peeling-ul scalpului <\/b><span style=\"font-weight: 400;\">&#8211; exfolierea particulelor de piele depuse \u00een straturi, cur\u0103\u021barea porilor \u0219i foliculii p\u0103rului de sebum \u0219i al\u021bi contaminan\u021bi. Peeling-ul scalpului stimuleaz\u0103 circula\u021bia s\u00e2ngelui, \u00eembun\u0103t\u0103\u021be\u0219te metabolismul, favorizeaz\u0103 penetrarea ingredientelor nutritive din produsele care se aplic\u0103 dup\u0103 peeling.<\/span><\/p>\n<p><strong>Setul con\u021bine:<\/strong><\/p>\n<ol>\n<li style=\"list-style-type: none;\">\n<ol>\n<li><span style=\"color: #000000;\">\u0218ampon micelar pentru chelare \u0219i detoxifiere 330ml<\/span><\/li>\n<li><span style=\"color: #000000;\">Masc\u0103 peeling \u00eempotriva m\u0103tre\u021bii \u0219i c\u0103derii p\u0103rului 330ml<\/span><\/li>\n<\/ol>\n<\/li>\n<\/ol>","protected":false},"excerpt":{"rendered":"<p>Set pentru cur\u0103\u021bare profund\u0103<\/p>","protected":false},"featured_media":19536,"template":"","meta":[],"product_brand":[],"product_cat":[72,1500,1496],"product_tag":[],"class_list":{"0":"post-19577","1":"product","2":"type-product","3":"status-publish","4":"has-post-thumbnail","6":"product_cat-ingrijirea-parului","7":"product_cat-masti-de-par","8":"product_cat-sampoane","10":"first","11":"instock","12":"purchasable","13":"product-type-simple"},"jetpack_sharing_enabled":true,"_links":{"self":[{"href":"https:\/\/wholesale.md\/ru\/wp-json\/wp\/v2\/product\/19577","targetHints":{"allow":["GET"]}}],"collection":[{"href":"https:\/\/wholesale.md\/ru\/wp-json\/wp\/v2\/product"}],"about":[{"href":"https:\/\/wholesale.md\/ru\/wp-json\/wp\/v2\/types\/product"}],"version-history":[{"count":0,"href":"https:\/\/wholesale.md\/ru\/wp-json\/wp\/v2\/product\/19577\/revisions"}],"wp:featuredmedia":[{"embeddable":true,"href":"https:\/\/wholesale.md\/ru\/wp-json\/wp\/v2\/media\/19536"}],"wp:attachment":[{"href":"https:\/\/wholesale.md\/ru\/wp-json\/wp\/v2\/media?parent=19577"}],"wp:term":[{"taxonomy":"product_brand","embeddable":true,"href":"https:\/\/wholesale.md\/ru\/wp-json\/wp\/v2\/product_brand?post=19577"},{"taxonomy":"product_cat","embeddable":true,"href":"https:\/\/wholesale.md\/ru\/wp-json\/wp\/v2\/product_cat?post=19577"},{"taxonomy":"product_tag","embeddable":true,"href":"https:\/\/wholesale.md\/ru\/wp-json\/wp\/v2\/product_tag?post=19577"}],"curies":[{"name":"wp","href":"https:\/\/api.w.org\/{rel}","templated":true}]}}