{"id":19552,"date":"2022-01-12T00:00:00","date_gmt":"2022-01-12T00:00:00","guid":{"rendered":"https:\/\/wholesale.md\/index.php\/produs\/4-1-set-keratin-line\/"},"modified":"2024-06-19T16:44:48","modified_gmt":"2024-06-19T16:44:48","slug":"4-1-set-keratin-line","status":"publish","type":"product","link":"https:\/\/wholesale.md\/ru\/product\/4-1-set-keratin-line\/","title":{"rendered":"# 4-1 Set Keratin Line"},"content":{"rendered":"<p><strong>RESTRUCTURE KERATIN LINE\u00a0<\/strong><\/p>\n<p><span style=\"font-weight: 400;\">Cea mai delicat\u0103 serie f\u0103r\u0103 sulfa\u021bi, parabeni \u0219i siliconi. Conceput\u0103 \u00een special pentru p\u0103rul natural dar \u0219i cel vopsit, ceea ce face ca aceast\u0103 gam\u0103 s\u0103 fie potrivit\u0103 pentru \u00eentreaga familie (utilizate la fiecare sp\u0103lare). Reconstruie\u0219te \u0219i umple cel mai deteriorat, poros \u0219i uscat p\u0103r cu proteinele keratinei. Asigur\u0103 p\u0103rului densitate \u0219i volum, \u00eei m\u0103re\u0219te masa \u0219i capacitatea de a-\u0219i p\u0103stra forma la coafare. Neteze\u0219te cuticulele \u0219i asigur\u0103 o str\u0103lucire excelent\u0103.\u00a0<\/span><\/p>\n<p><span style=\"color: #000000;\"><strong>Setul con\u021bine:<\/strong><\/span><\/p>\n<ol>\n<li style=\"list-style-type: none;\">\n<ol>\n<li><span style=\"color: #000000;\">\u0218ampon de restructurare cu keratin\u0103 200ml<\/span><\/li>\n<li><span style=\"color: #000000;\">Balsam de restructurare cu keratin\u0103 200ml<\/span><\/li>\n<li><span style=\"color: #000000;\">Masc\u0103 de restructurare cu keratin\u0103 500ml<\/span><\/li>\n<\/ol>\n<\/li>\n<\/ol>","protected":false},"excerpt":{"rendered":"<p>Set pentru restructurarea p\u0103rului cu keratin\u0103<\/p>","protected":false},"featured_media":19524,"template":"","meta":[],"product_brand":[],"product_cat":[1497,72,1500,1496],"product_tag":[],"class_list":{"0":"post-19552","1":"product","2":"type-product","3":"status-publish","4":"has-post-thumbnail","6":"product_cat-balsamuri-de-par","7":"product_cat-ingrijirea-parului","8":"product_cat-masti-de-par","9":"product_cat-sampoane","11":"first","12":"instock","13":"purchasable","14":"product-type-simple"},"jetpack_sharing_enabled":true,"_links":{"self":[{"href":"https:\/\/wholesale.md\/ru\/wp-json\/wp\/v2\/product\/19552","targetHints":{"allow":["GET"]}}],"collection":[{"href":"https:\/\/wholesale.md\/ru\/wp-json\/wp\/v2\/product"}],"about":[{"href":"https:\/\/wholesale.md\/ru\/wp-json\/wp\/v2\/types\/product"}],"version-history":[{"count":0,"href":"https:\/\/wholesale.md\/ru\/wp-json\/wp\/v2\/product\/19552\/revisions"}],"wp:featuredmedia":[{"embeddable":true,"href":"https:\/\/wholesale.md\/ru\/wp-json\/wp\/v2\/media\/19524"}],"wp:attachment":[{"href":"https:\/\/wholesale.md\/ru\/wp-json\/wp\/v2\/media?parent=19552"}],"wp:term":[{"taxonomy":"product_brand","embeddable":true,"href":"https:\/\/wholesale.md\/ru\/wp-json\/wp\/v2\/product_brand?post=19552"},{"taxonomy":"product_cat","embeddable":true,"href":"https:\/\/wholesale.md\/ru\/wp-json\/wp\/v2\/product_cat?post=19552"},{"taxonomy":"product_tag","embeddable":true,"href":"https:\/\/wholesale.md\/ru\/wp-json\/wp\/v2\/product_tag?post=19552"}],"curies":[{"name":"wp","href":"https:\/\/api.w.org\/{rel}","templated":true}]}}