{"id":19546,"date":"2022-01-12T00:00:00","date_gmt":"2022-01-12T00:00:00","guid":{"rendered":"https:\/\/wholesale.md\/index.php\/produs\/3-3-set-repair-line\/"},"modified":"2024-06-19T16:42:09","modified_gmt":"2024-06-19T16:42:09","slug":"3-3-set-repair-line","status":"publish","type":"product","link":"https:\/\/wholesale.md\/ru\/product\/3-3-set-repair-line\/","title":{"rendered":"#3-3 Set Repair Line"},"content":{"rendered":"<p><strong>ARGANIC REPAIR LINE\u00a0<\/strong><\/p>\n<p><span style=\"font-weight: 400;\">O gam\u0103 de produse cu cele mai luxoase \u0219i mai hr\u0103nitoare uleiuri care stau la baza unui tratament intensiv, ce u\u0219ureaz\u0103 \u00eengrijirea p\u0103rului uscat, deteriorat \u0219i poros. Sistemul de uleiuri de arbore de argan, migdale dulci, avocado, jojoba, ulei de ricin , ulei de \u0219ofran s\u0103lbatic, in, germeni de gr\u00e2u, ulei de m\u0103sline, ulei de baobab \u0219i ulei de c\u0103tin\u0103 restabile\u0219te \u0219i umple structura p\u0103rului.\u00a0<\/span><\/p>\n<p><strong>Setul con\u021bine:<\/strong><\/p>\n<ol>\n<li style=\"list-style-type: none;\">\n<ol>\n<li><span style=\"color: #000000;\">\u0218ampon pentru restaurarea p\u0103rului Argan cu 5 uleiuri 330ml<\/span><\/li>\n<li><span style=\"color: #000000;\">Balsam pentru restaurarea p\u0103rului Argan cu 5 uleiuri 330ml<\/span><\/li>\n<li><span style=\"color: #000000;\">Masc\u0103 revitalizant\u0103 pentru p\u0103r cu ulei de argan, keratin\u0103 lichid\u0103 \u0219i m\u0103tase 500ml<\/span><\/li>\n<li><span style=\"color: #000000;\">Ser pentru regenerarea p\u0103rului cu ulei de argan 50ml<\/span><\/li>\n<\/ol>\n<\/li>\n<\/ol>","protected":false},"excerpt":{"rendered":"<p>Set pentru restaurarea p\u0103rului cu 5 uleiuri<\/p>","protected":false},"featured_media":19520,"template":"","meta":[],"product_brand":[],"product_cat":[1497,72,1500,1496,1499],"product_tag":[],"class_list":{"0":"post-19546","1":"product","2":"type-product","3":"status-publish","4":"has-post-thumbnail","6":"product_cat-balsamuri-de-par","7":"product_cat-ingrijirea-parului","8":"product_cat-masti-de-par","9":"product_cat-sampoane","10":"product_cat-styling","12":"first","13":"instock","14":"purchasable","15":"product-type-simple"},"jetpack_sharing_enabled":true,"_links":{"self":[{"href":"https:\/\/wholesale.md\/ru\/wp-json\/wp\/v2\/product\/19546","targetHints":{"allow":["GET"]}}],"collection":[{"href":"https:\/\/wholesale.md\/ru\/wp-json\/wp\/v2\/product"}],"about":[{"href":"https:\/\/wholesale.md\/ru\/wp-json\/wp\/v2\/types\/product"}],"version-history":[{"count":0,"href":"https:\/\/wholesale.md\/ru\/wp-json\/wp\/v2\/product\/19546\/revisions"}],"wp:featuredmedia":[{"embeddable":true,"href":"https:\/\/wholesale.md\/ru\/wp-json\/wp\/v2\/media\/19520"}],"wp:attachment":[{"href":"https:\/\/wholesale.md\/ru\/wp-json\/wp\/v2\/media?parent=19546"}],"wp:term":[{"taxonomy":"product_brand","embeddable":true,"href":"https:\/\/wholesale.md\/ru\/wp-json\/wp\/v2\/product_brand?post=19546"},{"taxonomy":"product_cat","embeddable":true,"href":"https:\/\/wholesale.md\/ru\/wp-json\/wp\/v2\/product_cat?post=19546"},{"taxonomy":"product_tag","embeddable":true,"href":"https:\/\/wholesale.md\/ru\/wp-json\/wp\/v2\/product_tag?post=19546"}],"curies":[{"name":"wp","href":"https:\/\/api.w.org\/{rel}","templated":true}]}}