{"id":19489,"date":"2022-01-12T00:00:00","date_gmt":"2022-01-12T00:00:00","guid":{"rendered":"https:\/\/wholesale.md\/index.php\/produs\/micellar-chelating-detox-shampoo\/"},"modified":"2024-06-19T16:55:14","modified_gmt":"2024-06-19T16:55:14","slug":"micellar-chelating-detox-shampoo","status":"publish","type":"product","link":"https:\/\/wholesale.md\/ru\/product\/micellar-chelating-detox-shampoo\/","title":{"rendered":"MICELLAR CHELATING DETOX SHAMPOO"},"content":{"rendered":"<p><b>\u0218ampon micelar pentru chelare \u0219i detoxifiere 970ml\u00a0<\/b><\/p>\n<p><b>pH 5.5\u00a0<\/b><\/p>\n<p><span style=\"font-weight: 400;\">\u0218ampon pentru cur\u0103\u021barea maxim\u0103 a scalpului de m\u0103trea\u021b\u0103, celule moarte ale pielii \u0219i detoxifierea p\u0103rului cu ANA- acizii, l\u0103m\u00e2ie \u0219i exfolia\u021bii solubili de acid lactic. Algele \u0219i agen\u021bii de chelatare detoxifiaz\u0103 \u0219i ajut\u0103 la eliminarea toxinelor \u0219i neutralizarea radicalilor liberi. Ionii de magneziu, zinc \u0219i cupru contribuie la demineralizarea p\u0103rului \u0219i a scalpului. Panthenolul, alantoina, bisabololul \u0219i uleiul de lavand\u0103 ajut\u0103 la regenerarea pielii.<\/span><br \/>\n<b><\/b><\/p>\n<p><b>Mod de aplicare:<\/b><br \/>\n<span style=\"font-weight: 400;\">Ca \u0219ampon pentru detoxifiere \u0219i cur\u0103\u021bare profund\u0103 pentru utilizare frecvent\u0103.<\/span><br \/>\n<span style=\"font-weight: 400;\"><strong>1.<\/strong> <\/span><b>Sp\u0103lare zilnic\u0103.<\/b> A se spuma \u0219amponul \u00een m\u00e2ini \u0219i a se aplica pe p\u0103rul umed \u00een zona r\u0103d\u0103cinilor, a se masa scalpul cu mi\u0219c\u0103ri circulare. A se distribui pe toat\u0103 lungimea p\u0103rului cu mi\u0219c\u0103ri de piept\u0103nare \u0219i a se men\u021bine timp de 2 minute. A se sp\u0103la cu ap\u0103 cald\u0103.<\/p>\n<p><strong>2. <\/strong><b>Sp\u0103lare terapeutic\u0103<\/b><b>. <\/b>A se repeta procedura \u0219i a se men\u021bine spuma timp de 2 minute pe p\u0103r. A se sp\u0103la cu ap\u0103 cald\u0103.<\/p>\n<p><strong>3. <\/strong><span style=\"font-weight: 400;\"><strong>Ca peeling intens a scalpului.<\/strong> Analog <\/span>ANTI-DANDRUFF &amp; HAIR LOSS PEELING MASK<b>.<\/b><\/p>","protected":false},"excerpt":{"rendered":"<p>\u0218ampon micelar pentru chelare \u0219i detoxifiere<\/p>","protected":false},"featured_media":19433,"template":"","meta":[],"product_brand":[],"product_cat":[72,1496],"product_tag":[],"class_list":{"0":"post-19489","1":"product","2":"type-product","3":"status-publish","4":"has-post-thumbnail","6":"product_cat-ingrijirea-parului","7":"product_cat-sampoane","9":"first","10":"instock","11":"purchasable","12":"product-type-simple"},"jetpack_sharing_enabled":true,"_links":{"self":[{"href":"https:\/\/wholesale.md\/ru\/wp-json\/wp\/v2\/product\/19489","targetHints":{"allow":["GET"]}}],"collection":[{"href":"https:\/\/wholesale.md\/ru\/wp-json\/wp\/v2\/product"}],"about":[{"href":"https:\/\/wholesale.md\/ru\/wp-json\/wp\/v2\/types\/product"}],"version-history":[{"count":0,"href":"https:\/\/wholesale.md\/ru\/wp-json\/wp\/v2\/product\/19489\/revisions"}],"wp:featuredmedia":[{"embeddable":true,"href":"https:\/\/wholesale.md\/ru\/wp-json\/wp\/v2\/media\/19433"}],"wp:attachment":[{"href":"https:\/\/wholesale.md\/ru\/wp-json\/wp\/v2\/media?parent=19489"}],"wp:term":[{"taxonomy":"product_brand","embeddable":true,"href":"https:\/\/wholesale.md\/ru\/wp-json\/wp\/v2\/product_brand?post=19489"},{"taxonomy":"product_cat","embeddable":true,"href":"https:\/\/wholesale.md\/ru\/wp-json\/wp\/v2\/product_cat?post=19489"},{"taxonomy":"product_tag","embeddable":true,"href":"https:\/\/wholesale.md\/ru\/wp-json\/wp\/v2\/product_tag?post=19489"}],"curies":[{"name":"wp","href":"https:\/\/api.w.org\/{rel}","templated":true}]}}