{"id":19487,"date":"2022-01-12T00:00:00","date_gmt":"2022-01-12T00:00:00","guid":{"rendered":"https:\/\/wholesale.md\/index.php\/produs\/anti-dandruff-hair-loss-peeling-mask\/"},"modified":"2024-06-19T16:53:55","modified_gmt":"2024-06-19T16:53:55","slug":"anti-dandruff-hair-loss-peeling-mask","status":"publish","type":"product","link":"https:\/\/wholesale.md\/ru\/product\/anti-dandruff-hair-loss-peeling-mask\/","title":{"rendered":"ANTI DANDRUFF &#038; HAIR LOSS PEELING MASK"},"content":{"rendered":"<p><b>Masc\u0103 peeling \u00eempotriva m\u0103tre\u021bii \u0219i c\u0103derii p\u0103rului 330ml\u00a0<\/b><\/p>\n<p><b>pH 4,5\u00a0<\/b><\/p>\n<p><span style=\"font-weight: 400;\">Masc\u0103 pentru cur\u0103\u021barea maxim\u0103 a scalpului de m\u0103trea\u021b\u0103, celule moarte ale pielii \u0219i detoxifierea p\u0103rului cu ANA- acizi, l\u0103m\u00e2ie \u0219i exfolia\u021bii solubili de acid lactic. \u00cendep\u0103rteaz\u0103 m\u0103trea\u021ba datorit\u0103 <\/span><b>PYRITHIONE ZINC<\/b><span style=\"font-weight: 400;\">. Con\u021bine <\/span><b>PHYTOCHERM\u00ae HAIR LOSS SP<\/b><span style=\"font-weight: 400;\"> \u0219i hinin care previne c\u0103derea p\u0103rului. Pantenol, alantoina, bisabolol \u0219i sumacul asigur\u0103 regenerarea scalpului. Uleiul de ment\u0103 ajut\u0103 la \u00eembun\u0103t\u0103\u021birea circula\u021biei s\u00e2ngelui \u0219i are un efect de r\u0103cire.\u00a0<\/span><\/p>\n<p><b>Indica\u021bii de utilizare :\u00a0<\/b><\/p>\n<p><b>Ca peeling intens a scalpului :\u00a0<\/b><\/p>\n<ul>\n<li style=\"list-style-type: none;\">\n<ul>\n<li><b> <\/b><span style=\"font-weight: 400;\">Pentru scalp gras \u2014 fiecare a 3 sp\u0103lare.<\/span><\/li>\n<li><b> <\/b><span style=\"font-weight: 400;\">Pentru scalp normal \u2014 o dat\u0103 pe s\u0103pt\u0103m\u00e2n\u0103.<\/span><\/li>\n<li><b><\/b><span style=\"font-weight: 400;\"> Pentru scalp uscat \u0219i sensibil folosi\u021bi <\/span><b>MICELLAR CHELATING DETOX SHAMPOO.<\/b><\/li>\n<\/ul>\n<\/li>\n<\/ul>\n<ul>\n<li style=\"list-style-type: none;\"><\/li>\n<\/ul>\n<p><b>\u0421\u043f\u043e\u0441\u043e\u0431 \u043f\u0440\u0438\u043c\u0435\u043d\u0435\u043d\u0438\u044f:\u00a0<\/b><\/p>\n<ol>\n<li style=\"list-style-type: none;\">\n<ol>\n<li><b> <\/b><span style=\"font-weight: 400;\">Aplica\u021bi masca pe p\u0103rul umed \u00een zona r\u0103d\u0103cinilor.<\/span><\/li>\n<li><b> <\/b><span style=\"font-weight: 400;\">Masa\u021bi scalpul prin mi\u0219c\u0103ri circulare \u0219i \u021bine\u021bi timp de 5-7 minute.<\/span><\/li>\n<li><b> <\/b><span style=\"font-weight: 400;\">Sp\u0103la\u021bi cu \u0219ampon din seria<\/span><b> BIO BOTANICAL TRICHOLOGY THERAPY, <\/b><span style=\"font-weight: 400;\">orienta\u021bi-v\u0103 dup\u0103 starea scalpului.<\/span><\/li>\n<\/ol>\n<\/li>\n<\/ol>\n<ol>\n<li style=\"list-style-type: none;\"><\/li>\n<\/ol>","protected":false},"excerpt":{"rendered":"<p>Masc\u0103 pentru cur\u0103\u021barea maxim\u0103 a scalpului de m\u0103treat\u0103<\/p>","protected":false},"featured_media":19434,"template":"","meta":[],"product_brand":[],"product_cat":[72,1500],"product_tag":[],"class_list":{"0":"post-19487","1":"product","2":"type-product","3":"status-publish","4":"has-post-thumbnail","6":"product_cat-ingrijirea-parului","7":"product_cat-masti-de-par","9":"first","10":"instock","11":"purchasable","12":"product-type-simple"},"jetpack_sharing_enabled":true,"_links":{"self":[{"href":"https:\/\/wholesale.md\/ru\/wp-json\/wp\/v2\/product\/19487","targetHints":{"allow":["GET"]}}],"collection":[{"href":"https:\/\/wholesale.md\/ru\/wp-json\/wp\/v2\/product"}],"about":[{"href":"https:\/\/wholesale.md\/ru\/wp-json\/wp\/v2\/types\/product"}],"version-history":[{"count":0,"href":"https:\/\/wholesale.md\/ru\/wp-json\/wp\/v2\/product\/19487\/revisions"}],"wp:featuredmedia":[{"embeddable":true,"href":"https:\/\/wholesale.md\/ru\/wp-json\/wp\/v2\/media\/19434"}],"wp:attachment":[{"href":"https:\/\/wholesale.md\/ru\/wp-json\/wp\/v2\/media?parent=19487"}],"wp:term":[{"taxonomy":"product_brand","embeddable":true,"href":"https:\/\/wholesale.md\/ru\/wp-json\/wp\/v2\/product_brand?post=19487"},{"taxonomy":"product_cat","embeddable":true,"href":"https:\/\/wholesale.md\/ru\/wp-json\/wp\/v2\/product_cat?post=19487"},{"taxonomy":"product_tag","embeddable":true,"href":"https:\/\/wholesale.md\/ru\/wp-json\/wp\/v2\/product_tag?post=19487"}],"curies":[{"name":"wp","href":"https:\/\/api.w.org\/{rel}","templated":true}]}}