{"id":19485,"date":"2022-01-12T00:00:00","date_gmt":"2022-01-12T00:00:00","guid":{"rendered":"https:\/\/wholesale.md\/index.php\/produs\/hair-body-soap\/"},"modified":"2024-06-20T15:06:59","modified_gmt":"2024-06-20T15:06:59","slug":"hairbody-soap","status":"publish","type":"product","link":"https:\/\/wholesale.md\/ru\/product\/hairbody-soap\/","title":{"rendered":"HAIR&#038;BODY SOAP"},"content":{"rendered":"<p><strong>S\u0103pun tonifiant pentru corp \u0219i p\u0103r alge marine \u0219i mentol 260ml<\/strong><\/p>\n<p><span style=\"font-weight: 400;\">Formul\u0103 bogat\u0103 far\u0103 sulfa\u021bi, pentru hidratarea p\u0103rului \u0219i pielii cu arbore de ceai, <\/span><b>D-Pantenol<\/b><span style=\"font-weight: 400;\"> \u0219i alantoin\u0103. Algele marine ajut\u0103 la cur\u0103\u021bare \u0219i detoxifiere, iar uleiul de ment\u0103 \u0219i mentolul, v\u0103 re\u00eemprosp\u0103teaz\u0103 \u0219i v\u0103 transform\u0103 \u00eentr-un machoman.<\/span><\/p>\n<p><b>\u0421\u043f\u043e\u0441\u043e\u0431 \u043f\u0440\u0438\u043c\u0435\u043d\u0435\u043d\u0438\u044f:<\/b><br \/>\n<span style=\"font-weight: 400;\">Aplica\u021bi produsul pe corpul \u0219i p\u0103rul umed. Masa\u021bi, l\u0103sa\u021bi timp de 2 minute \u0219i cl\u0103ti\u021bi.\u00a0<\/span><\/p>","protected":false},"excerpt":{"rendered":"<p>\u0218ampon pentru cur\u0103\u021barea \u0219i tonificarea p\u0103rului \u0219i a corpul<\/p>","protected":false},"featured_media":19459,"template":"","meta":[],"product_brand":[],"product_cat":[543],"product_tag":[],"class_list":{"0":"post-19485","1":"product","2":"type-product","3":"status-publish","4":"has-post-thumbnail","6":"product_cat-produse-pentru-barbati","8":"first","9":"instock","10":"purchasable","11":"product-type-simple"},"jetpack_sharing_enabled":true,"_links":{"self":[{"href":"https:\/\/wholesale.md\/ru\/wp-json\/wp\/v2\/product\/19485","targetHints":{"allow":["GET"]}}],"collection":[{"href":"https:\/\/wholesale.md\/ru\/wp-json\/wp\/v2\/product"}],"about":[{"href":"https:\/\/wholesale.md\/ru\/wp-json\/wp\/v2\/types\/product"}],"version-history":[{"count":0,"href":"https:\/\/wholesale.md\/ru\/wp-json\/wp\/v2\/product\/19485\/revisions"}],"wp:featuredmedia":[{"embeddable":true,"href":"https:\/\/wholesale.md\/ru\/wp-json\/wp\/v2\/media\/19459"}],"wp:attachment":[{"href":"https:\/\/wholesale.md\/ru\/wp-json\/wp\/v2\/media?parent=19485"}],"wp:term":[{"taxonomy":"product_brand","embeddable":true,"href":"https:\/\/wholesale.md\/ru\/wp-json\/wp\/v2\/product_brand?post=19485"},{"taxonomy":"product_cat","embeddable":true,"href":"https:\/\/wholesale.md\/ru\/wp-json\/wp\/v2\/product_cat?post=19485"},{"taxonomy":"product_tag","embeddable":true,"href":"https:\/\/wholesale.md\/ru\/wp-json\/wp\/v2\/product_tag?post=19485"}],"curies":[{"name":"wp","href":"https:\/\/api.w.org\/{rel}","templated":true}]}}