{"id":19411,"date":"2022-01-12T00:00:00","date_gmt":"2022-01-12T00:00:00","guid":{"rendered":"https:\/\/wholesale.md\/index.php\/produs\/aftershave-balm\/"},"modified":"2024-06-20T15:40:35","modified_gmt":"2024-06-20T15:40:35","slug":"aftershave-balm","status":"publish","type":"product","link":"https:\/\/wholesale.md\/ru\/product\/aftershave-balm\/","title":{"rendered":"AFTERSHAVE BALM"},"content":{"rendered":"<p><strong>Balsam dup\u0103 b\u0103rbierit arbore de ceai \u0219i mentol 120ml<\/strong><\/p>\n<p><span style=\"font-weight: 400;\">Arborele de ceai hidrateaz\u0103 \u0219i amelioreaz\u0103 irita\u021bia, mentolul are un efect de r\u0103cire. De asemenea, con\u021bine <\/span><b>PhytoDefense CLR \u2122<\/b><span style=\"font-weight: 400;\">, alantoin\u0103, bisabolol \u0219i pantenol \u2013 aceste componente garanteaz\u0103 protec\u021bia pielii pe tot parcursul zilei, hidratare maxim\u0103 \u0219i \u00eengrijire delicat\u0103.<\/span><\/p>\n<p><b>Mod de utilizare :\u00a0<\/b><\/p>\n<p><span style=\"font-weight: 400;\">Dup\u0103 b\u0103rbierit, aplica\u021bi pe pielea curat\u0103 o cantitate mic\u0103 de balsam \u0219i masa\u021bi cu mi\u0219c\u0103ri circulare u\u0219oare. Poate fi folosit \u0219i \u00een loc de crem\u0103 hidratant\u0103.<\/span><\/p>","protected":false},"excerpt":{"rendered":"<p>Balsam dup\u0103 b\u0103rbierit pentru hidratare maxim\u0103 \u0219i \u00eengrijire delicat\u0103.<\/p>","protected":false},"featured_media":19413,"template":"","meta":[],"product_brand":[],"product_cat":[543],"product_tag":[],"class_list":{"0":"post-19411","1":"product","2":"type-product","3":"status-publish","4":"has-post-thumbnail","6":"product_cat-produse-pentru-barbati","8":"first","9":"instock","10":"purchasable","11":"product-type-simple"},"jetpack_sharing_enabled":true,"_links":{"self":[{"href":"https:\/\/wholesale.md\/ru\/wp-json\/wp\/v2\/product\/19411","targetHints":{"allow":["GET"]}}],"collection":[{"href":"https:\/\/wholesale.md\/ru\/wp-json\/wp\/v2\/product"}],"about":[{"href":"https:\/\/wholesale.md\/ru\/wp-json\/wp\/v2\/types\/product"}],"version-history":[{"count":0,"href":"https:\/\/wholesale.md\/ru\/wp-json\/wp\/v2\/product\/19411\/revisions"}],"wp:featuredmedia":[{"embeddable":true,"href":"https:\/\/wholesale.md\/ru\/wp-json\/wp\/v2\/media\/19413"}],"wp:attachment":[{"href":"https:\/\/wholesale.md\/ru\/wp-json\/wp\/v2\/media?parent=19411"}],"wp:term":[{"taxonomy":"product_brand","embeddable":true,"href":"https:\/\/wholesale.md\/ru\/wp-json\/wp\/v2\/product_brand?post=19411"},{"taxonomy":"product_cat","embeddable":true,"href":"https:\/\/wholesale.md\/ru\/wp-json\/wp\/v2\/product_cat?post=19411"},{"taxonomy":"product_tag","embeddable":true,"href":"https:\/\/wholesale.md\/ru\/wp-json\/wp\/v2\/product_tag?post=19411"}],"curies":[{"name":"wp","href":"https:\/\/api.w.org\/{rel}","templated":true}]}}