{"id":19408,"date":"2022-01-12T00:00:00","date_gmt":"2022-01-12T00:00:00","guid":{"rendered":"https:\/\/wholesale.md\/index.php\/produs\/anti-yellow-silver-effect-balm\/"},"modified":"2024-06-20T15:41:29","modified_gmt":"2024-06-20T15:41:29","slug":"anti-yellow-silver-effect-balm","status":"publish","type":"product","link":"https:\/\/wholesale.md\/ru\/product\/anti-yellow-silver-effect-balm\/","title":{"rendered":"ANTI-YELLOW SILVER EFFECT BALM"},"content":{"rendered":"<p><b>Balsam Anti-yellow Silver Effect 330ml<\/b><\/p>\n<p><b>pH 4,5<\/b><\/p>\n<p><span style=\"font-weight: 400;\">Balsam pentru restaurarea \u0219i men\u021binerea nuan\u021belor reci. Corecteaz\u0103 \u0219i neutralizeaz\u0103 nuan\u021ba galben\u0103 pe p\u0103rul gri \u0219i decolorat, ofer\u0103 o nuan\u021b\u0103 argintie excep\u021bional\u0103. Restabile\u0219te structura p\u0103rului datorit\u0103 con\u021binutului de keratin\u0103, de m\u0103tase lichid\u0103 \u0219i de <\/span><b>SilPLEX\u00ae.<\/b><\/p>\n<p><b>Mod de aplicare:\u00a0<\/b><\/p>\n<p><span style=\"font-weight: 400;\">Se recomand\u0103 folosirea m\u0103nu\u0219ilor. Aplica\u021bi balsamul uniform pe p\u0103rul curat \u0219i umed.\u00a0<\/span><\/p>\n<ul>\n<li style=\"list-style-type: none;\">\n<ul>\n<li><span style=\"font-weight: 400;\">Pentru o nuan\u021b\u0103 u\u0219oar\u0103 \u2013 3-5 minute.\u00a0<\/span><\/li>\n<\/ul>\n<\/li>\n<\/ul>\n<ul>\n<li style=\"list-style-type: none;\">\n<ul>\n<li><span style=\"font-weight: 400;\"> Pentru a neutraliza culoarea galben\u0103 \u2013 10 minute.<\/span><\/li>\n<\/ul>\n<\/li>\n<\/ul>\n<ul>\n<li style=\"list-style-type: none;\">\n<ul>\n<li><span style=\"font-weight: 400;\">Pentru a ob\u021bine o culoare foarte saturat\u0103 \u2013 p\u00e2n\u0103 la 30 minute\u00a0<\/span><\/li>\n<\/ul>\n<\/li>\n<\/ul>\n<ul>\n<li style=\"list-style-type: none;\">\n<ul>\n<li><span style=\"font-weight: 400;\">Pentru p\u0103rul foarte decolorat \u0219i deteriorat \u2013 nu mai mult de 5 minute, deoarece se poate ob\u021bine o culoare foarte intens\u0103 !\u00a0<\/span><\/li>\n<\/ul>\n<\/li>\n<\/ul>\n<p><span style=\"font-weight: 400;\">Cl\u0103ti\u021bi bine cu mult\u0103 ap\u0103 dup\u0103 colorare p\u00e2n\u0103 apa devine curat\u0103 !<\/span><\/p>","protected":false},"excerpt":{"rendered":"<p>Balsam pentru restaurarea \u0219i men\u021binerea nuan\u021belor reci<\/p>","protected":false},"featured_media":19410,"template":"","meta":[],"product_brand":[],"product_cat":[1497,72],"product_tag":[],"class_list":{"0":"post-19408","1":"product","2":"type-product","3":"status-publish","4":"has-post-thumbnail","6":"product_cat-balsamuri-de-par","7":"product_cat-ingrijirea-parului","9":"first","10":"instock","11":"purchasable","12":"product-type-simple"},"jetpack_sharing_enabled":true,"_links":{"self":[{"href":"https:\/\/wholesale.md\/ru\/wp-json\/wp\/v2\/product\/19408","targetHints":{"allow":["GET"]}}],"collection":[{"href":"https:\/\/wholesale.md\/ru\/wp-json\/wp\/v2\/product"}],"about":[{"href":"https:\/\/wholesale.md\/ru\/wp-json\/wp\/v2\/types\/product"}],"version-history":[{"count":0,"href":"https:\/\/wholesale.md\/ru\/wp-json\/wp\/v2\/product\/19408\/revisions"}],"wp:featuredmedia":[{"embeddable":true,"href":"https:\/\/wholesale.md\/ru\/wp-json\/wp\/v2\/media\/19410"}],"wp:attachment":[{"href":"https:\/\/wholesale.md\/ru\/wp-json\/wp\/v2\/media?parent=19408"}],"wp:term":[{"taxonomy":"product_brand","embeddable":true,"href":"https:\/\/wholesale.md\/ru\/wp-json\/wp\/v2\/product_brand?post=19408"},{"taxonomy":"product_cat","embeddable":true,"href":"https:\/\/wholesale.md\/ru\/wp-json\/wp\/v2\/product_cat?post=19408"},{"taxonomy":"product_tag","embeddable":true,"href":"https:\/\/wholesale.md\/ru\/wp-json\/wp\/v2\/product_tag?post=19408"}],"curies":[{"name":"wp","href":"https:\/\/api.w.org\/{rel}","templated":true}]}}