{"id":19405,"date":"2022-01-12T00:00:00","date_gmt":"2022-01-12T00:00:00","guid":{"rendered":"https:\/\/wholesale.md\/index.php\/produs\/decolorant-system\/"},"modified":"2024-07-01T14:51:46","modified_gmt":"2024-07-01T14:51:46","slug":"decolorant-system","status":"publish","type":"product","link":"https:\/\/wholesale.md\/ru\/product\/decolorant-system\/","title":{"rendered":"DECOLORANT SYSTEM"},"content":{"rendered":"<p><strong>Produs pentru \u00eendep\u0103rtarea complet\u0103 a vopselei de p\u0103r 240ml<\/strong><\/p>\n<p><strong>Reductor \u0219i Activator<\/strong><\/p>\n<p>Produsul este un sistem pentru \u00eendep\u0103rtarea complet\u0103 a vopselei de p\u0103r, p\u0103str\u00e2nd \u00een acela\u0219i timp pigmentul natural al p\u0103rului. Nu con\u021bine amoniac.<\/p>\n<p><strong>Beneficiile produsului:<\/strong><\/p>\n<p>\u2013 \u00cendep\u0103rteaz\u0103 vopseaua din p\u0103rul vopsit, spre deosebire de produsele de oxidare;<\/p>\n<p>\u2013 Nu afecteaz\u0103 p\u0103rul sau pigmen\u021bii naturali din acesta \u0219i poate fi folosit de mai multe ori consecutiv;<\/p>\n<p>\u2013 Potrivit pentru refacerea culorii naturale a p\u0103rului;<\/p>\n<p>\u2013 Ideal pentru experimente privind schimbarea culorii p\u0103rului;<\/p>\n<p><strong>Mod de aplicare:<\/strong><\/p>\n<p>Se amestec\u0103(Reductor \u0219i Activator ) \u00een propor\u021bie de 1:1 \u0219i se aplic\u0103 pe p\u0103rul uscat. Amestecul trebuie aplicat imediat deoarece dup\u0103 30 min devine inactiv. \u021aine\u021bi pe p\u0103r timp de 5-20 min, \u00een dependen\u021b\u0103 de rezultatul dorit. Pute\u021bi primi un rezultat mai bun dac\u0103 este aplicat efectul termic.<\/p>\n<p><strong>ATEN\u021aIE: NU \u021aINE\u021aI MAI MULT DE TIMPUL RECOMANDAT!!!. <\/strong>Dup\u0103 expirarea timpului de aplicare, sp\u0103la\u021bi cu \u0219ampon pentru cur\u0103\u021bare intensiv\u0103 de 3-4 ori apoi aplica\u021bi balsamul pentru p\u0103r vopsit.<\/p>\n<p><strong>IMPORTANT<\/strong><strong>: Dac<\/strong><strong>\u0103 culoarea p\u0103rului se restabile\u0219te par\u021bial sau total (nu a fost eliminat total pigmentul din p\u0103r), repeta\u021bi procedura.<\/strong><\/p>","protected":false},"excerpt":{"rendered":"<p>Produs pentru \u00eendep\u0103rtarea complet\u0103 a vopselei de pe p\u0103r<\/p>","protected":false},"featured_media":19407,"template":"","meta":[],"product_brand":[],"product_cat":[72,1505],"product_tag":[],"class_list":{"0":"post-19405","1":"product","2":"type-product","3":"status-publish","4":"has-post-thumbnail","6":"product_cat-ingrijirea-parului","7":"product_cat-vopsirea-parului","9":"first","10":"instock","11":"purchasable","12":"product-type-simple"},"jetpack_sharing_enabled":true,"_links":{"self":[{"href":"https:\/\/wholesale.md\/ru\/wp-json\/wp\/v2\/product\/19405","targetHints":{"allow":["GET"]}}],"collection":[{"href":"https:\/\/wholesale.md\/ru\/wp-json\/wp\/v2\/product"}],"about":[{"href":"https:\/\/wholesale.md\/ru\/wp-json\/wp\/v2\/types\/product"}],"version-history":[{"count":0,"href":"https:\/\/wholesale.md\/ru\/wp-json\/wp\/v2\/product\/19405\/revisions"}],"wp:featuredmedia":[{"embeddable":true,"href":"https:\/\/wholesale.md\/ru\/wp-json\/wp\/v2\/media\/19407"}],"wp:attachment":[{"href":"https:\/\/wholesale.md\/ru\/wp-json\/wp\/v2\/media?parent=19405"}],"wp:term":[{"taxonomy":"product_brand","embeddable":true,"href":"https:\/\/wholesale.md\/ru\/wp-json\/wp\/v2\/product_brand?post=19405"},{"taxonomy":"product_cat","embeddable":true,"href":"https:\/\/wholesale.md\/ru\/wp-json\/wp\/v2\/product_cat?post=19405"},{"taxonomy":"product_tag","embeddable":true,"href":"https:\/\/wholesale.md\/ru\/wp-json\/wp\/v2\/product_tag?post=19405"}],"curies":[{"name":"wp","href":"https:\/\/api.w.org\/{rel}","templated":true}]}}