{"id":19393,"date":"2022-01-12T00:00:00","date_gmt":"2022-01-12T00:00:00","guid":{"rendered":"https:\/\/wholesale.md\/index.php\/produs\/lifting-collagen-hair-balm\/"},"modified":"2024-06-20T15:45:35","modified_gmt":"2024-06-20T15:45:35","slug":"lifting-collagen-hair-balm","status":"publish","type":"product","link":"https:\/\/wholesale.md\/ru\/product\/lifting-collagen-hair-balm\/","title":{"rendered":"LIFTING COLLAGEN HAIR BALM"},"content":{"rendered":"<p><b>Balsam pentru volumul p\u0103rului cu colagen 970ml<\/b><\/p>\n<p><b>\u0440H 4,5<\/b><\/p>\n<p><span style=\"font-weight: 400;\">Balsam cu un puternic efect de lifting pentru p\u0103rul foarte deteriorat, ondulat, decolorat \u0219i ondulat chimic. Structureaz\u0103 ondularea \u0219i \u00eendep\u0103rteaz\u0103 porozitatea, creeaz\u0103 volum, hidrateaz\u0103, face p\u0103rul neted \u0219i elastic. Te scoate din cele mai complicate situa\u021bii de p\u0103r \u00eenc\u00e2lcit. Sistemul brevetat <\/span><b>SilPLEX \u00ae<\/b><span style=\"font-weight: 400;\"> elimin\u0103 deteriorarea, fragilitatea \u0219i porozitatea p\u0103rului. Colagenul \u0219i trandafirul de Damasc au efecte antioxidante puternice. Uleiul de shea, macadamia, avocado, c\u0103tin\u0103 \u0219i palmier hidrateaz\u0103 \u0219i umple p\u0103rul. Calmeaz\u0103 \u0219i restabile\u0219te scalpul datorit\u0103 pantenolului, care face parte \u0219i el din compozi\u021bie.<\/span><\/p>\n<p><b>\u0421\u043f\u043e\u0441\u043e\u0431 \u043f\u0440\u0438\u043c\u0435\u043d\u0435\u043d\u0438\u044f:\u00a0<\/b><\/p>\n<p><span style=\"font-weight: 400;\">A se aplica pe p\u0103rul umed sp\u0103lat cu \u0219ampon. A se repartiza pe toat\u0103 lungimea p\u0103rului, a se piept\u0103na sau a se prelucra cu m\u00e2inile timp de 5 minute. A se sp\u0103la cu ap\u0103 rece. <\/span><b>A se aplica solu\u021bia de \u00eengrijire nelavabil\u0103 \u0219i a se \u00eencepe aranjarea p\u0103rului.<\/b><\/p>","protected":false},"excerpt":{"rendered":"<p>Balsam pentru volumul p\u0103rului cu colagen<\/p>","protected":false},"featured_media":19395,"template":"","meta":[],"product_brand":[],"product_cat":[1497,72],"product_tag":[],"class_list":{"0":"post-19393","1":"product","2":"type-product","3":"status-publish","4":"has-post-thumbnail","6":"product_cat-balsamuri-de-par","7":"product_cat-ingrijirea-parului","9":"first","10":"instock","11":"purchasable","12":"product-type-simple"},"jetpack_sharing_enabled":true,"_links":{"self":[{"href":"https:\/\/wholesale.md\/ru\/wp-json\/wp\/v2\/product\/19393","targetHints":{"allow":["GET"]}}],"collection":[{"href":"https:\/\/wholesale.md\/ru\/wp-json\/wp\/v2\/product"}],"about":[{"href":"https:\/\/wholesale.md\/ru\/wp-json\/wp\/v2\/types\/product"}],"version-history":[{"count":0,"href":"https:\/\/wholesale.md\/ru\/wp-json\/wp\/v2\/product\/19393\/revisions"}],"wp:featuredmedia":[{"embeddable":true,"href":"https:\/\/wholesale.md\/ru\/wp-json\/wp\/v2\/media\/19395"}],"wp:attachment":[{"href":"https:\/\/wholesale.md\/ru\/wp-json\/wp\/v2\/media?parent=19393"}],"wp:term":[{"taxonomy":"product_brand","embeddable":true,"href":"https:\/\/wholesale.md\/ru\/wp-json\/wp\/v2\/product_brand?post=19393"},{"taxonomy":"product_cat","embeddable":true,"href":"https:\/\/wholesale.md\/ru\/wp-json\/wp\/v2\/product_cat?post=19393"},{"taxonomy":"product_tag","embeddable":true,"href":"https:\/\/wholesale.md\/ru\/wp-json\/wp\/v2\/product_tag?post=19393"}],"curies":[{"name":"wp","href":"https:\/\/api.w.org\/{rel}","templated":true}]}}