{"id":19390,"date":"2022-01-12T00:00:00","date_gmt":"2022-01-12T00:00:00","guid":{"rendered":"https:\/\/wholesale.md\/index.php\/produs\/moisture-hair-mask\/"},"modified":"2024-06-20T16:05:25","modified_gmt":"2024-06-20T16:05:25","slug":"moisture-hair-mask","status":"publish","type":"product","link":"https:\/\/wholesale.md\/ru\/product\/moisture-hair-mask\/","title":{"rendered":"MOISTURE HAIR MASK"},"content":{"rendered":"<p><b>Masc\u0103 de p\u0103r hidratant\u0103 cu trandafir de damasc, SilPLEX\u00ae \u0219i ulei de palmier 500ml<\/b><br \/>\nn<br \/>\nn<b>pH 4,0\u00a0<\/b><br \/>\nn<br \/>\nn<span style=\"font-weight: 400;\">Masc\u0103 pentru p\u0103r, scalp \u0219i corp. Are un puternic efect anti-\u00eemb\u0103tr\u00e2nire \u0219i hidratare. Restabile\u0219te echilibrul hidrolipidic, p\u0103streaz\u0103 umiditatea \u00een p\u0103r. Ofer\u0103 elasticitate, face p\u0103rul mai s\u0103n\u0103tos, m\u0103t\u0103sos, moale \u0219i str\u0103lucitor.<\/span><br \/>\nn<br \/>\nn<b>\u0421\u043f\u043e\u0441\u043e\u0431 \u043f\u0440\u0438\u043c\u0435\u043d\u0435\u043d\u0438\u044f:<\/b><br \/>\nn<\/p>\n<ol>\nn \t<\/p>\n<li><b><\/b> <b>\u00cen calitate de regenerant intensiv al p\u0103rului.<\/b><span style=\"font-weight: 400;\"> Se aplic\u0103 pe p\u0103rul uscat. Se maseaz\u0103 cu aten\u021bie masca \u00een p\u0103r \u00eempotriva cre\u0219terii foliculelor, \u00eencep\u00e2nd de la capete. Se las\u0103 masca timp de 15 minute sub influen\u021ba temperaturii (se folose\u0219te un capac termic special sau se \u00eenc\u0103lze\u0219te p\u0103rul cu un feon). Se cl\u0103te\u0219te cu ap\u0103 \u0219i se spal\u0103 cu \u0219ampon \u0219i balsam. Pentru a \u00eembun\u0103t\u0103\u021bi efectul m\u0103\u0219tii, \u00eenainte de aplicare se adaug\u0103 <\/span><b>COMPLEX<\/b><span style=\"font-weight: 400;\"> pentru p\u0103r (dou\u0103 ap\u0103s\u0103ri) \u0219i <\/span><b>GSP-T CONCENTRATE<\/b><span style=\"font-weight: 400;\"> (1: 1).<\/span><\/li>\n<p>n \t<\/p>\n<li><b> \u00cen calitate de balsam intens<\/b><span style=\"font-weight: 400;\">. Se aplic\u0103 pe p\u0103rul umed sp\u0103lat cu \u0219ampon. Se distribuie pe \u00eentreaga lungime a p\u0103rului, se piept\u0103na sau se aranjeaz\u0103 cu m\u00e2inile timp de 5 minute. Se spal\u0103 cu ap\u0103 rece.<\/span><\/li>\n<p>n<\/ol>\n<p>n&nbsp;<br \/>\nn<br \/>\nn<b>Ingredients : <\/b><span style=\"font-weight: 400;\">AQUA, CETEARYL ALCOHOL, CETRIMONIUM CHLORIDE, GLYCERIN, ELAEIS GUINEENSIS, KERNEL OIL, POLYQUATERNIUM 22, CETEARETH 25, HYDROXYETHYL CELLULOSE, AMODIMETHICONE, TRIDECETH-12, SILICONE QUATERNIUM-20, DIMETHICONE, PROPYLENE GLYCOL, ROSA DAMASCENA FLOWER EXTRACT, DIAZOLOMMUREA, CITRIC ACID, METHYLCHLOROISOTHIAZOLINONE, METHYLISOTHIAZOLINONE, CI 14720, PARFUM, CITRONELLOL, GERANIOL<\/span><\/p>","protected":false},"excerpt":{"rendered":"<p>Masc\u0103 pentru hidratarea p\u0103rului cu trandafir damasc<\/p>","protected":false},"featured_media":19392,"template":"","meta":[],"product_brand":[],"product_cat":[72,1500],"product_tag":[],"class_list":{"0":"post-19390","1":"product","2":"type-product","3":"status-publish","4":"has-post-thumbnail","6":"product_cat-ingrijirea-parului","7":"product_cat-masti-de-par","9":"first","10":"instock","11":"purchasable","12":"product-type-simple"},"jetpack_sharing_enabled":true,"_links":{"self":[{"href":"https:\/\/wholesale.md\/ru\/wp-json\/wp\/v2\/product\/19390","targetHints":{"allow":["GET"]}}],"collection":[{"href":"https:\/\/wholesale.md\/ru\/wp-json\/wp\/v2\/product"}],"about":[{"href":"https:\/\/wholesale.md\/ru\/wp-json\/wp\/v2\/types\/product"}],"version-history":[{"count":0,"href":"https:\/\/wholesale.md\/ru\/wp-json\/wp\/v2\/product\/19390\/revisions"}],"wp:featuredmedia":[{"embeddable":true,"href":"https:\/\/wholesale.md\/ru\/wp-json\/wp\/v2\/media\/19392"}],"wp:attachment":[{"href":"https:\/\/wholesale.md\/ru\/wp-json\/wp\/v2\/media?parent=19390"}],"wp:term":[{"taxonomy":"product_brand","embeddable":true,"href":"https:\/\/wholesale.md\/ru\/wp-json\/wp\/v2\/product_brand?post=19390"},{"taxonomy":"product_cat","embeddable":true,"href":"https:\/\/wholesale.md\/ru\/wp-json\/wp\/v2\/product_cat?post=19390"},{"taxonomy":"product_tag","embeddable":true,"href":"https:\/\/wholesale.md\/ru\/wp-json\/wp\/v2\/product_tag?post=19390"}],"curies":[{"name":"wp","href":"https:\/\/api.w.org\/{rel}","templated":true}]}}