{"id":19381,"date":"2022-01-12T00:00:00","date_gmt":"2022-01-12T00:00:00","guid":{"rendered":"https:\/\/wholesale.md\/index.php\/produs\/lightening-powder\/"},"modified":"2024-06-20T15:46:37","modified_gmt":"2024-06-20T15:46:37","slug":"lightening-powder","status":"publish","type":"product","link":"https:\/\/wholesale.md\/ru\/product\/lightening-powder\/","title":{"rendered":"LIGHTENING POWDER"},"content":{"rendered":"<p><strong>Pudr\u0103 pentru decolorare 500gr<\/strong><\/p>\n<p><span style=\"font-weight: 400;\">O formul\u0103 moale, modern\u0103 care face procedura mai delicat\u0103 \u0219i ofer\u0103 p\u0103rului o str\u0103lucire aparte.\u00a0<\/span><\/p>\n<p><b>Avantaje:<\/b><br \/>\n<b>1. <\/b><b>F\u0103r\u0103 praf.<\/b> Formula se compune din particule mari care protejeaz\u0103 \u00eempotriva form\u0103rii prafului nedorit \u00een timpul lucrului.<br \/>\n<b>2. Formul\u0103 intensiv\u0103 <\/b><span style=\"font-weight: 400;\">\u2013 lumineaz\u0103 p\u00e2n\u0103 la 8 nivele \u2013 se amestec\u0103 u\u0219or, are o consisten\u021b\u0103 moale \u0219i elastic\u0103.<\/span><br \/>\n<b>3. Are bune propriet\u0103\u021bi de condi\u021bionare.<\/b><\/p>\n<p><b>Tehnologie:<\/b><span style=\"font-weight: 400;\"><br \/>\n<\/span><span style=\"font-weight: 400;\">Se aplic\u0103 amestecul pe p\u0103r la raportul recomandat de<\/span><b> 2:1 (2 p\u0103r\u021bi crem\u0103 oxidant (activator crem\u0103) + 1 parte pudr\u0103)<\/b><span style=\"font-weight: 400;\">. Timpul de expunere variaz\u0103 \u00een func\u021bie de gradul dorit de decolorare, de concentra\u021bia oxidantului \u0219i de starea p\u0103rului. Nu dep\u0103\u0219i\u021bi timpul de expunere total\u0103 de <\/span><b>45 minute !!!<\/b><span style=\"font-weight: 400;\"> Pa\u0219ii final dup\u0103 timpul de expunere: cl\u0103ti\u021bi p\u0103rul cu ap\u0103, apoi sp\u0103la\u021bi bine cu \u0219amponul pentru cur\u0103\u021bare intensiv\u0103 <\/span><b>SPA MASTER. <\/b><span style=\"font-weight: 400;\">Pentru efectul maxim, aplica\u021bi Balsam pentru p\u0103r colorat, stabiliz\u00e2nd culoarea. Acest balsam va contribui la consolidarea rezultatului ob\u021binut.<\/span><span style=\"font-weight: 400;\"><\/p>\n<p><\/span><\/p>","protected":false},"excerpt":{"rendered":"<p>Pudr\u0103 pentru decolorare 500gr<\/p>","protected":false},"featured_media":19383,"template":"","meta":[],"product_brand":[],"product_cat":[72,1505],"product_tag":[],"class_list":{"0":"post-19381","1":"product","2":"type-product","3":"status-publish","4":"has-post-thumbnail","6":"product_cat-ingrijirea-parului","7":"product_cat-vopsirea-parului","9":"first","10":"instock","11":"purchasable","12":"product-type-simple"},"jetpack_sharing_enabled":true,"_links":{"self":[{"href":"https:\/\/wholesale.md\/ru\/wp-json\/wp\/v2\/product\/19381","targetHints":{"allow":["GET"]}}],"collection":[{"href":"https:\/\/wholesale.md\/ru\/wp-json\/wp\/v2\/product"}],"about":[{"href":"https:\/\/wholesale.md\/ru\/wp-json\/wp\/v2\/types\/product"}],"version-history":[{"count":0,"href":"https:\/\/wholesale.md\/ru\/wp-json\/wp\/v2\/product\/19381\/revisions"}],"wp:featuredmedia":[{"embeddable":true,"href":"https:\/\/wholesale.md\/ru\/wp-json\/wp\/v2\/media\/19383"}],"wp:attachment":[{"href":"https:\/\/wholesale.md\/ru\/wp-json\/wp\/v2\/media?parent=19381"}],"wp:term":[{"taxonomy":"product_brand","embeddable":true,"href":"https:\/\/wholesale.md\/ru\/wp-json\/wp\/v2\/product_brand?post=19381"},{"taxonomy":"product_cat","embeddable":true,"href":"https:\/\/wholesale.md\/ru\/wp-json\/wp\/v2\/product_cat?post=19381"},{"taxonomy":"product_tag","embeddable":true,"href":"https:\/\/wholesale.md\/ru\/wp-json\/wp\/v2\/product_tag?post=19381"}],"curies":[{"name":"wp","href":"https:\/\/api.w.org\/{rel}","templated":true}]}}