{"id":19378,"date":"2022-01-12T00:00:00","date_gmt":"2022-01-12T00:00:00","guid":{"rendered":"https:\/\/wholesale.md\/index.php\/produs\/intensive-hair-mask\/"},"modified":"2024-12-13T14:39:21","modified_gmt":"2024-12-13T14:39:21","slug":"intensive-hair-mask","status":"publish","type":"product","link":"https:\/\/wholesale.md\/ru\/product\/intensive-hair-mask\/","title":{"rendered":"INTENSIVE HAIR MASK"},"content":{"rendered":"<p><strong>Masc\u0103 intensiv\u0103 pentru p\u0103r colorat 1000ml\u00a0<\/strong><\/p>\n<p>\u00cengrijire intensiv\u0103 pentru p\u0103r colorat \u0219i uscat. Siliconul ad\u0103ugat ofer\u0103 str\u0103lucire, face p\u0103rul m\u0103t\u0103sos \u0219i ofer\u0103 un volum suplimentar. Proteinele din lapte protejeaz\u0103 p\u0103rul de deshidratare \u0219i ajut\u0103 la restabilirea v\u00e2rfurilor uscate. <strong>D-Pantenolul<\/strong>\u00a0face p\u0103rul viu \u0219i moale.<\/p>\n<p><strong>Mod de aplicare:<\/strong><br \/>\nSe aplic\u0103 uniform pe p\u0103rul curat \u0219i umed. Se aplic\u0103 pe toat\u0103 lungimea p\u0103rului, se piept\u0103n\u0103 sau se prelucreaz\u0103 cu m\u00e2inele timp de 5-7 minute. Se sp\u0103la cu ap\u0103 rece.<\/p>","protected":false},"excerpt":{"rendered":"<p>Masc\u0103 pentru \u00eengrijire intensiv\u0103 a p\u0103rului colorat \u0219i uscat<\/p>","protected":false},"featured_media":19380,"template":"","meta":[],"product_brand":[],"product_cat":[72,1500],"product_tag":[],"class_list":{"0":"post-19378","1":"product","2":"type-product","3":"status-publish","4":"has-post-thumbnail","6":"product_cat-ingrijirea-parului","7":"product_cat-masti-de-par","9":"first","10":"instock","11":"purchasable","12":"product-type-simple"},"jetpack_sharing_enabled":true,"_links":{"self":[{"href":"https:\/\/wholesale.md\/ru\/wp-json\/wp\/v2\/product\/19378","targetHints":{"allow":["GET"]}}],"collection":[{"href":"https:\/\/wholesale.md\/ru\/wp-json\/wp\/v2\/product"}],"about":[{"href":"https:\/\/wholesale.md\/ru\/wp-json\/wp\/v2\/types\/product"}],"version-history":[{"count":0,"href":"https:\/\/wholesale.md\/ru\/wp-json\/wp\/v2\/product\/19378\/revisions"}],"wp:featuredmedia":[{"embeddable":true,"href":"https:\/\/wholesale.md\/ru\/wp-json\/wp\/v2\/media\/19380"}],"wp:attachment":[{"href":"https:\/\/wholesale.md\/ru\/wp-json\/wp\/v2\/media?parent=19378"}],"wp:term":[{"taxonomy":"product_brand","embeddable":true,"href":"https:\/\/wholesale.md\/ru\/wp-json\/wp\/v2\/product_brand?post=19378"},{"taxonomy":"product_cat","embeddable":true,"href":"https:\/\/wholesale.md\/ru\/wp-json\/wp\/v2\/product_cat?post=19378"},{"taxonomy":"product_tag","embeddable":true,"href":"https:\/\/wholesale.md\/ru\/wp-json\/wp\/v2\/product_tag?post=19378"}],"curies":[{"name":"wp","href":"https:\/\/api.w.org\/{rel}","templated":true}]}}