{"id":19369,"date":"2022-01-12T00:00:00","date_gmt":"2022-01-12T00:00:00","guid":{"rendered":"https:\/\/wholesale.md\/index.php\/produs\/anti-yellow-silver-effect-shampoo\/"},"modified":"2024-06-20T15:49:17","modified_gmt":"2024-06-20T15:49:17","slug":"anti-yellow-silver-effect-shampoo","status":"publish","type":"product","link":"https:\/\/wholesale.md\/ru\/product\/anti-yellow-silver-effect-shampoo\/","title":{"rendered":"ANTI-YELLOW SILVER EFFECT SHAMPOO"},"content":{"rendered":"<p><b>\u0218ampon Anti-yellow Silver Effect 970ml<\/b><\/p>\n<p><b>pH 5,5<\/b><br \/>\n\u0218ampon pentru men\u021binerea nuan\u021belor reci de blond. Corecteaz\u0103 \u0219i neutralizeaz\u0103 nuan\u021ba galben\u0103 pe p\u0103rul gri \u0219i decolorat, ofer\u0103 o nuan\u021b\u0103 argintie excep\u021bional\u0103. Restaureaz\u0103 structura firului de p\u0103r datorit\u0103 con\u021binutului inovator <b>SilPLEX\u00ae<\/b>\u00a0complex, ceea ce le confer\u0103 o str\u0103lucire de lux.<\/p>\n<p><b>Mod de aplicare:<\/b><br \/>\nSe recomand\u0103 folosirea m\u0103nu\u0219ilor. Spuma\u021bi \u0219amponul \u00een m\u00e2ini \u0219i aplica\u021bi uniform spuma pe p\u0103rul umed. Distribui\u021bi pe toat\u0103 lungimea, concentr\u00e2nduv\u0103 pe zonele galbene ale p\u0103rului \u0219i \u021bine\u021bi timp de 3-5 minute. Cl\u0103ti\u021bi cu mult\u0103 ap\u0103 cald\u0103.<\/p>","protected":false},"excerpt":{"rendered":"<p>\u0218ampon pentru men\u021binerea nuan\u021belor reci de blond<\/p>","protected":false},"featured_media":19371,"template":"","meta":[],"product_brand":[],"product_cat":[72,1496],"product_tag":[],"class_list":{"0":"post-19369","1":"product","2":"type-product","3":"status-publish","4":"has-post-thumbnail","6":"product_cat-ingrijirea-parului","7":"product_cat-sampoane","9":"first","10":"instock","11":"purchasable","12":"product-type-simple"},"jetpack_sharing_enabled":true,"_links":{"self":[{"href":"https:\/\/wholesale.md\/ru\/wp-json\/wp\/v2\/product\/19369","targetHints":{"allow":["GET"]}}],"collection":[{"href":"https:\/\/wholesale.md\/ru\/wp-json\/wp\/v2\/product"}],"about":[{"href":"https:\/\/wholesale.md\/ru\/wp-json\/wp\/v2\/types\/product"}],"version-history":[{"count":0,"href":"https:\/\/wholesale.md\/ru\/wp-json\/wp\/v2\/product\/19369\/revisions"}],"wp:featuredmedia":[{"embeddable":true,"href":"https:\/\/wholesale.md\/ru\/wp-json\/wp\/v2\/media\/19371"}],"wp:attachment":[{"href":"https:\/\/wholesale.md\/ru\/wp-json\/wp\/v2\/media?parent=19369"}],"wp:term":[{"taxonomy":"product_brand","embeddable":true,"href":"https:\/\/wholesale.md\/ru\/wp-json\/wp\/v2\/product_brand?post=19369"},{"taxonomy":"product_cat","embeddable":true,"href":"https:\/\/wholesale.md\/ru\/wp-json\/wp\/v2\/product_cat?post=19369"},{"taxonomy":"product_tag","embeddable":true,"href":"https:\/\/wholesale.md\/ru\/wp-json\/wp\/v2\/product_tag?post=19369"}],"curies":[{"name":"wp","href":"https:\/\/api.w.org\/{rel}","templated":true}]}}