{"id":19366,"date":"2022-01-12T00:00:00","date_gmt":"2022-01-12T00:00:00","guid":{"rendered":"https:\/\/wholesale.md\/index.php\/produs\/laminating-grape-chia-shampoo\/"},"modified":"2024-06-20T15:52:03","modified_gmt":"2024-06-20T15:52:03","slug":"laminating-grape-chia-shampoo","status":"publish","type":"product","link":"https:\/\/wholesale.md\/ru\/product\/laminating-grape-chia-shampoo\/","title":{"rendered":"LAMINATING GRAPE &#038; CHIA SHAMPOO"},"content":{"rendered":"<p><b>\u0218ampon laminant pentru protejarea p\u0103rului cu struguri \u0219i chia 970ml<\/b><\/p>\n<p><b>pH 4,5<\/b><\/p>\n<p><span style=\"font-weight: 400;\">\u0218ampon moale, f\u0103r\u0103 sulfa\u021bi, cremos, pentru cur\u0103\u021barea bl\u00e2nd\u0103 \u0219i protec\u021bia culorii p\u0103rului vopsit \u0219i a celui natural de arsuri, efecte termice, daune chimice \u0219i fizice, datorit\u0103 <\/span><b>GSP-T Complex\u00ae<\/b><span style=\"font-weight: 400;\"> \u0219i <\/span><b>CHIAPROTECT\u00ae<\/b><span style=\"font-weight: 400;\">. Sistemul brevetat <\/span><b>SilPLEX\u00ae<\/b><span style=\"font-weight: 400;\"> elimin\u0103 deteriorarea, fragilitatea \u0219i porozitatea p\u0103rului. Ofer\u0103 efecte antioxidante \u0219i creeaz\u0103 o pelicul\u0103 protectoare pe suprafa\u021ba p\u0103rului. Uleiul de ricin, uleiul de cocos, uleiul de germeni de gr\u00e2u \u0219i proteinele din lapte v\u0103 vor permite s\u0103 completa\u021bi \u0219i s\u0103 restabili\u021bi elasticitatea, densitatea \u0219i s\u0103 oferi\u021bi o str\u0103lucire de lux p\u0103rului. <\/span><span style=\"font-weight: 400;\">Potrivit pentru utilizare zilnic\u0103 \u0219i aplicare pe scalp.\u00a0<\/span><\/p>\n<p><b>\u0421\u043f\u043e\u0441\u043e\u0431 \u043f\u0440\u0438\u043c\u0435\u043d\u0435\u043d\u0438\u044f:<\/b><br \/>\n<b>1. <\/b><b>Sp\u0103lare zilnic\u0103.<\/b><span style=\"font-weight: 400;\"> A se spuma \u0219amponul \u00een m\u00e2ini \u0219i a se aplica pe p\u0103rul umed \u00een zona r\u0103d\u0103cinilor, a se masa scalpul cu mi\u0219c\u0103ri circulare. A se distribui pe toat\u0103 lungimea p\u0103rului cu mi\u0219c\u0103ri de piept\u0103nare \u0219i a se men\u021bine timp de 2 minute. A se sp\u0103la cu ap\u0103 cald\u0103.<\/span><br \/>\n<span style=\"font-weight: 400;\"><strong>2.<\/strong> <\/span><b>Sp\u0103lare terapeutic\u0103. <\/b>A se repeta procedura \u0219i a se men\u021bine spuma timp de 2 minute pe p\u0103r. A se sp\u0103la cu ap\u0103 cald\u0103.\u00a0 <b>A se aplica balsam sau masc\u0103 pentru p\u0103r din seria GRAPE&amp;CHIA PROTECT.<\/b><\/p>","protected":false},"excerpt":{"rendered":"<p>\u0218ampon laminant pentru protejarea p\u0103rului cu struguri \u0219i chia<\/p>","protected":false},"featured_media":19368,"template":"","meta":[],"product_brand":[],"product_cat":[72,1496],"product_tag":[],"class_list":{"0":"post-19366","1":"product","2":"type-product","3":"status-publish","4":"has-post-thumbnail","6":"product_cat-ingrijirea-parului","7":"product_cat-sampoane","9":"first","10":"instock","11":"purchasable","12":"product-type-simple"},"jetpack_sharing_enabled":true,"_links":{"self":[{"href":"https:\/\/wholesale.md\/ru\/wp-json\/wp\/v2\/product\/19366","targetHints":{"allow":["GET"]}}],"collection":[{"href":"https:\/\/wholesale.md\/ru\/wp-json\/wp\/v2\/product"}],"about":[{"href":"https:\/\/wholesale.md\/ru\/wp-json\/wp\/v2\/types\/product"}],"version-history":[{"count":0,"href":"https:\/\/wholesale.md\/ru\/wp-json\/wp\/v2\/product\/19366\/revisions"}],"wp:featuredmedia":[{"embeddable":true,"href":"https:\/\/wholesale.md\/ru\/wp-json\/wp\/v2\/media\/19368"}],"wp:attachment":[{"href":"https:\/\/wholesale.md\/ru\/wp-json\/wp\/v2\/media?parent=19366"}],"wp:term":[{"taxonomy":"product_brand","embeddable":true,"href":"https:\/\/wholesale.md\/ru\/wp-json\/wp\/v2\/product_brand?post=19366"},{"taxonomy":"product_cat","embeddable":true,"href":"https:\/\/wholesale.md\/ru\/wp-json\/wp\/v2\/product_cat?post=19366"},{"taxonomy":"product_tag","embeddable":true,"href":"https:\/\/wholesale.md\/ru\/wp-json\/wp\/v2\/product_tag?post=19366"}],"curies":[{"name":"wp","href":"https:\/\/api.w.org\/{rel}","templated":true}]}}