{"id":19363,"date":"2022-01-12T00:00:00","date_gmt":"2022-01-12T00:00:00","guid":{"rendered":"https:\/\/wholesale.md\/index.php\/produs\/laminating-grape-chia-hair-mask\/"},"modified":"2024-06-20T16:07:42","modified_gmt":"2024-06-20T16:07:42","slug":"laminating-grape-chia-hair-mask","status":"publish","type":"product","link":"https:\/\/wholesale.md\/ru\/product\/laminating-grape-chia-hair-mask\/","title":{"rendered":"LAMINATING GRAPE &#038; CHIA HAIR MASK"},"content":{"rendered":"<p><b>Masc\u0103 de laminare pentru protejarea p\u0103rului cu struguri \u0219i chia\u00a0<\/b><\/p>\n<p><b>pH 3,5<\/b><br \/>\n<span style=\"font-weight: 400;\">Creeaz\u0103 un strat protector pe suprafa\u021ba p\u0103rului pentru o culoare de durat\u0103 a p\u0103rului vopsit \u0219i natural, datorit\u0103 <\/span><b>GSP-T<\/b><span style=\"font-weight: 400;\"> Complex\u00ae \u0219i<\/span><b> CHIAPROTECT\u00ae<\/b><span style=\"font-weight: 400;\">. Sistemul brevetat<\/span><b> SilPLEX\u00ae<\/b><span style=\"font-weight: 400;\"> elimin\u0103 deteriorarea, fragilitatea \u0219i porozitatea p\u0103rului. <\/span><span style=\"font-weight: 400;\">Uleiul de ricin, uleiul de cocos, uleiul de germeni de gr\u00e2u \u0219i proteinele din lapte v\u0103 vor permite s\u0103 completa\u021bi \u0219i s\u0103 restabili\u021bi elasticitatea, densitatea \u0219i s\u0103 oferi\u021bi o str\u0103lucire de lux p\u0103rului<\/span><span style=\"font-weight: 400;\">. Potrivit pentru utilizare zilnic\u0103.\u00a0<\/span><\/p>\n<p><b>Mod de aplicare: <\/b><\/p>\n<p><b>1. <\/b><b>\u00cen calitate de regenerant intensiv al p\u0103rului<\/b><span style=\"font-weight: 400;\">. Se aplic\u0103 pe p\u0103rul uscat. Masca se maseaz\u0103 cu aten\u021bie \u00een sens opus al cre\u0219terii foliculilor, \u00eencep\u00e2nd de la capete. Se las\u0103 masca timp de 15 minute la temperaturi calde (se pune un capac de p\u0103r termic special sau se \u00eenc\u0103lze\u0219te p\u0103rul cu un usc\u0103tor de p\u0103r). Se cl\u0103te\u0219te cu ap\u0103 \u0219i se spal\u0103 cu \u0219ampon \u0219i balsam. Pentru a \u00eembun\u0103t\u0103\u021bi\u00a0 efectul m\u0103\u0219tii, \u00eenainte de aplicare se ad\u0103ug\u0103 <\/span><b>COMPLEX Fluid pentru p\u0103r<\/b><span style=\"font-weight: 400;\"> (dou\u0103 ap\u0103s\u0103ri) \u0219i <\/span><b>GSP-T CONCENTRATE <\/b><span style=\"font-weight: 400;\">(1:1).<\/span><br \/>\n<b>2. \u00cen calitate de balsam intens.<\/b><span style=\"font-weight: 400;\"> Se aplic\u0103 pe p\u0103rul umed sp\u0103lat cu \u0219ampon. Se aplic\u0103 pe \u00eentreaga lungime a p\u0103rului, se piept\u0103n\u0103 sau se prelucreaz\u0103 cu m\u00e2inile timp de 5 minute. Se spal\u0103 cu ap\u0103 rece.<\/span><\/p>","protected":false},"excerpt":{"rendered":"<p>Masc\u0103 pentru protec\u021bia p\u0103rului vopsit \u0219i natural<\/p>","protected":false},"featured_media":19365,"template":"","meta":[],"product_brand":[],"product_cat":[72,1500],"product_tag":[],"class_list":{"0":"post-19363","1":"product","2":"type-product","3":"status-publish","4":"has-post-thumbnail","6":"product_cat-ingrijirea-parului","7":"product_cat-masti-de-par","9":"first","10":"instock","11":"purchasable","12":"product-type-simple"},"jetpack_sharing_enabled":true,"_links":{"self":[{"href":"https:\/\/wholesale.md\/ru\/wp-json\/wp\/v2\/product\/19363","targetHints":{"allow":["GET"]}}],"collection":[{"href":"https:\/\/wholesale.md\/ru\/wp-json\/wp\/v2\/product"}],"about":[{"href":"https:\/\/wholesale.md\/ru\/wp-json\/wp\/v2\/types\/product"}],"version-history":[{"count":0,"href":"https:\/\/wholesale.md\/ru\/wp-json\/wp\/v2\/product\/19363\/revisions"}],"wp:featuredmedia":[{"embeddable":true,"href":"https:\/\/wholesale.md\/ru\/wp-json\/wp\/v2\/media\/19365"}],"wp:attachment":[{"href":"https:\/\/wholesale.md\/ru\/wp-json\/wp\/v2\/media?parent=19363"}],"wp:term":[{"taxonomy":"product_brand","embeddable":true,"href":"https:\/\/wholesale.md\/ru\/wp-json\/wp\/v2\/product_brand?post=19363"},{"taxonomy":"product_cat","embeddable":true,"href":"https:\/\/wholesale.md\/ru\/wp-json\/wp\/v2\/product_cat?post=19363"},{"taxonomy":"product_tag","embeddable":true,"href":"https:\/\/wholesale.md\/ru\/wp-json\/wp\/v2\/product_tag?post=19363"}],"curies":[{"name":"wp","href":"https:\/\/api.w.org\/{rel}","templated":true}]}}