{"id":19360,"date":"2022-01-12T00:00:00","date_gmt":"2022-01-12T00:00:00","guid":{"rendered":"https:\/\/wholesale.md\/index.php\/produs\/laminating-grape-chia-hair-balm\/"},"modified":"2024-06-20T15:47:23","modified_gmt":"2024-06-20T15:47:23","slug":"laminating-grape-chia-hair-balm","status":"publish","type":"product","link":"https:\/\/wholesale.md\/ru\/product\/laminating-grape-chia-hair-balm\/","title":{"rendered":"LAMINATING GRAPE &#038; CHIA HAIR BALM"},"content":{"rendered":"<p><b>Balsam laminant pentru protec\u021bia p\u0103rului cu struguri \u0219i Chia 970ml<\/b><\/p>\n<p><b>pH 3,5\u00a0<\/b><\/p>\n<p><span style=\"font-weight: 400;\">Balsam moale, cremos, protec\u021bia culorii p\u0103rului vopsit \u0219i a celui natural de arsuri, efecte termice, daune chimice \u0219i fizice, datorit\u0103 <\/span><b>GSP-T <\/b><span style=\"font-weight: 400;\">Complex\u00ae \u0219i <\/span><b>CHIAPROTECT\u00ae. <\/b><span style=\"font-weight: 400;\">Sistemul brevetat <\/span><b>SilPLEX\u00ae <\/b><span style=\"font-weight: 400;\">elimin\u0103 deteriorarea, fragilitatea \u0219i porozitatea p\u0103rului. Ofer\u0103 efecte antioxidante \u0219i creeaz\u0103 o pelicul\u0103 protectoare pe suprafa\u021ba p\u0103rului. Uleiul de ricin, uleiul de cocos, uleiul de germeni de gr\u00e2u \u0219i proteinele din lapte v\u0103 vor permite s\u0103 completa\u021bi \u0219i s\u0103 restabili\u021bi elasticitatea, densitatea \u0219i s\u0103 oferi\u021bi o str\u0103lucire de lux p\u0103rului.<\/span><\/p>\n<p><span style=\"font-weight: 400;\">Potrivit pentru utilizarea zilnic\u0103 \u0219i aplicate pe scalp.\u00a0<\/span><\/p>\n<p><b>\u0421\u043f\u043e\u0441\u043e\u0431 \u043f\u0440\u0438\u043c\u0435\u043d\u0435\u043d\u0438\u044f:\u00a0<\/b><\/p>\n<p><span style=\"font-weight: 400;\">A se aplica pe p\u0103rul umed sp\u0103lat cu \u0219ampon. A se distribui pe toat\u0103 lungimea p\u0103rului, a se piept\u0103na sau a se prelucra cu m\u00e2inile timp de 5 minute. A se sp\u0103la cu ap\u0103 rece.<\/span><\/p>","protected":false},"excerpt":{"rendered":"<p>Balsam laminant pentru protec\u021bia p\u0103rului cu struguri \u0219i Chia<\/p>","protected":false},"featured_media":19362,"template":"","meta":[],"product_brand":[],"product_cat":[1497,72],"product_tag":[],"class_list":{"0":"post-19360","1":"product","2":"type-product","3":"status-publish","4":"has-post-thumbnail","6":"product_cat-balsamuri-de-par","7":"product_cat-ingrijirea-parului","9":"first","10":"instock","11":"purchasable","12":"product-type-simple"},"jetpack_sharing_enabled":true,"_links":{"self":[{"href":"https:\/\/wholesale.md\/ru\/wp-json\/wp\/v2\/product\/19360","targetHints":{"allow":["GET"]}}],"collection":[{"href":"https:\/\/wholesale.md\/ru\/wp-json\/wp\/v2\/product"}],"about":[{"href":"https:\/\/wholesale.md\/ru\/wp-json\/wp\/v2\/types\/product"}],"version-history":[{"count":0,"href":"https:\/\/wholesale.md\/ru\/wp-json\/wp\/v2\/product\/19360\/revisions"}],"wp:featuredmedia":[{"embeddable":true,"href":"https:\/\/wholesale.md\/ru\/wp-json\/wp\/v2\/media\/19362"}],"wp:attachment":[{"href":"https:\/\/wholesale.md\/ru\/wp-json\/wp\/v2\/media?parent=19360"}],"wp:term":[{"taxonomy":"product_brand","embeddable":true,"href":"https:\/\/wholesale.md\/ru\/wp-json\/wp\/v2\/product_brand?post=19360"},{"taxonomy":"product_cat","embeddable":true,"href":"https:\/\/wholesale.md\/ru\/wp-json\/wp\/v2\/product_cat?post=19360"},{"taxonomy":"product_tag","embeddable":true,"href":"https:\/\/wholesale.md\/ru\/wp-json\/wp\/v2\/product_tag?post=19360"}],"curies":[{"name":"wp","href":"https:\/\/api.w.org\/{rel}","templated":true}]}}