{"id":19348,"date":"2022-01-12T00:00:00","date_gmt":"2022-01-12T00:00:00","guid":{"rendered":"https:\/\/wholesale.md\/index.php\/produs\/extra-dry-11-oils-arganic\/"},"modified":"2024-06-20T16:02:41","modified_gmt":"2024-06-20T16:02:41","slug":"extra-dry-11-oils-arganic","status":"publish","type":"product","link":"https:\/\/wholesale.md\/ru\/product\/extra-dry-11-oils-arganic\/","title":{"rendered":"EXTRA DRY 11 OILS ARGANIC"},"content":{"rendered":"<p><b>Ser pentru regenerarea p\u0103rului \u0219i a pielii \u201c11 OILS\u201d 135ml<\/b><\/p>\n<p><span style=\"font-weight: 400;\">Un amestec puternic de 11 uleiuri pentru restaurarea profund\u0103, hidratarea, netezirea \u0219i hr\u0103nirea p\u0103rului \u0219i a pielii. Pentru p\u0103r foarte uscat, deteriorat \u0219i poros. Amestec de uleiuri de: \u0219ofran, argan, migdale dulci, avocado, jojoba, ricin, in, c\u0103tin\u0103, baobab, m\u0103sline \u0219i ulei de germeni de gr\u00e2u. Elimin\u0103 daunele, fragilitatea \u0219i porozitatea. Ofer\u0103 str\u0103lucire de lux, elasticitate \u0219i face p\u0103rul m\u0103t\u0103sos.<\/span><\/p>\n<p><b>Mod de aplicare: <\/b><\/p>\n<p><b>1. <\/b><b>Ca solu\u021bie de \u00eengrijire \u0219i protec\u021bie a p\u0103rului ce nu necesit\u0103 cl\u0103tire.<\/b> Se emulsioneaz\u0103 o cantitate mic\u0103 de ser \u00een m\u00e2ini. Se aplic\u0103 pe p\u0103rul umed, se distribuie cu aten\u021bie pe toat\u0103 lungimea, \u00eencep\u00e2nd de la capete. Se continu\u0103 cu coafarea.<br \/>\n<strong>2. <\/strong><b>Ca o not\u0103 final\u0103.<\/b> Se emulsioneaz\u0103 o cantitate mic\u0103 de ser \u00een m\u00e2ini \u0219i se \u00eenc\u0103lze\u0219te. Se aplic\u0103 pe p\u0103r, \u0219i se prelucreaz\u0103 bine pe toat\u0103 lungimea, \u00eencep\u00e2nd de la capete.<\/p>","protected":false},"excerpt":{"rendered":"<p>Ser pentru regenerarea p\u0103rului \u0219i a pielii<\/p>","protected":false},"featured_media":19350,"template":"","meta":[],"product_brand":[],"product_cat":[72,1498],"product_tag":[],"class_list":{"0":"post-19348","1":"product","2":"type-product","3":"status-publish","4":"has-post-thumbnail","6":"product_cat-ingrijirea-parului","7":"product_cat-ulei-si-vitamine","9":"first","10":"instock","11":"purchasable","12":"product-type-simple"},"jetpack_sharing_enabled":true,"_links":{"self":[{"href":"https:\/\/wholesale.md\/ru\/wp-json\/wp\/v2\/product\/19348","targetHints":{"allow":["GET"]}}],"collection":[{"href":"https:\/\/wholesale.md\/ru\/wp-json\/wp\/v2\/product"}],"about":[{"href":"https:\/\/wholesale.md\/ru\/wp-json\/wp\/v2\/types\/product"}],"version-history":[{"count":0,"href":"https:\/\/wholesale.md\/ru\/wp-json\/wp\/v2\/product\/19348\/revisions"}],"wp:featuredmedia":[{"embeddable":true,"href":"https:\/\/wholesale.md\/ru\/wp-json\/wp\/v2\/media\/19350"}],"wp:attachment":[{"href":"https:\/\/wholesale.md\/ru\/wp-json\/wp\/v2\/media?parent=19348"}],"wp:term":[{"taxonomy":"product_brand","embeddable":true,"href":"https:\/\/wholesale.md\/ru\/wp-json\/wp\/v2\/product_brand?post=19348"},{"taxonomy":"product_cat","embeddable":true,"href":"https:\/\/wholesale.md\/ru\/wp-json\/wp\/v2\/product_cat?post=19348"},{"taxonomy":"product_tag","embeddable":true,"href":"https:\/\/wholesale.md\/ru\/wp-json\/wp\/v2\/product_tag?post=19348"}],"curies":[{"name":"wp","href":"https:\/\/api.w.org\/{rel}","templated":true}]}}