{"id":19342,"date":"2022-01-12T00:00:00","date_gmt":"2022-01-12T00:00:00","guid":{"rendered":"https:\/\/wholesale.md\/index.php\/produs\/scalp-hair-mask\/"},"modified":"2024-06-20T15:44:43","modified_gmt":"2024-06-20T15:44:43","slug":"bio-botanical-scalp-hair-mask","status":"publish","type":"product","link":"https:\/\/wholesale.md\/ru\/product\/bio-botanical-scalp-hair-mask\/","title":{"rendered":"BIO-BOTANICAL SCALP &#038; HAIR MASK"},"content":{"rendered":"<p>Masc\u0103 pentru scalp \u0219i p\u0103r 330 ml<\/p>\n<p>pH 4,5<\/p>\n<p>Masc\u0103 pentru \u00eengrijirea scalpului \u0219i p\u0103rului cu probleme. F\u0103r\u0103 parabeni \u0219i iritan\u021bi. Regenereaz\u0103 pielea datorit\u0103 bisabololului, mu\u0219e\u021belului medicinal \u0219i uleiului de eucalipt, pantenolului \u0219i alantoinei. Restabile\u0219te echilibrul hidro-lipidic \u0219i regleaz\u0103 secre\u021bia pielii folosind urzic\u0103, ricin \u0219i ulei de cocos. Arborele de ceai ofer\u0103 m\u0103\u0219tii efecte antiinflamatorii \u0219i antiseptice. Promoveaz\u0103 cre\u0219terea p\u0103rului \u0219i previne m\u0103trea\u021ba. SilPLEX\u00ae \u00een masc\u0103 favorizeaz\u0103 p\u0103trunderea \u0219i re\u021binerea compozi\u021biei active \u00een structura p\u0103rului \u0219i a scalpului. Potrivit pentru utilizare zilnic\u0103 \u0219i aplicare pe scalp. Conceput special pentru utilizare pe p\u0103rul natural \u0219i vopsit.<\/p>","protected":false},"excerpt":{"rendered":"<p>Masc\u0103 pentru scalp \u0219i p\u0103r 330 ml<\/p>","protected":false},"featured_media":19344,"template":"","meta":[],"product_brand":[],"product_cat":[72,1500],"product_tag":[],"class_list":{"0":"post-19342","1":"product","2":"type-product","3":"status-publish","4":"has-post-thumbnail","6":"product_cat-ingrijirea-parului","7":"product_cat-masti-de-par","9":"first","10":"instock","11":"purchasable","12":"product-type-simple"},"jetpack_sharing_enabled":true,"_links":{"self":[{"href":"https:\/\/wholesale.md\/ru\/wp-json\/wp\/v2\/product\/19342","targetHints":{"allow":["GET"]}}],"collection":[{"href":"https:\/\/wholesale.md\/ru\/wp-json\/wp\/v2\/product"}],"about":[{"href":"https:\/\/wholesale.md\/ru\/wp-json\/wp\/v2\/types\/product"}],"version-history":[{"count":0,"href":"https:\/\/wholesale.md\/ru\/wp-json\/wp\/v2\/product\/19342\/revisions"}],"wp:featuredmedia":[{"embeddable":true,"href":"https:\/\/wholesale.md\/ru\/wp-json\/wp\/v2\/media\/19344"}],"wp:attachment":[{"href":"https:\/\/wholesale.md\/ru\/wp-json\/wp\/v2\/media?parent=19342"}],"wp:term":[{"taxonomy":"product_brand","embeddable":true,"href":"https:\/\/wholesale.md\/ru\/wp-json\/wp\/v2\/product_brand?post=19342"},{"taxonomy":"product_cat","embeddable":true,"href":"https:\/\/wholesale.md\/ru\/wp-json\/wp\/v2\/product_cat?post=19342"},{"taxonomy":"product_tag","embeddable":true,"href":"https:\/\/wholesale.md\/ru\/wp-json\/wp\/v2\/product_tag?post=19342"}],"curies":[{"name":"wp","href":"https:\/\/api.w.org\/{rel}","templated":true}]}}