{"id":19327,"date":"2022-01-12T00:00:00","date_gmt":"2022-01-12T00:00:00","guid":{"rendered":"https:\/\/wholesale.md\/index.php\/produs\/lifting-collagen-multi-hair-spray\/"},"modified":"2024-06-20T16:02:32","modified_gmt":"2024-06-20T16:02:32","slug":"lifting-collagen-multi-hair-spray","status":"publish","type":"product","link":"https:\/\/wholesale.md\/ru\/product\/lifting-collagen-multi-hair-spray\/","title":{"rendered":"LIFTING COLLAGEN MULTI-HAIR SPRAY"},"content":{"rendered":"<p><b>Spray-serum \u00een 2 faze pentru volum cu collagen 350ml<\/b><\/p>\n<p><span style=\"font-weight: 400;\">Are o ac\u021biune multifunc\u021bional\u0103 pentru p\u0103rul uscat, foarte deteriorat, ondulat, decolorat \u0219i ondulat chimic. Structureaz\u0103 ondularea \u0219i elimin\u0103 porozitatea, hidrateaz\u0103 f\u0103c\u00e2nd p\u0103rul neted \u0219i elastic, descurc\u0103 chiar \u0219i p\u0103rul cel mai \u00eenc\u00e2lcit.<\/span><\/p>\n<p><b>Mod de aplicare:<\/b><\/p>\n<p><strong>1<\/strong><b>. Se agit\u0103 \u00eenainte de aplicare.<\/b><span style=\"font-weight: 400;\"> Se aplic\u0103 pe p\u0103rul umed \u0219i se distribuie pe toat\u0103 lungimea lui. Se piept\u0103n\u0103 sau se prelucreaz\u0103 cu m\u00e2inile, dup\u0103 care se \u00eencepe aranjarea p\u0103rului.<\/span><\/p>\n<p><span style=\"font-weight: 400;\"><strong>2.<\/strong> <\/span><b>Ca spray pentru str\u0103lucirea p\u0103rului \u0219i eliminarea staticii. <\/b><span style=\"font-weight: 400;\">Se aplic\u0103 o cantitate mic\u0103 pe p\u0103rul uscat. Este potrivit pentru aplicarea pe parcursul zilei.\u00a0<\/span><\/p>","protected":false},"excerpt":{"rendered":"<p>Spray multifunc\u021bional pentru p\u0103rul uscat, deteriorat \u0219i ondulat chimic<\/p>","protected":false},"featured_media":19329,"template":"","meta":[],"product_brand":[],"product_cat":[72,1499],"product_tag":[],"class_list":{"0":"post-19327","1":"product","2":"type-product","3":"status-publish","4":"has-post-thumbnail","6":"product_cat-ingrijirea-parului","7":"product_cat-styling","9":"first","10":"instock","11":"purchasable","12":"product-type-simple"},"jetpack_sharing_enabled":true,"_links":{"self":[{"href":"https:\/\/wholesale.md\/ru\/wp-json\/wp\/v2\/product\/19327","targetHints":{"allow":["GET"]}}],"collection":[{"href":"https:\/\/wholesale.md\/ru\/wp-json\/wp\/v2\/product"}],"about":[{"href":"https:\/\/wholesale.md\/ru\/wp-json\/wp\/v2\/types\/product"}],"version-history":[{"count":0,"href":"https:\/\/wholesale.md\/ru\/wp-json\/wp\/v2\/product\/19327\/revisions"}],"wp:featuredmedia":[{"embeddable":true,"href":"https:\/\/wholesale.md\/ru\/wp-json\/wp\/v2\/media\/19329"}],"wp:attachment":[{"href":"https:\/\/wholesale.md\/ru\/wp-json\/wp\/v2\/media?parent=19327"}],"wp:term":[{"taxonomy":"product_brand","embeddable":true,"href":"https:\/\/wholesale.md\/ru\/wp-json\/wp\/v2\/product_brand?post=19327"},{"taxonomy":"product_cat","embeddable":true,"href":"https:\/\/wholesale.md\/ru\/wp-json\/wp\/v2\/product_cat?post=19327"},{"taxonomy":"product_tag","embeddable":true,"href":"https:\/\/wholesale.md\/ru\/wp-json\/wp\/v2\/product_tag?post=19327"}],"curies":[{"name":"wp","href":"https:\/\/api.w.org\/{rel}","templated":true}]}}